{"id":14190,"date":"2020-04-20T04:31:48","date_gmt":"2020-04-20T01:31:48","guid":{"rendered":"https:\/\/www.jessanofis.com.tr\/vizyon-ve-misyonumuz\/"},"modified":"2024-01-26T07:25:47","modified_gmt":"2024-01-26T04:25:47","slug":"%d8%b1%d8%a4%d9%8a%d8%aa%d9%86%d8%a7-%d9%88-%d9%85%d9%87%d9%85%d8%aa%d9%86%d8%a7","status":"publish","type":"page","link":"https:\/\/www.jessanofis.com.tr\/ar\/%d8%b1%d8%a4%d9%8a%d8%aa%d9%86%d8%a7-%d9%88-%d9%85%d9%87%d9%85%d8%aa%d9%86%d8%a7\/","title":{"rendered":"\u0631\u0624\u064a\u062a\u0646\u0627 \u0648 \u0645\u0647\u0645\u062a\u0646\u0627"},"content":{"rendered":"<h3><strong>\u0645\u0647\u0645\u062a\u0646\u0627:<\/strong><\/h3>\n<ul>\n<li style=\"text-align: justify;\"><img fetchpriority=\"high\" decoding=\"async\" class=\"alignright wp-image-283 size-medium\" src=\"https:\/\/www.jessanofis.com.tr\/wp-content\/uploads\/2020\/04\/vizyonumunz-300x300.jpg\" alt=\"\" width=\"300\" height=\"300\" srcset=\"https:\/\/www.jessanofis.com.tr\/wp-content\/uploads\/2020\/04\/vizyonumunz-300x300.jpg 300w, https:\/\/www.jessanofis.com.tr\/wp-content\/uploads\/2020\/04\/vizyonumunz-387x387.jpg 387w, https:\/\/www.jessanofis.com.tr\/wp-content\/uploads\/2020\/04\/vizyonumunz-100x100.jpg 100w, https:\/\/www.jessanofis.com.tr\/wp-content\/uploads\/2020\/04\/vizyonumunz-600x600.jpg 600w, https:\/\/www.jessanofis.com.tr\/wp-content\/uploads\/2020\/04\/vizyonumunz-150x150.jpg 150w, https:\/\/www.jessanofis.com.tr\/wp-content\/uploads\/2020\/04\/vizyonumunz.jpg 689w\" sizes=\"(max-width: 300px) 100vw, 300px\" \/><\/li>\n<li>\u0645\u0642\u0648\u0645\u0627\u062a \u0627\u0644\u0639\u0645\u0644 \u0644\u062f\u064a\u0646\u0627: \u0627\u0644\u0627\u0646\u0636\u0628\u0627\u0637 \u0641\u064a \u0627\u0644\u0639\u0645\u0644\u060c \u062f\u0642\u0629 \u0627\u0644\u062a\u0646\u0641\u064a\u0630 \u0648\u062a\u0642\u062f\u064a\u0645 \u062d\u0644\u0648\u0644 \u0625\u0628\u062f\u0627\u0639\u064a\u0629 \u0645\u0646 \u062e\u0644\u0627\u0644 \u0627\u0644\u062a\u062c\u062f\u064a\u062f \u0627\u0644\u0645\u0633\u062a\u0645\u0631.<\/li>\n<li>\u0627\u0644\u0639\u0645\u0644 \u062f\u0627\u0626\u0645\u0627 \u0639\u0644\u0649 \u062a\u062d\u0642\u064a\u0642 \u0627\u0644\u0623\u0641\u0636\u0644 \u0648\u0627\u0644\u0623\u0639\u0644\u0649 \u062c\u0648\u062f\u0629 \u0641\u064a\u0645\u0627 \u064a\u062a\u0639\u0644\u0642 \u0628\u0631\u0636\u0649 \u0627\u0644\u0639\u0645\u0644\u0627\u0621.<\/li>\n<li>\u0646\u0633\u062a\u0645\u062f \u0642\u0648\u062a\u0646\u0627 \u0645\u0646 \u062c\u0648\u062f\u0629 \u0627\u0644\u062e\u062f\u0645\u0627\u062a \u0627\u0644\u062a\u064a \u0646\u0642\u062f\u0645\u0647\u0627 \u0641\u064a \u0628\u0644\u062f\u0646\u0627\u060c \u0644\u0646\u0643\u0648\u0646 \u0627\u0644\u0634\u0631\u0643\u0629 \u0627\u0644\u0631\u0627\u0626\u062f\u0629 \u0641\u064a \u0627\u0644\u0642\u0637\u0627\u0639 \u0648\u0627\u0644\u0645\u0641\u0636\u0644\u0629 \u0645\u0646 \u0642\u0628\u0644 \u0627\u0644\u0639\u0645\u0644\u0627\u0621.<\/li>\n<li>\u062a\u062d\u062f\u064a\u062f \u0627\u0644\u062e\u062f\u0645\u0629 \u0648\u0627\u0644\u062c\u0648\u062f\u0629 \u0648\u0627\u0644\u0642\u062f\u0631\u0629 \u0639\u0644\u0649 \u0632\u064a\u0627\u062f\u062a\u0647\u0627 \u064a\u0648\u0645\u064b\u0627 \u0628\u0639\u062f \u064a\u0648\u0645 \u0643\u0647\u062f\u0641 \u0631\u0626\u064a\u0633\u064a.<\/li>\n<li>\u0628\u0646\u0627\u0621 \u0647\u0648\u064a\u0629 \u0645\u062a\u0643\u0627\u0645\u0644\u0629 \u0645\u0646 \u062e\u0644\u0627\u0644 \u0627\u0644\u062a\u0643\u0627\u0645\u0644 \u0645\u0639 \u0631\u0648\u0627\u062f \u0627\u0644\u0623\u0639\u0645\u0627\u0644\u060c \u0648\u0627\u0644\u0625\u062f\u0627\u0631\u0629\u060c \u0648\u0627\u0644\u0645\u0648\u0638\u0641\u064a\u0646\u060c \u0648\u0627\u0644\u0639\u0645\u0644\u0627\u0621\u060c \u0648\u0623\u0635\u062d\u0627\u0628 \u0627\u0644\u0645\u0635\u0644\u062d\u0629 \u0627\u0644\u0627\u062c\u062a\u0645\u0627\u0639\u064a\u064a\u0646\u060c \u0648\u0627\u0644\u0639\u064a\u0634 \u0628\u0647\u0627 \u0648\u0646\u0642\u0644\u0647\u0627.<\/li>\n<li>\u0646\u062d\u0646 \u0646\u0631\u0643\u0632 \u0639\u0644\u0649 \u0645\u062a\u0627\u0628\u0639\u0629 \u0627\u0644\u062a\u0637\u0648\u0631\u0627\u062a \u0627\u0644\u0639\u0627\u0644\u0645\u064a\u0629 \u0639\u0646 \u0643\u062b\u0628\u060c \u0648\u0646\u0639\u0637\u064a \u0623\u0647\u0645\u064a\u0629 \u0643\u0628\u064a\u0631\u0629 \u0644\u0623\u0628\u062d\u0627\u062b \u0648\u062a\u0637\u0648\u064a\u0631 \u0627\u0644\u062a\u0643\u0646\u0648\u0644\u0648\u062c\u064a\u0627 (Ar-Ge)\u060c \u0648\u0646\u0642\u062f\u0645 \u062a\u0644\u0643 \u0627\u0644\u062e\u0628\u0631\u0629 \u0627\u0644\u062a\u064a \u062a\u0645 \u0627\u0643\u062a\u0633\u0627\u0628\u0647\u0627 \u0645\u0646 \u0647\u0630\u0647 \u0627\u0644\u0623\u0628\u062d\u0627\u062b \u0644\u0639\u0645\u0644\u0627\u0626\u0646\u0627 \u0648\u0641\u0642\u0627\u064b \u0644\u0645\u0639\u0627\u064a\u064a\u0631 \u0627\u0644\u062d\u062f\u0627\u062b\u0629 \u0648\u0627\u0644\u062a\u0643\u0646\u0648\u0644\u0648\u062c\u064a\u0627.<\/li>\n<\/ul>\n<h3><strong>\u0631\u0624\u064a\u062a\u0646\u0627:<\/strong><\/h3>\n<p>\u062a\u062a\u0645\u062b\u0644 \u0631\u0624\u064a\u062a\u0646\u0627 \u0641\u064a \u0623\u0646 \u0646\u0643\u0648\u0646 \u0631\u0627\u0626\u062f\u064a\u0646 \u0641\u064a \u062a\u0631\u0643\u064a\u0627 \u0645\u0646 \u062e\u0644\u0627\u0644 \u0645\u062a\u0627\u0628\u0639\u0629 \u062a\u0637\u0648\u0631\u0627\u062a \u0627\u0644\u062a\u0643\u0646\u0648\u0644\u0648\u062c\u064a\u0627 \u0648\u062a\u0642\u062f\u064a\u0645 \u0645\u0646\u062a\u062c\u0627\u062a\u0646\u0627 \u0627\u0644\u0645\u0628\u062a\u0643\u0631\u0629 \u0627\u0644\u0645\u0635\u0646\u0648\u0639\u0629 \u0628\u0623\u062d\u062f\u062b \u0627\u0644\u062a\u0642\u0646\u064a\u0627\u062a \u0625\u0644\u0649 \u0639\u0645\u0644\u0627\u0626\u0646\u0627. <em>\u0646\u062d\u0646 \u0646\u0633\u0639\u0649 \u0644\u062a\u0642\u062f\u064a\u0645 \u0627\u0644\u062e\u0628\u0631\u0629 \u0627\u0644\u062a\u064a \u0627\u0643\u062a\u0633\u0628\u0646\u0627\u0647\u0627 \u0645\u0646 \u062e\u0644\u0627\u0644 \u0627\u0644\u062f\u0648\u0631 \u0627\u0644\u0631\u0627\u0626\u062f \u0627\u0644\u0630\u064a \u0646\u0644\u0639\u0628\u0647 \u0641\u064a \u0642\u0637\u0627\u0639 \u0627\u0644\u0635\u0644\u0628 \u0648\u062e\u062f\u0645\u062a\u0646\u0627 \u0627\u0644\u0648\u062f\u0648\u062f\u0629 \u0648\u0627\u0644\u0645\u062d\u0648\u0631\u0629 \u062d\u0648\u0644 \u0627\u0644\u0639\u0645\u0644\u0627\u0621 \u0628\u0643\u0627\u0645\u0644 \u062c\u0648\u062f\u062a\u0647\u0627 \u0648\u062a\u0648\u062c\u064a\u0647\u0647\u0627 \u0646\u062d\u0648 \u0627\u0644\u0639\u0645\u0644\u0627\u0621.<\/em><\/p>\n<p><strong>\u0644\u062a\u062d\u0642\u064a\u0642 \u0647\u0630\u0647 \u0627\u0644\u0645\u0647\u0645\u0629 \u0623\u0647\u062f\u0627\u0641\u0646\u0627 \u0647\u064a:<\/strong><\/p>\n<p>\u062a\u062d\u0642\u064a\u0642 \u0645\u0639\u0627\u064a\u064a\u0631 \u062a\u0646\u0627\u0641\u0633\u064a\u0629 \u0639\u0627\u0644\u0645\u064a\u0629 (\u062e\u062f\u0645\u0627\u062a\u060c \u062c\u0648\u062f\u0629 \u0627\u0644\u0645\u0646\u062a\u062c) \u0641\u064a \u0625\u0637\u0627\u0631 \u0645\u0628\u0627\u062f\u0626 <em>\u0627\u0644\u0631\u0628\u062d\u064a\u0629 \u0648\u0627\u0644\u0643\u0641\u0627\u0621\u0629 \u0648\u0627\u0644\u0641\u0639\u0627\u0644\u064a\u0629<\/em>\u060c \u0648\u0627\u0644\u062d\u0641\u0627\u0638 \u0639\u0644\u0649 \u0625\u062f\u0627\u0631\u0629 \u0645\u0633\u062a\u062f\u0627\u0645\u0629 \u0648\u0641\u0639\u0627\u0644\u0629 \u0644\u0644\u0645\u0648\u0627\u0631\u062f \u0645\u0646 \u062e\u0644\u0627\u0644 \u0645\u0648\u0627\u0635\u0644\u0629 \u0623\u0646\u0634\u0637\u0629 \u0627\u0644\u062a\u062d\u0633\u064a\u0646 \u0627\u0644\u0645\u0633\u062a\u0645\u0631\u060c \u0648\u062a\u062d\u062f\u064a\u062f \u0648\u062a\u0646\u0641\u064a\u0630 \u0627\u0633\u062a\u0631\u0627\u062a\u064a\u062c\u064a\u0627\u062a \u0648\u0633\u064a\u0627\u0633\u0627\u062a \u062a\u0633\u0648\u064a\u0642 \u0645\u062a\u0648\u0627\u0641\u0642\u0629 \u0645\u0639 \u0628\u0646\u064a\u0629 \u0627\u0644\u0625\u0646\u062a\u0627\u062c \u0639\u0644\u0649 \u0627\u0644\u0635\u0639\u064a\u062f\u064a\u0646 \u0627\u0644\u0645\u062d\u0644\u064a \u0648\u0627\u0644\u062f\u0648\u0644\u064a.<\/p>\n<p>\u0646\u062d\u0646 \u0646\u0633\u0639\u0649 \u0644\u0623\u0646 \u0646\u0643\u0648\u0646 \u0634\u0631\u0643\u0629 \u0642\u0627\u062f\u0631\u0629 \u0639\u0644\u0649 \u0642\u064a\u0627\u0633 \u0646\u062c\u0627\u062d\u0647\u0627 \u0645\u0646 \u062e\u0644\u0627\u0644 \u0631\u0636\u0627 \u0627\u0644\u0639\u0645\u0644\u0627\u0621\u060c \u0648\u0642\u0627\u062f\u0631\u0629 \u0639\u0644\u0649 \u062a\u0642\u062f\u064a\u0645 \u062d\u0644\u0648\u0644 \u0633\u0631\u064a\u0639\u0629 \u0648\u0641\u0639\u0627\u0644\u0629 \u0648\u0639\u0627\u0644\u064a\u0629 \u0627\u0644\u062c\u0648\u062f\u0629 \u0644\u0627\u062d\u062a\u064a\u0627\u062c\u0627\u062a \u0627\u0644\u0639\u0645\u0644\u0627\u0621.<\/p>\n","protected":false},"excerpt":{"rendered":"<p>\u0645\u0647\u0645\u062a\u0646\u0627: \u0645\u0642\u0648\u0645\u0627\u062a \u0627\u0644\u0639\u0645\u0644 \u0644\u062f\u064a\u0646\u0627: \u0627\u0644\u0627\u0646\u0636\u0628\u0627\u0637 \u0641\u064a \u0627\u0644\u0639\u0645\u0644\u060c \u062f\u0642\u0629 \u0627\u0644\u062a\u0646\u0641\u064a\u0630 \u0648\u062a\u0642\u062f\u064a\u0645 \u062d\u0644\u0648\u0644 \u0625\u0628\u062f\u0627\u0639\u064a\u0629 \u0645\u0646 \u062e\u0644\u0627\u0644 \u0627\u0644\u062a\u062c\u062f\u064a\u062f \u0627\u0644\u0645\u0633\u062a\u0645\u0631. \u0627\u0644\u0639\u0645\u0644 \u062f\u0627\u0626\u0645\u0627 \u0639\u0644\u0649 \u062a\u062d\u0642\u064a\u0642 \u0627\u0644\u0623\u0641\u0636\u0644 \u0648\u0627\u0644\u0623\u0639\u0644\u0649 \u062c\u0648\u062f\u0629 \u0641\u064a\u0645\u0627 \u064a\u062a\u0639\u0644\u0642 \u0628\u0631\u0636\u0649 \u0627\u0644\u0639\u0645\u0644\u0627\u0621. \u0646\u0633\u062a\u0645\u062f \u0642\u0648\u062a\u0646\u0627 \u0645\u0646 \u062c\u0648\u062f\u0629 \u0627\u0644\u062e\u062f\u0645\u0627\u062a \u0627\u0644\u062a\u064a \u0646\u0642\u062f\u0645\u0647\u0627 \u0641\u064a \u0628\u0644\u062f\u0646\u0627\u060c \u0644\u0646\u0643\u0648\u0646 \u0627\u0644\u0634\u0631\u0643\u0629 \u0627\u0644\u0631\u0627\u0626\u062f\u0629 \u0641\u064a \u0627\u0644\u0642\u0637\u0627\u0639 \u0648\u0627\u0644\u0645\u0641\u0636\u0644\u0629 \u0645\u0646 \u0642\u0628\u0644 \u0627\u0644\u0639\u0645\u0644\u0627\u0621. \u062a\u062d\u062f\u064a\u062f \u0627\u0644\u062e\u062f\u0645\u0629 \u0648\u0627\u0644\u062c\u0648\u062f\u0629 \u0648\u0627\u0644\u0642\u062f\u0631\u0629 \u0639\u0644\u0649 \u0632\u064a\u0627\u062f\u062a\u0647\u0627 \u064a\u0648\u0645\u064b\u0627 \u0628\u0639\u062f \u064a\u0648\u0645 \u0643\u0647\u062f\u0641 [&hellip;]<\/p>\n","protected":false},"author":1,"featured_media":0,"parent":0,"menu_order":0,"comment_status":"closed","ping_status":"closed","template":"","meta":{"footnotes":""},"class_list":["post-14190","page","type-page","status-publish","hentry"],"yoast_head":"<!-- This site is optimized with the Yoast SEO Premium plugin v26.5 (Yoast SEO v26.5) - https:\/\/yoast.com\/wordpress\/plugins\/seo\/ -->\n<title>\u0631\u0624\u064a\u062a\u0646\u0627 \u0648 \u0645\u0647\u0645\u062a\u0646\u0627 - Jessan Ofis ve B\u00fcro Mobilyalar\u0131<\/title>\n<meta name=\"robots\" content=\"index, follow, max-snippet:-1, max-image-preview:large, max-video-preview:-1\" \/>\n<link rel=\"canonical\" href=\"https:\/\/www.jessanofis.com.tr\/ar\/%d8%b1%d8%a4%d9%8a%d8%aa%d9%86%d8%a7-%d9%88-%d9%85%d9%87%d9%85%d8%aa%d9%86%d8%a7\/\" \/>\n<meta property=\"og:locale\" content=\"ar_AR\" \/>\n<meta property=\"og:type\" content=\"article\" \/>\n<meta property=\"og:title\" content=\"\u0631\u0624\u064a\u062a\u0646\u0627 \u0648 \u0645\u0647\u0645\u062a\u0646\u0627\" \/>\n<meta property=\"og:description\" content=\"\u0645\u0647\u0645\u062a\u0646\u0627: \u0645\u0642\u0648\u0645\u0627\u062a \u0627\u0644\u0639\u0645\u0644 \u0644\u062f\u064a\u0646\u0627: \u0627\u0644\u0627\u0646\u0636\u0628\u0627\u0637 \u0641\u064a \u0627\u0644\u0639\u0645\u0644\u060c \u062f\u0642\u0629 \u0627\u0644\u062a\u0646\u0641\u064a\u0630 \u0648\u062a\u0642\u062f\u064a\u0645 \u062d\u0644\u0648\u0644 \u0625\u0628\u062f\u0627\u0639\u064a\u0629 \u0645\u0646 \u062e\u0644\u0627\u0644 \u0627\u0644\u062a\u062c\u062f\u064a\u062f \u0627\u0644\u0645\u0633\u062a\u0645\u0631. \u0627\u0644\u0639\u0645\u0644 \u062f\u0627\u0626\u0645\u0627 \u0639\u0644\u0649 \u062a\u062d\u0642\u064a\u0642 \u0627\u0644\u0623\u0641\u0636\u0644 \u0648\u0627\u0644\u0623\u0639\u0644\u0649 \u062c\u0648\u062f\u0629 \u0641\u064a\u0645\u0627 \u064a\u062a\u0639\u0644\u0642 \u0628\u0631\u0636\u0649 \u0627\u0644\u0639\u0645\u0644\u0627\u0621. \u0646\u0633\u062a\u0645\u062f \u0642\u0648\u062a\u0646\u0627 \u0645\u0646 \u062c\u0648\u062f\u0629 \u0627\u0644\u062e\u062f\u0645\u0627\u062a \u0627\u0644\u062a\u064a \u0646\u0642\u062f\u0645\u0647\u0627 \u0641\u064a \u0628\u0644\u062f\u0646\u0627\u060c \u0644\u0646\u0643\u0648\u0646 \u0627\u0644\u0634\u0631\u0643\u0629 \u0627\u0644\u0631\u0627\u0626\u062f\u0629 \u0641\u064a \u0627\u0644\u0642\u0637\u0627\u0639 \u0648\u0627\u0644\u0645\u0641\u0636\u0644\u0629 \u0645\u0646 \u0642\u0628\u0644 \u0627\u0644\u0639\u0645\u0644\u0627\u0621. \u062a\u062d\u062f\u064a\u062f \u0627\u0644\u062e\u062f\u0645\u0629 \u0648\u0627\u0644\u062c\u0648\u062f\u0629 \u0648\u0627\u0644\u0642\u062f\u0631\u0629 \u0639\u0644\u0649 \u0632\u064a\u0627\u062f\u062a\u0647\u0627 \u064a\u0648\u0645\u064b\u0627 \u0628\u0639\u062f \u064a\u0648\u0645 \u0643\u0647\u062f\u0641 [&hellip;]\" \/>\n<meta property=\"og:url\" content=\"https:\/\/www.jessanofis.com.tr\/ar\/%d8%b1%d8%a4%d9%8a%d8%aa%d9%86%d8%a7-%d9%88-%d9%85%d9%87%d9%85%d8%aa%d9%86%d8%a7\/\" \/>\n<meta property=\"og:site_name\" content=\"Jessan Ofis ve B\u00fcro Mobilyalar\u0131\" \/>\n<meta property=\"article:publisher\" content=\"https:\/\/www.facebook.com\/jessanofismobilya\/\" \/>\n<meta property=\"article:modified_time\" content=\"2024-01-26T04:25:47+00:00\" \/>\n<meta property=\"og:image\" content=\"https:\/\/www.jessanofis.com.tr\/wp-content\/uploads\/2020\/04\/vizyonumunz-300x300.jpg\" \/>\n<meta name=\"twitter:card\" content=\"summary_large_image\" \/>\n<script type=\"application\/ld+json\" class=\"yoast-schema-graph\">{\"@context\":\"https:\/\/schema.org\",\"@graph\":[{\"@type\":\"WebPage\",\"@id\":\"https:\/\/www.jessanofis.com.tr\/ar\/%d8%b1%d8%a4%d9%8a%d8%aa%d9%86%d8%a7-%d9%88-%d9%85%d9%87%d9%85%d8%aa%d9%86%d8%a7\/\",\"url\":\"https:\/\/www.jessanofis.com.tr\/ar\/%d8%b1%d8%a4%d9%8a%d8%aa%d9%86%d8%a7-%d9%88-%d9%85%d9%87%d9%85%d8%aa%d9%86%d8%a7\/\",\"name\":\"\u0631\u0624\u064a\u062a\u0646\u0627 \u0648 \u0645\u0647\u0645\u062a\u0646\u0627 - Jessan Ofis ve B\u00fcro Mobilyalar\u0131\",\"isPartOf\":{\"@id\":\"https:\/\/www.jessanofis.com.tr\/ar\/#website\"},\"primaryImageOfPage\":{\"@id\":\"https:\/\/www.jessanofis.com.tr\/ar\/%d8%b1%d8%a4%d9%8a%d8%aa%d9%86%d8%a7-%d9%88-%d9%85%d9%87%d9%85%d8%aa%d9%86%d8%a7\/#primaryimage\"},\"image\":{\"@id\":\"https:\/\/www.jessanofis.com.tr\/ar\/%d8%b1%d8%a4%d9%8a%d8%aa%d9%86%d8%a7-%d9%88-%d9%85%d9%87%d9%85%d8%aa%d9%86%d8%a7\/#primaryimage\"},\"thumbnailUrl\":\"https:\/\/www.jessanofis.com.tr\/wp-content\/uploads\/2020\/04\/vizyonumunz-300x300.jpg\",\"datePublished\":\"2020-04-20T01:31:48+00:00\",\"dateModified\":\"2024-01-26T04:25:47+00:00\",\"breadcrumb\":{\"@id\":\"https:\/\/www.jessanofis.com.tr\/ar\/%d8%b1%d8%a4%d9%8a%d8%aa%d9%86%d8%a7-%d9%88-%d9%85%d9%87%d9%85%d8%aa%d9%86%d8%a7\/#breadcrumb\"},\"inLanguage\":\"ar\",\"potentialAction\":[{\"@type\":\"ReadAction\",\"target\":[\"https:\/\/www.jessanofis.com.tr\/ar\/%d8%b1%d8%a4%d9%8a%d8%aa%d9%86%d8%a7-%d9%88-%d9%85%d9%87%d9%85%d8%aa%d9%86%d8%a7\/\"]}]},{\"@type\":\"ImageObject\",\"inLanguage\":\"ar\",\"@id\":\"https:\/\/www.jessanofis.com.tr\/ar\/%d8%b1%d8%a4%d9%8a%d8%aa%d9%86%d8%a7-%d9%88-%d9%85%d9%87%d9%85%d8%aa%d9%86%d8%a7\/#primaryimage\",\"url\":\"https:\/\/www.jessanofis.com.tr\/wp-content\/uploads\/2020\/04\/vizyonumunz-300x300.jpg\",\"contentUrl\":\"https:\/\/www.jessanofis.com.tr\/wp-content\/uploads\/2020\/04\/vizyonumunz-300x300.jpg\"},{\"@type\":\"BreadcrumbList\",\"@id\":\"https:\/\/www.jessanofis.com.tr\/ar\/%d8%b1%d8%a4%d9%8a%d8%aa%d9%86%d8%a7-%d9%88-%d9%85%d9%87%d9%85%d8%aa%d9%86%d8%a7\/#breadcrumb\",\"itemListElement\":[{\"@type\":\"ListItem\",\"position\":1,\"name\":\"Ana sayfa\",\"item\":\"https:\/\/www.jessanofis.com.tr\/ar\/\"},{\"@type\":\"ListItem\",\"position\":2,\"name\":\"\u0631\u0624\u064a\u062a\u0646\u0627 \u0648 \u0645\u0647\u0645\u062a\u0646\u0627\"}]},{\"@type\":\"WebSite\",\"@id\":\"https:\/\/www.jessanofis.com.tr\/ar\/#website\",\"url\":\"https:\/\/www.jessanofis.com.tr\/ar\/\",\"name\":\"Jessan Metal Ofis Dolaplar\u0131\",\"description\":\"En \u0130yi Kalite ve Uygun Fiyatlarla Standart Soyunma Dolaplar\u0131 Klas\u00f6r Dolaplar\u0131 Dosya ve Ecza Dolaplar\u0131 \u00d6\u011fretmen ve Telefon Dolaplar\u0131 Personel Temizlik Dolaplar\u0131 Ranza ve Raf Sistemleri Emanet Dolaplar\u0131 \u00dcretimi ve Sat\u0131\u015f\u0131 Yapmaktay\u0131z.\",\"publisher\":{\"@id\":\"https:\/\/www.jessanofis.com.tr\/ar\/#organization\"},\"potentialAction\":[{\"@type\":\"SearchAction\",\"target\":{\"@type\":\"EntryPoint\",\"urlTemplate\":\"https:\/\/www.jessanofis.com.tr\/ar\/?s={search_term_string}\"},\"query-input\":{\"@type\":\"PropertyValueSpecification\",\"valueRequired\":true,\"valueName\":\"search_term_string\"}}],\"inLanguage\":\"ar\"},{\"@type\":\"Organization\",\"@id\":\"https:\/\/www.jessanofis.com.tr\/ar\/#organization\",\"name\":\"Jessan Metal Ofis Dolaplar\u0131\",\"url\":\"https:\/\/www.jessanofis.com.tr\/ar\/\",\"logo\":{\"@type\":\"ImageObject\",\"inLanguage\":\"ar\",\"@id\":\"https:\/\/www.jessanofis.com.tr\/ar\/#\/schema\/logo\/image\/\",\"url\":\"https:\/\/www.jessanofis.com.tr\/wp-content\/uploads\/2025\/03\/logo-600x600-1.jpg\",\"contentUrl\":\"https:\/\/www.jessanofis.com.tr\/wp-content\/uploads\/2025\/03\/logo-600x600-1.jpg\",\"width\":600,\"height\":600,\"caption\":\"Jessan Metal Ofis Dolaplar\u0131\"},\"image\":{\"@id\":\"https:\/\/www.jessanofis.com.tr\/ar\/#\/schema\/logo\/image\/\"},\"sameAs\":[\"https:\/\/www.facebook.com\/jessanofismobilya\/\",\"https:\/\/www.linkedin.com\/company\/jessanofis\"]}]}<\/script>\n<!-- \/ Yoast SEO Premium plugin. -->","yoast_head_json":{"title":"\u0631\u0624\u064a\u062a\u0646\u0627 \u0648 \u0645\u0647\u0645\u062a\u0646\u0627 - Jessan Ofis ve B\u00fcro Mobilyalar\u0131","robots":{"index":"index","follow":"follow","max-snippet":"max-snippet:-1","max-image-preview":"max-image-preview:large","max-video-preview":"max-video-preview:-1"},"canonical":"https:\/\/www.jessanofis.com.tr\/ar\/%d8%b1%d8%a4%d9%8a%d8%aa%d9%86%d8%a7-%d9%88-%d9%85%d9%87%d9%85%d8%aa%d9%86%d8%a7\/","og_locale":"ar_AR","og_type":"article","og_title":"\u0631\u0624\u064a\u062a\u0646\u0627 \u0648 \u0645\u0647\u0645\u062a\u0646\u0627","og_description":"\u0645\u0647\u0645\u062a\u0646\u0627: \u0645\u0642\u0648\u0645\u0627\u062a \u0627\u0644\u0639\u0645\u0644 \u0644\u062f\u064a\u0646\u0627: \u0627\u0644\u0627\u0646\u0636\u0628\u0627\u0637 \u0641\u064a \u0627\u0644\u0639\u0645\u0644\u060c \u062f\u0642\u0629 \u0627\u0644\u062a\u0646\u0641\u064a\u0630 \u0648\u062a\u0642\u062f\u064a\u0645 \u062d\u0644\u0648\u0644 \u0625\u0628\u062f\u0627\u0639\u064a\u0629 \u0645\u0646 \u062e\u0644\u0627\u0644 \u0627\u0644\u062a\u062c\u062f\u064a\u062f \u0627\u0644\u0645\u0633\u062a\u0645\u0631. \u0627\u0644\u0639\u0645\u0644 \u062f\u0627\u0626\u0645\u0627 \u0639\u0644\u0649 \u062a\u062d\u0642\u064a\u0642 \u0627\u0644\u0623\u0641\u0636\u0644 \u0648\u0627\u0644\u0623\u0639\u0644\u0649 \u062c\u0648\u062f\u0629 \u0641\u064a\u0645\u0627 \u064a\u062a\u0639\u0644\u0642 \u0628\u0631\u0636\u0649 \u0627\u0644\u0639\u0645\u0644\u0627\u0621. \u0646\u0633\u062a\u0645\u062f \u0642\u0648\u062a\u0646\u0627 \u0645\u0646 \u062c\u0648\u062f\u0629 \u0627\u0644\u062e\u062f\u0645\u0627\u062a \u0627\u0644\u062a\u064a \u0646\u0642\u062f\u0645\u0647\u0627 \u0641\u064a \u0628\u0644\u062f\u0646\u0627\u060c \u0644\u0646\u0643\u0648\u0646 \u0627\u0644\u0634\u0631\u0643\u0629 \u0627\u0644\u0631\u0627\u0626\u062f\u0629 \u0641\u064a \u0627\u0644\u0642\u0637\u0627\u0639 \u0648\u0627\u0644\u0645\u0641\u0636\u0644\u0629 \u0645\u0646 \u0642\u0628\u0644 \u0627\u0644\u0639\u0645\u0644\u0627\u0621. \u062a\u062d\u062f\u064a\u062f \u0627\u0644\u062e\u062f\u0645\u0629 \u0648\u0627\u0644\u062c\u0648\u062f\u0629 \u0648\u0627\u0644\u0642\u062f\u0631\u0629 \u0639\u0644\u0649 \u0632\u064a\u0627\u062f\u062a\u0647\u0627 \u064a\u0648\u0645\u064b\u0627 \u0628\u0639\u062f \u064a\u0648\u0645 \u0643\u0647\u062f\u0641 [&hellip;]","og_url":"https:\/\/www.jessanofis.com.tr\/ar\/%d8%b1%d8%a4%d9%8a%d8%aa%d9%86%d8%a7-%d9%88-%d9%85%d9%87%d9%85%d8%aa%d9%86%d8%a7\/","og_site_name":"Jessan Ofis ve B\u00fcro Mobilyalar\u0131","article_publisher":"https:\/\/www.facebook.com\/jessanofismobilya\/","article_modified_time":"2024-01-26T04:25:47+00:00","og_image":[{"url":"https:\/\/www.jessanofis.com.tr\/wp-content\/uploads\/2020\/04\/vizyonumunz-300x300.jpg","type":"","width":"","height":""}],"twitter_card":"summary_large_image","schema":{"@context":"https:\/\/schema.org","@graph":[{"@type":"WebPage","@id":"https:\/\/www.jessanofis.com.tr\/ar\/%d8%b1%d8%a4%d9%8a%d8%aa%d9%86%d8%a7-%d9%88-%d9%85%d9%87%d9%85%d8%aa%d9%86%d8%a7\/","url":"https:\/\/www.jessanofis.com.tr\/ar\/%d8%b1%d8%a4%d9%8a%d8%aa%d9%86%d8%a7-%d9%88-%d9%85%d9%87%d9%85%d8%aa%d9%86%d8%a7\/","name":"\u0631\u0624\u064a\u062a\u0646\u0627 \u0648 \u0645\u0647\u0645\u062a\u0646\u0627 - Jessan Ofis ve B\u00fcro Mobilyalar\u0131","isPartOf":{"@id":"https:\/\/www.jessanofis.com.tr\/ar\/#website"},"primaryImageOfPage":{"@id":"https:\/\/www.jessanofis.com.tr\/ar\/%d8%b1%d8%a4%d9%8a%d8%aa%d9%86%d8%a7-%d9%88-%d9%85%d9%87%d9%85%d8%aa%d9%86%d8%a7\/#primaryimage"},"image":{"@id":"https:\/\/www.jessanofis.com.tr\/ar\/%d8%b1%d8%a4%d9%8a%d8%aa%d9%86%d8%a7-%d9%88-%d9%85%d9%87%d9%85%d8%aa%d9%86%d8%a7\/#primaryimage"},"thumbnailUrl":"https:\/\/www.jessanofis.com.tr\/wp-content\/uploads\/2020\/04\/vizyonumunz-300x300.jpg","datePublished":"2020-04-20T01:31:48+00:00","dateModified":"2024-01-26T04:25:47+00:00","breadcrumb":{"@id":"https:\/\/www.jessanofis.com.tr\/ar\/%d8%b1%d8%a4%d9%8a%d8%aa%d9%86%d8%a7-%d9%88-%d9%85%d9%87%d9%85%d8%aa%d9%86%d8%a7\/#breadcrumb"},"inLanguage":"ar","potentialAction":[{"@type":"ReadAction","target":["https:\/\/www.jessanofis.com.tr\/ar\/%d8%b1%d8%a4%d9%8a%d8%aa%d9%86%d8%a7-%d9%88-%d9%85%d9%87%d9%85%d8%aa%d9%86%d8%a7\/"]}]},{"@type":"ImageObject","inLanguage":"ar","@id":"https:\/\/www.jessanofis.com.tr\/ar\/%d8%b1%d8%a4%d9%8a%d8%aa%d9%86%d8%a7-%d9%88-%d9%85%d9%87%d9%85%d8%aa%d9%86%d8%a7\/#primaryimage","url":"https:\/\/www.jessanofis.com.tr\/wp-content\/uploads\/2020\/04\/vizyonumunz-300x300.jpg","contentUrl":"https:\/\/www.jessanofis.com.tr\/wp-content\/uploads\/2020\/04\/vizyonumunz-300x300.jpg"},{"@type":"BreadcrumbList","@id":"https:\/\/www.jessanofis.com.tr\/ar\/%d8%b1%d8%a4%d9%8a%d8%aa%d9%86%d8%a7-%d9%88-%d9%85%d9%87%d9%85%d8%aa%d9%86%d8%a7\/#breadcrumb","itemListElement":[{"@type":"ListItem","position":1,"name":"Ana sayfa","item":"https:\/\/www.jessanofis.com.tr\/ar\/"},{"@type":"ListItem","position":2,"name":"\u0631\u0624\u064a\u062a\u0646\u0627 \u0648 \u0645\u0647\u0645\u062a\u0646\u0627"}]},{"@type":"WebSite","@id":"https:\/\/www.jessanofis.com.tr\/ar\/#website","url":"https:\/\/www.jessanofis.com.tr\/ar\/","name":"Jessan Metal Ofis Dolaplar\u0131","description":"En \u0130yi Kalite ve Uygun Fiyatlarla Standart Soyunma Dolaplar\u0131 Klas\u00f6r Dolaplar\u0131 Dosya ve Ecza Dolaplar\u0131 \u00d6\u011fretmen ve Telefon Dolaplar\u0131 Personel Temizlik Dolaplar\u0131 Ranza ve Raf Sistemleri Emanet Dolaplar\u0131 \u00dcretimi ve Sat\u0131\u015f\u0131 Yapmaktay\u0131z.","publisher":{"@id":"https:\/\/www.jessanofis.com.tr\/ar\/#organization"},"potentialAction":[{"@type":"SearchAction","target":{"@type":"EntryPoint","urlTemplate":"https:\/\/www.jessanofis.com.tr\/ar\/?s={search_term_string}"},"query-input":{"@type":"PropertyValueSpecification","valueRequired":true,"valueName":"search_term_string"}}],"inLanguage":"ar"},{"@type":"Organization","@id":"https:\/\/www.jessanofis.com.tr\/ar\/#organization","name":"Jessan Metal Ofis Dolaplar\u0131","url":"https:\/\/www.jessanofis.com.tr\/ar\/","logo":{"@type":"ImageObject","inLanguage":"ar","@id":"https:\/\/www.jessanofis.com.tr\/ar\/#\/schema\/logo\/image\/","url":"https:\/\/www.jessanofis.com.tr\/wp-content\/uploads\/2025\/03\/logo-600x600-1.jpg","contentUrl":"https:\/\/www.jessanofis.com.tr\/wp-content\/uploads\/2025\/03\/logo-600x600-1.jpg","width":600,"height":600,"caption":"Jessan Metal Ofis Dolaplar\u0131"},"image":{"@id":"https:\/\/www.jessanofis.com.tr\/ar\/#\/schema\/logo\/image\/"},"sameAs":["https:\/\/www.facebook.com\/jessanofismobilya\/","https:\/\/www.linkedin.com\/company\/jessanofis"]}]}},"_links":{"self":[{"href":"https:\/\/www.jessanofis.com.tr\/ar\/wp-json\/wp\/v2\/pages\/14190","targetHints":{"allow":["GET"]}}],"collection":[{"href":"https:\/\/www.jessanofis.com.tr\/ar\/wp-json\/wp\/v2\/pages"}],"about":[{"href":"https:\/\/www.jessanofis.com.tr\/ar\/wp-json\/wp\/v2\/types\/page"}],"author":[{"embeddable":true,"href":"https:\/\/www.jessanofis.com.tr\/ar\/wp-json\/wp\/v2\/users\/1"}],"replies":[{"embeddable":true,"href":"https:\/\/www.jessanofis.com.tr\/ar\/wp-json\/wp\/v2\/comments?post=14190"}],"version-history":[{"count":0,"href":"https:\/\/www.jessanofis.com.tr\/ar\/wp-json\/wp\/v2\/pages\/14190\/revisions"}],"wp:attachment":[{"href":"https:\/\/www.jessanofis.com.tr\/ar\/wp-json\/wp\/v2\/media?parent=14190"}],"curies":[{"name":"wp","href":"https:\/\/api.w.org\/{rel}","templated":true}]}}