{"id":17437,"date":"2022-02-15T18:19:11","date_gmt":"2022-02-15T15:19:11","guid":{"rendered":"https:\/\/www.jessanofis.com.tr\/takim-arabalari\/"},"modified":"2025-03-14T05:42:00","modified_gmt":"2025-03-14T02:42:00","slug":"%d0%ba%d0%be%d0%bb%d0%b8%d1%87%d0%ba%d0%b0-%d0%b7%d0%b0-%d0%b8%d0%bd%d1%81%d1%82%d1%80%d1%83%d0%bc%d0%b5%d0%bd%d1%82%d0%b8","status":"publish","type":"page","link":"https:\/\/www.jessanofis.com.tr\/bg\/%d0%ba%d0%be%d0%bb%d0%b8%d1%87%d0%ba%d0%b0-%d0%b7%d0%b0-%d0%b8%d0%bd%d1%81%d1%82%d1%80%d1%83%d0%bc%d0%b5%d0%bd%d1%82%d0%b8\/","title":{"rendered":"\u041a\u043e\u043b\u0438\u0447\u043a\u0430 \u0437\u0430 \u0438\u043d\u0441\u0442\u0440\u0443\u043c\u0435\u043d\u0442\u0438"},"content":{"rendered":"\t\t<div data-elementor-type=\"wp-page\" data-elementor-id=\"17437\" class=\"elementor elementor-17437 elementor-888\">\n\t\t\t\t\t\t<section class=\"elementor-section elementor-top-section elementor-element elementor-element-590a7c76 elementor-section-boxed elementor-section-height-default elementor-section-height-default default-style\" data-id=\"590a7c76\" data-element_type=\"section\" data-settings=\"{&quot;rt_color_sets&quot;:&quot;default-style&quot;}\">\n\t\t\t\t\t\t<div class=\"elementor-container elementor-column-gap-default\">\n\t\t\t\t\t<div class=\"elementor-column elementor-col-100 elementor-top-column elementor-element elementor-element-69169ba8\" data-id=\"69169ba8\" data-element_type=\"column\">\n\t\t\t<div class=\"elementor-widget-wrap elementor-element-populated\">\n\t\t\t\t\t\t<div class=\"elementor-element elementor-element-1d5146f7 elementor-widget elementor-widget-text-editor\" data-id=\"1d5146f7\" data-element_type=\"widget\" data-widget_type=\"text-editor.default\">\n\t\t\t\t<div class=\"elementor-widget-container\">\n\t\t\t\t\t\t\t\t\tJessan Ofis olarak kendi b\u00fcnyemizde \u00fcretti\u011fimiz farkl\u0131 sekt\u00f6rlerde kolayl\u0131k sa\u011flayan tak\u0131m arabalar\u0131 her t\u00fcrl\u00fc amaca uygun olarak kullan\u0131lmaktad\u0131r. Tak\u0131m Arabas\u0131 Modelleri, \u00c7ekmeceli tak\u0131m arabas\u0131, dolapl\u0131 tak\u0131m arabas\u0131, tak\u0131m dolab\u0131, rafl\u0131 tak\u0131m arabas\u0131, panolu tak\u0131m arabas\u0131, Tak\u0131m Arabas\u0131 fiyatlar\u0131, tak\u0131m arabas\u0131 modelleri ve tak\u0131m arabas\u0131 \u00e7e\u015fitleri uygun fiyatlarla burada.\r\n\r\n&nbsp;\t\t\t\t\t\t\t\t<\/div>\n\t\t\t\t<\/div>\n\t\t\t\t\t<\/div>\n\t\t<\/div>\n\t\t\t\t\t<\/div>\n\t\t<\/section>\n\t\t\t\t<section class=\"elementor-section elementor-top-section elementor-element elementor-element-33b18aa elementor-section-boxed elementor-section-height-default elementor-section-height-default default-style\" data-id=\"33b18aa\" data-element_type=\"section\" data-settings=\"{&quot;rt_color_sets&quot;:&quot;default-style&quot;}\">\n\t\t\t\t\t\t<div class=\"elementor-container elementor-column-gap-default\">\n\t\t\t\t\t<div class=\"elementor-column elementor-col-100 elementor-top-column elementor-element elementor-element-e3b505d\" data-id=\"e3b505d\" data-element_type=\"column\">\n\t\t\t<div class=\"elementor-widget-wrap elementor-element-populated\">\n\t\t\t\t\t\t<div class=\"elementor-element elementor-element-4144992 elementor-widget elementor-widget-rt-woocommerce-products\" data-id=\"4144992\" data-element_type=\"widget\" data-widget_type=\"rt-woocommerce-products.default\">\n\t\t\t\t<div class=\"elementor-widget-container\">\n\t\t\t\t\t<div class=\"woocommerce columns-3 \"><\/div>\t\t\t\t<\/div>\n\t\t\t\t<\/div>\n\t\t\t\t\t<\/div>\n\t\t<\/div>\n\t\t\t\t\t<\/div>\n\t\t<\/section>\n\t\t\t\t<\/div>\n\t\t","protected":false},"excerpt":{"rendered":"<p>Jessan Ofis olarak kendi b\u00fcnyemizde \u00fcretti\u011fimiz farkl\u0131 sekt\u00f6rlerde kolayl\u0131k sa\u011flayan tak\u0131m arabalar\u0131 her t\u00fcrl\u00fc amaca uygun olarak kullan\u0131lmaktad\u0131r. Tak\u0131m Arabas\u0131 Modelleri, \u00c7ekmeceli tak\u0131m arabas\u0131, dolapl\u0131 tak\u0131m arabas\u0131, tak\u0131m dolab\u0131, rafl\u0131 tak\u0131m arabas\u0131, panolu tak\u0131m arabas\u0131, Tak\u0131m Arabas\u0131 fiyatlar\u0131, tak\u0131m arabas\u0131 modelleri ve tak\u0131m arabas\u0131 \u00e7e\u015fitleri uygun fiyatlarla burada. \u00dcr\u00fcn sat\u0131n al Tool Trolley With 5 [&hellip;]<\/p>\n","protected":false},"author":2,"featured_media":0,"parent":0,"menu_order":0,"comment_status":"closed","ping_status":"closed","template":"","meta":{"footnotes":""},"class_list":["post-17437","page","type-page","status-publish","hentry"],"yoast_head":"<!-- This site is optimized with the Yoast SEO Premium plugin v26.5 (Yoast SEO v26.5) - https:\/\/yoast.com\/wordpress\/plugins\/seo\/ -->\n<title>\u041a\u043e\u043b\u0438\u0447\u043a\u0430 \u0437\u0430 \u0438\u043d\u0441\u0442\u0440\u0443\u043c\u0435\u043d\u0442\u0438 - Jessan Ofis ve B\u00fcro Mobilyalar\u0131<\/title>\n<meta name=\"robots\" content=\"index, follow, max-snippet:-1, max-image-preview:large, max-video-preview:-1\" \/>\n<link rel=\"canonical\" href=\"https:\/\/www.jessanofis.com.tr\/bg\/%d0%ba%d0%be%d0%bb%d0%b8%d1%87%d0%ba%d0%b0-%d0%b7%d0%b0-%d0%b8%d0%bd%d1%81%d1%82%d1%80%d1%83%d0%bc%d0%b5%d0%bd%d1%82%d0%b8\/\" \/>\n<meta property=\"og:locale\" content=\"bg_BG\" \/>\n<meta property=\"og:type\" content=\"article\" \/>\n<meta property=\"og:title\" content=\"\u041a\u043e\u043b\u0438\u0447\u043a\u0430 \u0437\u0430 \u0438\u043d\u0441\u0442\u0440\u0443\u043c\u0435\u043d\u0442\u0438\" \/>\n<meta property=\"og:description\" content=\"Jessan Ofis olarak kendi b\u00fcnyemizde \u00fcretti\u011fimiz farkl\u0131 sekt\u00f6rlerde kolayl\u0131k sa\u011flayan tak\u0131m arabalar\u0131 her t\u00fcrl\u00fc amaca uygun olarak kullan\u0131lmaktad\u0131r. Tak\u0131m Arabas\u0131 Modelleri, \u00c7ekmeceli tak\u0131m arabas\u0131, dolapl\u0131 tak\u0131m arabas\u0131, tak\u0131m dolab\u0131, rafl\u0131 tak\u0131m arabas\u0131, panolu tak\u0131m arabas\u0131, Tak\u0131m Arabas\u0131 fiyatlar\u0131, tak\u0131m arabas\u0131 modelleri ve tak\u0131m arabas\u0131 \u00e7e\u015fitleri uygun fiyatlarla burada. \u00dcr\u00fcn sat\u0131n al Tool Trolley With 5 [&hellip;]\" \/>\n<meta property=\"og:url\" content=\"https:\/\/www.jessanofis.com.tr\/bg\/%d0%ba%d0%be%d0%bb%d0%b8%d1%87%d0%ba%d0%b0-%d0%b7%d0%b0-%d0%b8%d0%bd%d1%81%d1%82%d1%80%d1%83%d0%bc%d0%b5%d0%bd%d1%82%d0%b8\/\" \/>\n<meta property=\"og:site_name\" content=\"Jessan Ofis ve B\u00fcro Mobilyalar\u0131\" \/>\n<meta property=\"article:publisher\" content=\"https:\/\/www.facebook.com\/jessanofismobilya\/\" \/>\n<meta property=\"article:modified_time\" content=\"2025-03-14T02:42:00+00:00\" \/>\n<meta property=\"og:image\" content=\"https:\/\/www.jessanofis.com.tr\/wp-content\/uploads\/2023\/03\/jessan-takim-arabasi-5-cekmeceli-metal-celik-2-387x387.jpg\" \/>\n<meta name=\"twitter:card\" content=\"summary_large_image\" \/>\n<meta name=\"twitter:label1\" content=\"Est. reading time\" \/>\n\t<meta name=\"twitter:data1\" content=\"1 \u043c\u0438\u043d\u0443\u0442\u0430\" \/>\n<script type=\"application\/ld+json\" class=\"yoast-schema-graph\">{\"@context\":\"https:\/\/schema.org\",\"@graph\":[{\"@type\":\"WebPage\",\"@id\":\"https:\/\/www.jessanofis.com.tr\/bg\/%d0%ba%d0%be%d0%bb%d0%b8%d1%87%d0%ba%d0%b0-%d0%b7%d0%b0-%d0%b8%d0%bd%d1%81%d1%82%d1%80%d1%83%d0%bc%d0%b5%d0%bd%d1%82%d0%b8\/\",\"url\":\"https:\/\/www.jessanofis.com.tr\/bg\/%d0%ba%d0%be%d0%bb%d0%b8%d1%87%d0%ba%d0%b0-%d0%b7%d0%b0-%d0%b8%d0%bd%d1%81%d1%82%d1%80%d1%83%d0%bc%d0%b5%d0%bd%d1%82%d0%b8\/\",\"name\":\"\u041a\u043e\u043b\u0438\u0447\u043a\u0430 \u0437\u0430 \u0438\u043d\u0441\u0442\u0440\u0443\u043c\u0435\u043d\u0442\u0438 - Jessan Ofis ve B\u00fcro Mobilyalar\u0131\",\"isPartOf\":{\"@id\":\"https:\/\/www.jessanofis.com.tr\/bg\/#website\"},\"primaryImageOfPage\":{\"@id\":\"https:\/\/www.jessanofis.com.tr\/bg\/%d0%ba%d0%be%d0%bb%d0%b8%d1%87%d0%ba%d0%b0-%d0%b7%d0%b0-%d0%b8%d0%bd%d1%81%d1%82%d1%80%d1%83%d0%bc%d0%b5%d0%bd%d1%82%d0%b8\/#primaryimage\"},\"image\":{\"@id\":\"https:\/\/www.jessanofis.com.tr\/bg\/%d0%ba%d0%be%d0%bb%d0%b8%d1%87%d0%ba%d0%b0-%d0%b7%d0%b0-%d0%b8%d0%bd%d1%81%d1%82%d1%80%d1%83%d0%bc%d0%b5%d0%bd%d1%82%d0%b8\/#primaryimage\"},\"thumbnailUrl\":\"https:\/\/www.jessanofis.com.tr\/wp-content\/uploads\/2023\/03\/jessan-takim-arabasi-5-cekmeceli-metal-celik-2-387x387.jpg\",\"datePublished\":\"2022-02-15T15:19:11+00:00\",\"dateModified\":\"2025-03-14T02:42:00+00:00\",\"breadcrumb\":{\"@id\":\"https:\/\/www.jessanofis.com.tr\/bg\/%d0%ba%d0%be%d0%bb%d0%b8%d1%87%d0%ba%d0%b0-%d0%b7%d0%b0-%d0%b8%d0%bd%d1%81%d1%82%d1%80%d1%83%d0%bc%d0%b5%d0%bd%d1%82%d0%b8\/#breadcrumb\"},\"inLanguage\":\"bg-BG\",\"potentialAction\":[{\"@type\":\"ReadAction\",\"target\":[\"https:\/\/www.jessanofis.com.tr\/bg\/%d0%ba%d0%be%d0%bb%d0%b8%d1%87%d0%ba%d0%b0-%d0%b7%d0%b0-%d0%b8%d0%bd%d1%81%d1%82%d1%80%d1%83%d0%bc%d0%b5%d0%bd%d1%82%d0%b8\/\"]}]},{\"@type\":\"ImageObject\",\"inLanguage\":\"bg-BG\",\"@id\":\"https:\/\/www.jessanofis.com.tr\/bg\/%d0%ba%d0%be%d0%bb%d0%b8%d1%87%d0%ba%d0%b0-%d0%b7%d0%b0-%d0%b8%d0%bd%d1%81%d1%82%d1%80%d1%83%d0%bc%d0%b5%d0%bd%d1%82%d0%b8\/#primaryimage\",\"url\":\"https:\/\/www.jessanofis.com.tr\/wp-content\/uploads\/2023\/03\/jessan-takim-arabasi-5-cekmeceli-metal-celik-2-387x387.jpg\",\"contentUrl\":\"https:\/\/www.jessanofis.com.tr\/wp-content\/uploads\/2023\/03\/jessan-takim-arabasi-5-cekmeceli-metal-celik-2-387x387.jpg\"},{\"@type\":\"BreadcrumbList\",\"@id\":\"https:\/\/www.jessanofis.com.tr\/bg\/%d0%ba%d0%be%d0%bb%d0%b8%d1%87%d0%ba%d0%b0-%d0%b7%d0%b0-%d0%b8%d0%bd%d1%81%d1%82%d1%80%d1%83%d0%bc%d0%b5%d0%bd%d1%82%d0%b8\/#breadcrumb\",\"itemListElement\":[{\"@type\":\"ListItem\",\"position\":1,\"name\":\"Ana sayfa\",\"item\":\"https:\/\/www.jessanofis.com.tr\/bg\/\"},{\"@type\":\"ListItem\",\"position\":2,\"name\":\"\u041a\u043e\u043b\u0438\u0447\u043a\u0430 \u0437\u0430 \u0438\u043d\u0441\u0442\u0440\u0443\u043c\u0435\u043d\u0442\u0438\"}]},{\"@type\":\"WebSite\",\"@id\":\"https:\/\/www.jessanofis.com.tr\/bg\/#website\",\"url\":\"https:\/\/www.jessanofis.com.tr\/bg\/\",\"name\":\"Jessan Metal Ofis Dolaplar\u0131\",\"description\":\"En \u0130yi Kalite ve Uygun Fiyatlarla Standart Soyunma Dolaplar\u0131 Klas\u00f6r Dolaplar\u0131 Dosya ve Ecza Dolaplar\u0131 \u00d6\u011fretmen ve Telefon Dolaplar\u0131 Personel Temizlik Dolaplar\u0131 Ranza ve Raf Sistemleri Emanet Dolaplar\u0131 \u00dcretimi ve Sat\u0131\u015f\u0131 Yapmaktay\u0131z.\",\"publisher\":{\"@id\":\"https:\/\/www.jessanofis.com.tr\/bg\/#organization\"},\"potentialAction\":[{\"@type\":\"SearchAction\",\"target\":{\"@type\":\"EntryPoint\",\"urlTemplate\":\"https:\/\/www.jessanofis.com.tr\/bg\/?s={search_term_string}\"},\"query-input\":{\"@type\":\"PropertyValueSpecification\",\"valueRequired\":true,\"valueName\":\"search_term_string\"}}],\"inLanguage\":\"bg-BG\"},{\"@type\":\"Organization\",\"@id\":\"https:\/\/www.jessanofis.com.tr\/bg\/#organization\",\"name\":\"Jessan Metal Ofis Dolaplar\u0131\",\"url\":\"https:\/\/www.jessanofis.com.tr\/bg\/\",\"logo\":{\"@type\":\"ImageObject\",\"inLanguage\":\"bg-BG\",\"@id\":\"https:\/\/www.jessanofis.com.tr\/bg\/#\/schema\/logo\/image\/\",\"url\":\"https:\/\/www.jessanofis.com.tr\/wp-content\/uploads\/2025\/03\/logo-600x600-1.jpg\",\"contentUrl\":\"https:\/\/www.jessanofis.com.tr\/wp-content\/uploads\/2025\/03\/logo-600x600-1.jpg\",\"width\":600,\"height\":600,\"caption\":\"Jessan Metal Ofis Dolaplar\u0131\"},\"image\":{\"@id\":\"https:\/\/www.jessanofis.com.tr\/bg\/#\/schema\/logo\/image\/\"},\"sameAs\":[\"https:\/\/www.facebook.com\/jessanofismobilya\/\",\"https:\/\/www.linkedin.com\/company\/jessanofis\"]}]}<\/script>\n<!-- \/ Yoast SEO Premium plugin. -->","yoast_head_json":{"title":"\u041a\u043e\u043b\u0438\u0447\u043a\u0430 \u0437\u0430 \u0438\u043d\u0441\u0442\u0440\u0443\u043c\u0435\u043d\u0442\u0438 - Jessan Ofis ve B\u00fcro Mobilyalar\u0131","robots":{"index":"index","follow":"follow","max-snippet":"max-snippet:-1","max-image-preview":"max-image-preview:large","max-video-preview":"max-video-preview:-1"},"canonical":"https:\/\/www.jessanofis.com.tr\/bg\/%d0%ba%d0%be%d0%bb%d0%b8%d1%87%d0%ba%d0%b0-%d0%b7%d0%b0-%d0%b8%d0%bd%d1%81%d1%82%d1%80%d1%83%d0%bc%d0%b5%d0%bd%d1%82%d0%b8\/","og_locale":"bg_BG","og_type":"article","og_title":"\u041a\u043e\u043b\u0438\u0447\u043a\u0430 \u0437\u0430 \u0438\u043d\u0441\u0442\u0440\u0443\u043c\u0435\u043d\u0442\u0438","og_description":"Jessan Ofis olarak kendi b\u00fcnyemizde \u00fcretti\u011fimiz farkl\u0131 sekt\u00f6rlerde kolayl\u0131k sa\u011flayan tak\u0131m arabalar\u0131 her t\u00fcrl\u00fc amaca uygun olarak kullan\u0131lmaktad\u0131r. Tak\u0131m Arabas\u0131 Modelleri, \u00c7ekmeceli tak\u0131m arabas\u0131, dolapl\u0131 tak\u0131m arabas\u0131, tak\u0131m dolab\u0131, rafl\u0131 tak\u0131m arabas\u0131, panolu tak\u0131m arabas\u0131, Tak\u0131m Arabas\u0131 fiyatlar\u0131, tak\u0131m arabas\u0131 modelleri ve tak\u0131m arabas\u0131 \u00e7e\u015fitleri uygun fiyatlarla burada. \u00dcr\u00fcn sat\u0131n al Tool Trolley With 5 [&hellip;]","og_url":"https:\/\/www.jessanofis.com.tr\/bg\/%d0%ba%d0%be%d0%bb%d0%b8%d1%87%d0%ba%d0%b0-%d0%b7%d0%b0-%d0%b8%d0%bd%d1%81%d1%82%d1%80%d1%83%d0%bc%d0%b5%d0%bd%d1%82%d0%b8\/","og_site_name":"Jessan Ofis ve B\u00fcro Mobilyalar\u0131","article_publisher":"https:\/\/www.facebook.com\/jessanofismobilya\/","article_modified_time":"2025-03-14T02:42:00+00:00","og_image":[{"url":"https:\/\/www.jessanofis.com.tr\/wp-content\/uploads\/2023\/03\/jessan-takim-arabasi-5-cekmeceli-metal-celik-2-387x387.jpg","type":"","width":"","height":""}],"twitter_card":"summary_large_image","twitter_misc":{"Est. reading time":"1 \u043c\u0438\u043d\u0443\u0442\u0430"},"schema":{"@context":"https:\/\/schema.org","@graph":[{"@type":"WebPage","@id":"https:\/\/www.jessanofis.com.tr\/bg\/%d0%ba%d0%be%d0%bb%d0%b8%d1%87%d0%ba%d0%b0-%d0%b7%d0%b0-%d0%b8%d0%bd%d1%81%d1%82%d1%80%d1%83%d0%bc%d0%b5%d0%bd%d1%82%d0%b8\/","url":"https:\/\/www.jessanofis.com.tr\/bg\/%d0%ba%d0%be%d0%bb%d0%b8%d1%87%d0%ba%d0%b0-%d0%b7%d0%b0-%d0%b8%d0%bd%d1%81%d1%82%d1%80%d1%83%d0%bc%d0%b5%d0%bd%d1%82%d0%b8\/","name":"\u041a\u043e\u043b\u0438\u0447\u043a\u0430 \u0437\u0430 \u0438\u043d\u0441\u0442\u0440\u0443\u043c\u0435\u043d\u0442\u0438 - Jessan Ofis ve B\u00fcro Mobilyalar\u0131","isPartOf":{"@id":"https:\/\/www.jessanofis.com.tr\/bg\/#website"},"primaryImageOfPage":{"@id":"https:\/\/www.jessanofis.com.tr\/bg\/%d0%ba%d0%be%d0%bb%d0%b8%d1%87%d0%ba%d0%b0-%d0%b7%d0%b0-%d0%b8%d0%bd%d1%81%d1%82%d1%80%d1%83%d0%bc%d0%b5%d0%bd%d1%82%d0%b8\/#primaryimage"},"image":{"@id":"https:\/\/www.jessanofis.com.tr\/bg\/%d0%ba%d0%be%d0%bb%d0%b8%d1%87%d0%ba%d0%b0-%d0%b7%d0%b0-%d0%b8%d0%bd%d1%81%d1%82%d1%80%d1%83%d0%bc%d0%b5%d0%bd%d1%82%d0%b8\/#primaryimage"},"thumbnailUrl":"https:\/\/www.jessanofis.com.tr\/wp-content\/uploads\/2023\/03\/jessan-takim-arabasi-5-cekmeceli-metal-celik-2-387x387.jpg","datePublished":"2022-02-15T15:19:11+00:00","dateModified":"2025-03-14T02:42:00+00:00","breadcrumb":{"@id":"https:\/\/www.jessanofis.com.tr\/bg\/%d0%ba%d0%be%d0%bb%d0%b8%d1%87%d0%ba%d0%b0-%d0%b7%d0%b0-%d0%b8%d0%bd%d1%81%d1%82%d1%80%d1%83%d0%bc%d0%b5%d0%bd%d1%82%d0%b8\/#breadcrumb"},"inLanguage":"bg-BG","potentialAction":[{"@type":"ReadAction","target":["https:\/\/www.jessanofis.com.tr\/bg\/%d0%ba%d0%be%d0%bb%d0%b8%d1%87%d0%ba%d0%b0-%d0%b7%d0%b0-%d0%b8%d0%bd%d1%81%d1%82%d1%80%d1%83%d0%bc%d0%b5%d0%bd%d1%82%d0%b8\/"]}]},{"@type":"ImageObject","inLanguage":"bg-BG","@id":"https:\/\/www.jessanofis.com.tr\/bg\/%d0%ba%d0%be%d0%bb%d0%b8%d1%87%d0%ba%d0%b0-%d0%b7%d0%b0-%d0%b8%d0%bd%d1%81%d1%82%d1%80%d1%83%d0%bc%d0%b5%d0%bd%d1%82%d0%b8\/#primaryimage","url":"https:\/\/www.jessanofis.com.tr\/wp-content\/uploads\/2023\/03\/jessan-takim-arabasi-5-cekmeceli-metal-celik-2-387x387.jpg","contentUrl":"https:\/\/www.jessanofis.com.tr\/wp-content\/uploads\/2023\/03\/jessan-takim-arabasi-5-cekmeceli-metal-celik-2-387x387.jpg"},{"@type":"BreadcrumbList","@id":"https:\/\/www.jessanofis.com.tr\/bg\/%d0%ba%d0%be%d0%bb%d0%b8%d1%87%d0%ba%d0%b0-%d0%b7%d0%b0-%d0%b8%d0%bd%d1%81%d1%82%d1%80%d1%83%d0%bc%d0%b5%d0%bd%d1%82%d0%b8\/#breadcrumb","itemListElement":[{"@type":"ListItem","position":1,"name":"Ana sayfa","item":"https:\/\/www.jessanofis.com.tr\/bg\/"},{"@type":"ListItem","position":2,"name":"\u041a\u043e\u043b\u0438\u0447\u043a\u0430 \u0437\u0430 \u0438\u043d\u0441\u0442\u0440\u0443\u043c\u0435\u043d\u0442\u0438"}]},{"@type":"WebSite","@id":"https:\/\/www.jessanofis.com.tr\/bg\/#website","url":"https:\/\/www.jessanofis.com.tr\/bg\/","name":"Jessan Metal Ofis Dolaplar\u0131","description":"En \u0130yi Kalite ve Uygun Fiyatlarla Standart Soyunma Dolaplar\u0131 Klas\u00f6r Dolaplar\u0131 Dosya ve Ecza Dolaplar\u0131 \u00d6\u011fretmen ve Telefon Dolaplar\u0131 Personel Temizlik Dolaplar\u0131 Ranza ve Raf Sistemleri Emanet Dolaplar\u0131 \u00dcretimi ve Sat\u0131\u015f\u0131 Yapmaktay\u0131z.","publisher":{"@id":"https:\/\/www.jessanofis.com.tr\/bg\/#organization"},"potentialAction":[{"@type":"SearchAction","target":{"@type":"EntryPoint","urlTemplate":"https:\/\/www.jessanofis.com.tr\/bg\/?s={search_term_string}"},"query-input":{"@type":"PropertyValueSpecification","valueRequired":true,"valueName":"search_term_string"}}],"inLanguage":"bg-BG"},{"@type":"Organization","@id":"https:\/\/www.jessanofis.com.tr\/bg\/#organization","name":"Jessan Metal Ofis Dolaplar\u0131","url":"https:\/\/www.jessanofis.com.tr\/bg\/","logo":{"@type":"ImageObject","inLanguage":"bg-BG","@id":"https:\/\/www.jessanofis.com.tr\/bg\/#\/schema\/logo\/image\/","url":"https:\/\/www.jessanofis.com.tr\/wp-content\/uploads\/2025\/03\/logo-600x600-1.jpg","contentUrl":"https:\/\/www.jessanofis.com.tr\/wp-content\/uploads\/2025\/03\/logo-600x600-1.jpg","width":600,"height":600,"caption":"Jessan Metal Ofis Dolaplar\u0131"},"image":{"@id":"https:\/\/www.jessanofis.com.tr\/bg\/#\/schema\/logo\/image\/"},"sameAs":["https:\/\/www.facebook.com\/jessanofismobilya\/","https:\/\/www.linkedin.com\/company\/jessanofis"]}]}},"_links":{"self":[{"href":"https:\/\/www.jessanofis.com.tr\/bg\/wp-json\/wp\/v2\/pages\/17437","targetHints":{"allow":["GET"]}}],"collection":[{"href":"https:\/\/www.jessanofis.com.tr\/bg\/wp-json\/wp\/v2\/pages"}],"about":[{"href":"https:\/\/www.jessanofis.com.tr\/bg\/wp-json\/wp\/v2\/types\/page"}],"author":[{"embeddable":true,"href":"https:\/\/www.jessanofis.com.tr\/bg\/wp-json\/wp\/v2\/users\/2"}],"replies":[{"embeddable":true,"href":"https:\/\/www.jessanofis.com.tr\/bg\/wp-json\/wp\/v2\/comments?post=17437"}],"version-history":[{"count":0,"href":"https:\/\/www.jessanofis.com.tr\/bg\/wp-json\/wp\/v2\/pages\/17437\/revisions"}],"wp:attachment":[{"href":"https:\/\/www.jessanofis.com.tr\/bg\/wp-json\/wp\/v2\/media?parent=17437"}],"curies":[{"name":"wp","href":"https:\/\/api.w.org\/{rel}","templated":true}]}}