{"id":14192,"date":"2020-04-20T04:31:48","date_gmt":"2020-04-20T01:31:48","guid":{"rendered":"https:\/\/www.jessanofis.com.tr\/vizyon-ve-misyonumuz\/"},"modified":"2024-01-26T07:33:14","modified_gmt":"2024-01-26T04:33:14","slug":"unsere-mission","status":"publish","type":"page","link":"https:\/\/www.jessanofis.com.tr\/de\/unsere-mission\/","title":{"rendered":"Unsere Mission"},"content":{"rendered":"<h3><strong>Unsere Mission<\/strong><strong>;<\/strong><\/h3>\n<ul>\n<li style=\"text-align: justify;\"><img fetchpriority=\"high\" decoding=\"async\" class=\"alignright wp-image-283 size-medium\" src=\"https:\/\/www.jessanofis.com.tr\/wp-content\/uploads\/2020\/04\/vizyonumunz-300x300.jpg\" alt=\"\" width=\"300\" height=\"300\" srcset=\"https:\/\/www.jessanofis.com.tr\/wp-content\/uploads\/2020\/04\/vizyonumunz-300x300.jpg 300w, https:\/\/www.jessanofis.com.tr\/wp-content\/uploads\/2020\/04\/vizyonumunz-387x387.jpg 387w, https:\/\/www.jessanofis.com.tr\/wp-content\/uploads\/2020\/04\/vizyonumunz-100x100.jpg 100w, https:\/\/www.jessanofis.com.tr\/wp-content\/uploads\/2020\/04\/vizyonumunz-600x600.jpg 600w, https:\/\/www.jessanofis.com.tr\/wp-content\/uploads\/2020\/04\/vizyonumunz-150x150.jpg 150w, https:\/\/www.jessanofis.com.tr\/wp-content\/uploads\/2020\/04\/vizyonumunz.jpg 689w\" sizes=\"(max-width: 300px) 100vw, 300px\" \/>Kreative L\u00f6sungen mit Arbeitsdisziplin, Arbeitsflei\u00df und st\u00e4ndiger Erneuerung anzubieten, die unsere berufliche Dynamik ausmachen.<\/li>\n<li>Immer das Beste und die h\u00f6chste Qualit\u00e4t f\u00fcr die Kundenzufriedenheit zu produzieren.<\/li>\n<li>Ein Unternehmen zu sein, das an der Spitze der Pr\u00e4ferenzen des Sektors steht, indem wir uns auf die Qualit\u00e4t der Dienstleistungen st\u00fctzen, die wir unserem Land anbieten.<\/li>\n<li>Ziel ist es, den Service, die Qualit\u00e4t und die Kapazit\u00e4t Tag f\u00fcr Tag zu verbessern.<\/li>\n<li>Leben und leben lassen, indem wir eine integrierte Identit\u00e4t mit Unternehmern, Managern, Mitarbeitern, Kunden und gesellschaftlichen Akteuren schaffen.<\/li>\n<li>Indem wir die Entwicklungen in der Welt aufmerksam verfolgen, uns auf F&amp;E-Studien konzentrieren und unseren Kunden die aus diesen Studien gewonnenen Erfahrungen im Lichte der modernen Technik pr\u00e4sentieren.<\/li>\n<\/ul>\n<h3><strong>Unsere Vision;<\/strong><\/h3>\n<p>Als Verfolger der sich entwickelnden Technologien wollen wir unseren Kunden Produkte anbieten, die mit der neuesten Technologie hergestellt werden und das f\u00fchrende Unternehmen in der T\u00fcrkei sein. <em>Unseren Kunden einen freundlichen Service und die Erfahrung zu bieten, die wir durch unsere f\u00fchrende Rolle in der Stahlbranche mit all ihren qualit\u00e4ts- und kundenorientierten Ans\u00e4tzen gewonnen haben.<\/em><\/p>\n<p><strong>Unsere Ziele zur Umsetzung dieser Mission:<\/strong><\/p>\n<p><em>Das Erreichen <\/em>von Produktqualit\u00e4t und Standardisierung, die im Rahmen der Grunds\u00e4tze f\u00fcr Rentabilit\u00e4t, Effizienz und Effektivit\u00e4t mit der Welt konkurrieren k\u00f6nnen, kontinuierliche Verbesserungen f\u00fcr ein effektives und effizientes Ressourcenmanagement durchzuf\u00fchren, Ermittlung und Umsetzung von Marketingstrategien und -Richtlinien, die mit der Produktionsinfrastruktur im In- und Ausland kompatibel sind.<\/p>\n<p>Ein Unternehmen zu sein, das seinen Erfolg an der Kundenzufriedenheit misst und schnelle, effektive und qualitativ hochwertige L\u00f6sungen f\u00fcr die Kundenbed\u00fcrfnisse anbietet.<\/p>\n","protected":false},"excerpt":{"rendered":"<p>Unsere Mission; Kreative L\u00f6sungen mit Arbeitsdisziplin, Arbeitsflei\u00df und st\u00e4ndiger Erneuerung anzubieten, die unsere berufliche Dynamik ausmachen. Immer das Beste und die h\u00f6chste Qualit\u00e4t f\u00fcr die Kundenzufriedenheit zu produzieren. Ein Unternehmen zu sein, das an der Spitze der Pr\u00e4ferenzen des Sektors steht, indem wir uns auf die Qualit\u00e4t der Dienstleistungen st\u00fctzen, die wir unserem Land anbieten. [&hellip;]<\/p>\n","protected":false},"author":1,"featured_media":0,"parent":0,"menu_order":0,"comment_status":"closed","ping_status":"closed","template":"","meta":{"footnotes":""},"class_list":["post-14192","page","type-page","status-publish","hentry"],"yoast_head":"<!-- This site is optimized with the Yoast SEO Premium plugin v26.5 (Yoast SEO v26.5) - https:\/\/yoast.com\/wordpress\/plugins\/seo\/ -->\n<title>Unsere Mission - Jessan Ofis ve B\u00fcro Mobilyalar\u0131<\/title>\n<meta name=\"robots\" content=\"index, follow, max-snippet:-1, max-image-preview:large, max-video-preview:-1\" \/>\n<link rel=\"canonical\" href=\"https:\/\/www.jessanofis.com.tr\/de\/unsere-mission\/\" \/>\n<meta property=\"og:locale\" content=\"de_DE\" \/>\n<meta property=\"og:type\" content=\"article\" \/>\n<meta property=\"og:title\" content=\"Unsere Mission\" \/>\n<meta property=\"og:description\" content=\"Unsere Mission; Kreative L\u00f6sungen mit Arbeitsdisziplin, Arbeitsflei\u00df und st\u00e4ndiger Erneuerung anzubieten, die unsere berufliche Dynamik ausmachen. Immer das Beste und die h\u00f6chste Qualit\u00e4t f\u00fcr die Kundenzufriedenheit zu produzieren. Ein Unternehmen zu sein, das an der Spitze der Pr\u00e4ferenzen des Sektors steht, indem wir uns auf die Qualit\u00e4t der Dienstleistungen st\u00fctzen, die wir unserem Land anbieten. [&hellip;]\" \/>\n<meta property=\"og:url\" content=\"https:\/\/www.jessanofis.com.tr\/de\/unsere-mission\/\" \/>\n<meta property=\"og:site_name\" content=\"Jessan Ofis ve B\u00fcro Mobilyalar\u0131\" \/>\n<meta property=\"article:publisher\" content=\"https:\/\/www.facebook.com\/jessanofismobilya\/\" \/>\n<meta property=\"article:modified_time\" content=\"2024-01-26T04:33:14+00:00\" \/>\n<meta property=\"og:image\" content=\"https:\/\/www.jessanofis.com.tr\/wp-content\/uploads\/2020\/04\/vizyonumunz-300x300.jpg\" \/>\n<meta name=\"twitter:card\" content=\"summary_large_image\" \/>\n<meta name=\"twitter:label1\" content=\"Gesch\u00e4tzte Lesezeit\" \/>\n\t<meta name=\"twitter:data1\" content=\"1\u00a0Minute\" \/>\n<script type=\"application\/ld+json\" class=\"yoast-schema-graph\">{\"@context\":\"https:\/\/schema.org\",\"@graph\":[{\"@type\":\"WebPage\",\"@id\":\"https:\/\/www.jessanofis.com.tr\/de\/unsere-mission\/\",\"url\":\"https:\/\/www.jessanofis.com.tr\/de\/unsere-mission\/\",\"name\":\"Unsere Mission - Jessan Ofis ve B\u00fcro Mobilyalar\u0131\",\"isPartOf\":{\"@id\":\"https:\/\/www.jessanofis.com.tr\/de\/#website\"},\"primaryImageOfPage\":{\"@id\":\"https:\/\/www.jessanofis.com.tr\/de\/unsere-mission\/#primaryimage\"},\"image\":{\"@id\":\"https:\/\/www.jessanofis.com.tr\/de\/unsere-mission\/#primaryimage\"},\"thumbnailUrl\":\"https:\/\/www.jessanofis.com.tr\/wp-content\/uploads\/2020\/04\/vizyonumunz-300x300.jpg\",\"datePublished\":\"2020-04-20T01:31:48+00:00\",\"dateModified\":\"2024-01-26T04:33:14+00:00\",\"breadcrumb\":{\"@id\":\"https:\/\/www.jessanofis.com.tr\/de\/unsere-mission\/#breadcrumb\"},\"inLanguage\":\"de\",\"potentialAction\":[{\"@type\":\"ReadAction\",\"target\":[\"https:\/\/www.jessanofis.com.tr\/de\/unsere-mission\/\"]}]},{\"@type\":\"ImageObject\",\"inLanguage\":\"de\",\"@id\":\"https:\/\/www.jessanofis.com.tr\/de\/unsere-mission\/#primaryimage\",\"url\":\"https:\/\/www.jessanofis.com.tr\/wp-content\/uploads\/2020\/04\/vizyonumunz-300x300.jpg\",\"contentUrl\":\"https:\/\/www.jessanofis.com.tr\/wp-content\/uploads\/2020\/04\/vizyonumunz-300x300.jpg\"},{\"@type\":\"BreadcrumbList\",\"@id\":\"https:\/\/www.jessanofis.com.tr\/de\/unsere-mission\/#breadcrumb\",\"itemListElement\":[{\"@type\":\"ListItem\",\"position\":1,\"name\":\"Ana sayfa\",\"item\":\"https:\/\/www.jessanofis.com.tr\/de\/\"},{\"@type\":\"ListItem\",\"position\":2,\"name\":\"Unsere Mission\"}]},{\"@type\":\"WebSite\",\"@id\":\"https:\/\/www.jessanofis.com.tr\/de\/#website\",\"url\":\"https:\/\/www.jessanofis.com.tr\/de\/\",\"name\":\"Jessan Metal Ofis Dolaplar\u0131\",\"description\":\"En \u0130yi Kalite ve Uygun Fiyatlarla Standart Soyunma Dolaplar\u0131 Klas\u00f6r Dolaplar\u0131 Dosya ve Ecza Dolaplar\u0131 \u00d6\u011fretmen ve Telefon Dolaplar\u0131 Personel Temizlik Dolaplar\u0131 Ranza ve Raf Sistemleri Emanet Dolaplar\u0131 \u00dcretimi ve Sat\u0131\u015f\u0131 Yapmaktay\u0131z.\",\"publisher\":{\"@id\":\"https:\/\/www.jessanofis.com.tr\/de\/#organization\"},\"potentialAction\":[{\"@type\":\"SearchAction\",\"target\":{\"@type\":\"EntryPoint\",\"urlTemplate\":\"https:\/\/www.jessanofis.com.tr\/de\/?s={search_term_string}\"},\"query-input\":{\"@type\":\"PropertyValueSpecification\",\"valueRequired\":true,\"valueName\":\"search_term_string\"}}],\"inLanguage\":\"de\"},{\"@type\":\"Organization\",\"@id\":\"https:\/\/www.jessanofis.com.tr\/de\/#organization\",\"name\":\"Jessan Metal Ofis Dolaplar\u0131\",\"url\":\"https:\/\/www.jessanofis.com.tr\/de\/\",\"logo\":{\"@type\":\"ImageObject\",\"inLanguage\":\"de\",\"@id\":\"https:\/\/www.jessanofis.com.tr\/de\/#\/schema\/logo\/image\/\",\"url\":\"https:\/\/www.jessanofis.com.tr\/wp-content\/uploads\/2025\/03\/logo-600x600-1.jpg\",\"contentUrl\":\"https:\/\/www.jessanofis.com.tr\/wp-content\/uploads\/2025\/03\/logo-600x600-1.jpg\",\"width\":600,\"height\":600,\"caption\":\"Jessan Metal Ofis Dolaplar\u0131\"},\"image\":{\"@id\":\"https:\/\/www.jessanofis.com.tr\/de\/#\/schema\/logo\/image\/\"},\"sameAs\":[\"https:\/\/www.facebook.com\/jessanofismobilya\/\",\"https:\/\/www.linkedin.com\/company\/jessanofis\"]}]}<\/script>\n<!-- \/ Yoast SEO Premium plugin. -->","yoast_head_json":{"title":"Unsere Mission - Jessan Ofis ve B\u00fcro Mobilyalar\u0131","robots":{"index":"index","follow":"follow","max-snippet":"max-snippet:-1","max-image-preview":"max-image-preview:large","max-video-preview":"max-video-preview:-1"},"canonical":"https:\/\/www.jessanofis.com.tr\/de\/unsere-mission\/","og_locale":"de_DE","og_type":"article","og_title":"Unsere Mission","og_description":"Unsere Mission; Kreative L\u00f6sungen mit Arbeitsdisziplin, Arbeitsflei\u00df und st\u00e4ndiger Erneuerung anzubieten, die unsere berufliche Dynamik ausmachen. Immer das Beste und die h\u00f6chste Qualit\u00e4t f\u00fcr die Kundenzufriedenheit zu produzieren. Ein Unternehmen zu sein, das an der Spitze der Pr\u00e4ferenzen des Sektors steht, indem wir uns auf die Qualit\u00e4t der Dienstleistungen st\u00fctzen, die wir unserem Land anbieten. [&hellip;]","og_url":"https:\/\/www.jessanofis.com.tr\/de\/unsere-mission\/","og_site_name":"Jessan Ofis ve B\u00fcro Mobilyalar\u0131","article_publisher":"https:\/\/www.facebook.com\/jessanofismobilya\/","article_modified_time":"2024-01-26T04:33:14+00:00","og_image":[{"url":"https:\/\/www.jessanofis.com.tr\/wp-content\/uploads\/2020\/04\/vizyonumunz-300x300.jpg","type":"","width":"","height":""}],"twitter_card":"summary_large_image","twitter_misc":{"Gesch\u00e4tzte Lesezeit":"1\u00a0Minute"},"schema":{"@context":"https:\/\/schema.org","@graph":[{"@type":"WebPage","@id":"https:\/\/www.jessanofis.com.tr\/de\/unsere-mission\/","url":"https:\/\/www.jessanofis.com.tr\/de\/unsere-mission\/","name":"Unsere Mission - Jessan Ofis ve B\u00fcro Mobilyalar\u0131","isPartOf":{"@id":"https:\/\/www.jessanofis.com.tr\/de\/#website"},"primaryImageOfPage":{"@id":"https:\/\/www.jessanofis.com.tr\/de\/unsere-mission\/#primaryimage"},"image":{"@id":"https:\/\/www.jessanofis.com.tr\/de\/unsere-mission\/#primaryimage"},"thumbnailUrl":"https:\/\/www.jessanofis.com.tr\/wp-content\/uploads\/2020\/04\/vizyonumunz-300x300.jpg","datePublished":"2020-04-20T01:31:48+00:00","dateModified":"2024-01-26T04:33:14+00:00","breadcrumb":{"@id":"https:\/\/www.jessanofis.com.tr\/de\/unsere-mission\/#breadcrumb"},"inLanguage":"de","potentialAction":[{"@type":"ReadAction","target":["https:\/\/www.jessanofis.com.tr\/de\/unsere-mission\/"]}]},{"@type":"ImageObject","inLanguage":"de","@id":"https:\/\/www.jessanofis.com.tr\/de\/unsere-mission\/#primaryimage","url":"https:\/\/www.jessanofis.com.tr\/wp-content\/uploads\/2020\/04\/vizyonumunz-300x300.jpg","contentUrl":"https:\/\/www.jessanofis.com.tr\/wp-content\/uploads\/2020\/04\/vizyonumunz-300x300.jpg"},{"@type":"BreadcrumbList","@id":"https:\/\/www.jessanofis.com.tr\/de\/unsere-mission\/#breadcrumb","itemListElement":[{"@type":"ListItem","position":1,"name":"Ana sayfa","item":"https:\/\/www.jessanofis.com.tr\/de\/"},{"@type":"ListItem","position":2,"name":"Unsere Mission"}]},{"@type":"WebSite","@id":"https:\/\/www.jessanofis.com.tr\/de\/#website","url":"https:\/\/www.jessanofis.com.tr\/de\/","name":"Jessan Metal Ofis Dolaplar\u0131","description":"En \u0130yi Kalite ve Uygun Fiyatlarla Standart Soyunma Dolaplar\u0131 Klas\u00f6r Dolaplar\u0131 Dosya ve Ecza Dolaplar\u0131 \u00d6\u011fretmen ve Telefon Dolaplar\u0131 Personel Temizlik Dolaplar\u0131 Ranza ve Raf Sistemleri Emanet Dolaplar\u0131 \u00dcretimi ve Sat\u0131\u015f\u0131 Yapmaktay\u0131z.","publisher":{"@id":"https:\/\/www.jessanofis.com.tr\/de\/#organization"},"potentialAction":[{"@type":"SearchAction","target":{"@type":"EntryPoint","urlTemplate":"https:\/\/www.jessanofis.com.tr\/de\/?s={search_term_string}"},"query-input":{"@type":"PropertyValueSpecification","valueRequired":true,"valueName":"search_term_string"}}],"inLanguage":"de"},{"@type":"Organization","@id":"https:\/\/www.jessanofis.com.tr\/de\/#organization","name":"Jessan Metal Ofis Dolaplar\u0131","url":"https:\/\/www.jessanofis.com.tr\/de\/","logo":{"@type":"ImageObject","inLanguage":"de","@id":"https:\/\/www.jessanofis.com.tr\/de\/#\/schema\/logo\/image\/","url":"https:\/\/www.jessanofis.com.tr\/wp-content\/uploads\/2025\/03\/logo-600x600-1.jpg","contentUrl":"https:\/\/www.jessanofis.com.tr\/wp-content\/uploads\/2025\/03\/logo-600x600-1.jpg","width":600,"height":600,"caption":"Jessan Metal Ofis Dolaplar\u0131"},"image":{"@id":"https:\/\/www.jessanofis.com.tr\/de\/#\/schema\/logo\/image\/"},"sameAs":["https:\/\/www.facebook.com\/jessanofismobilya\/","https:\/\/www.linkedin.com\/company\/jessanofis"]}]}},"_links":{"self":[{"href":"https:\/\/www.jessanofis.com.tr\/de\/wp-json\/wp\/v2\/pages\/14192","targetHints":{"allow":["GET"]}}],"collection":[{"href":"https:\/\/www.jessanofis.com.tr\/de\/wp-json\/wp\/v2\/pages"}],"about":[{"href":"https:\/\/www.jessanofis.com.tr\/de\/wp-json\/wp\/v2\/types\/page"}],"author":[{"embeddable":true,"href":"https:\/\/www.jessanofis.com.tr\/de\/wp-json\/wp\/v2\/users\/1"}],"replies":[{"embeddable":true,"href":"https:\/\/www.jessanofis.com.tr\/de\/wp-json\/wp\/v2\/comments?post=14192"}],"version-history":[{"count":0,"href":"https:\/\/www.jessanofis.com.tr\/de\/wp-json\/wp\/v2\/pages\/14192\/revisions"}],"wp:attachment":[{"href":"https:\/\/www.jessanofis.com.tr\/de\/wp-json\/wp\/v2\/media?parent=14192"}],"curies":[{"name":"wp","href":"https:\/\/api.w.org\/{rel}","templated":true}]}}