{"id":14337,"date":"2022-02-15T18:19:11","date_gmt":"2022-02-15T15:19:11","guid":{"rendered":"https:\/\/www.jessanofis.com.tr\/takim-arabalari\/"},"modified":"2024-01-26T09:15:07","modified_gmt":"2024-01-26T06:15:07","slug":"werkstattwagen","status":"publish","type":"page","link":"https:\/\/www.jessanofis.com.tr\/de\/werkstattwagen\/","title":{"rendered":"Werkstattwagen"},"content":{"rendered":"\t\t<div data-elementor-type=\"wp-page\" data-elementor-id=\"14337\" class=\"elementor elementor-14337 elementor-888\">\n\t\t\t\t\t\t<section class=\"elementor-section elementor-top-section elementor-element elementor-element-590a7c76 elementor-section-boxed elementor-section-height-default elementor-section-height-default default-style\" data-id=\"590a7c76\" data-element_type=\"section\" data-settings=\"{&quot;rt_color_sets&quot;:&quot;default-style&quot;}\">\n\t\t\t\t\t\t<div class=\"elementor-container elementor-column-gap-default\">\n\t\t\t\t\t<div class=\"elementor-column elementor-col-100 elementor-top-column elementor-element elementor-element-69169ba8\" data-id=\"69169ba8\" data-element_type=\"column\">\n\t\t\t<div class=\"elementor-widget-wrap elementor-element-populated\">\n\t\t\t\t\t\t<div class=\"elementor-element elementor-element-1d5146f7 elementor-widget elementor-widget-text-editor\" data-id=\"1d5146f7\" data-element_type=\"widget\" data-widget_type=\"text-editor.default\">\n\t\t\t\t<div class=\"elementor-widget-container\">\n\t\t\t\t\t\t\t\t\t<p style=\"text-align: justify;\">Werkzeugwagen; Er erm\u00f6glicht die geordnete Lagerung von Handwerkzeugen oder anderen notwendigen Materialien. Sie k\u00f6nnen in Autowerkst\u00e4tten, Schreinereien zur Materiallagerung und f\u00fcr verschiedene Aufgaben eingesetzt werden. Dank des Verriegelungsmechanismus der Schubladen k\u00f6nnen Sie Ihre Sachen sicher aufbewahren und leicht darauf zugreifen. Einer der gr\u00f6\u00dften Vorteile von Werkzeugwagen mit Schubladen ist ihre Mobilit\u00e4t. Dank der R\u00e4der k\u00f6nnen Sie das ben\u00f6tigte Material leicht mitnehmen und den Wagen nach getaner Arbeit dorthin bewegen, wo Sie wollen. Das sorgt f\u00fcr mehr Organisation und Effizienz an Ihrem Arbeitsplatz.<\/p><p style=\"text-align: justify;\">Es hilft, Materialien einfacher und schneller von einem Ort zum anderen zu transportieren. Werkzeugwagen, die in der Regel in der Automobilindustrie oder bei Wartungs- und Reparaturdiensten in Fabriken eingesetzt werden, sind Ger\u00e4te, die den praktischen Zugriff auf h\u00e4ufig verwendete Handwerkzeuge erm\u00f6glichen und verhindern, dass diese verloren gehen.<\/p><p style=\"text-align: justify;\">Dar\u00fcber hinaus sind die Einsatzbereiche von Schubladenwagen recht breit gef\u00e4chert. Alles in allem sind Werkzeugwagen mit Schubladen eine bequeme und praktische Option f\u00fcr alle, die eine organisierte Aufbewahrungs- und Transportl\u00f6sung suchen.<\/p><p style=\"text-align: justify;\">Jessan B\u00fcrom\u00f6bel, die den W\u00fcnschen und Erwartungen der Menschen entsprechen, haben bei den Mannschaftswagen wie bei allen anderen Produkten Qualit\u00e4tsarbeit geleistet. \u00a0Die Robustheit, Langlebigkeit und Funktion des Produkts, die in direktem Verh\u00e4ltnis zur Qualit\u00e4t der in der Produktionsphase der Jessan-B\u00fcroteamwagen verwendeten Materialien stehen, geh\u00f6ren zu den herausragenden Merkmalen.<\/p>\t\t\t\t\t\t\t\t<\/div>\n\t\t\t\t<\/div>\n\t\t\t\t\t<\/div>\n\t\t<\/div>\n\t\t\t\t\t<\/div>\n\t\t<\/section>\n\t\t\t\t<section class=\"elementor-section elementor-top-section elementor-element elementor-element-33b18aa elementor-section-boxed elementor-section-height-default elementor-section-height-default default-style\" data-id=\"33b18aa\" data-element_type=\"section\" data-settings=\"{&quot;rt_color_sets&quot;:&quot;default-style&quot;}\">\n\t\t\t\t\t\t<div class=\"elementor-container elementor-column-gap-default\">\n\t\t\t\t\t<div class=\"elementor-column elementor-col-100 elementor-top-column elementor-element elementor-element-e3b505d\" data-id=\"e3b505d\" data-element_type=\"column\">\n\t\t\t<div class=\"elementor-widget-wrap elementor-element-populated\">\n\t\t\t\t\t\t<div class=\"elementor-element elementor-element-4144992 elementor-widget elementor-widget-rt-woocommerce-products\" data-id=\"4144992\" data-element_type=\"widget\" data-widget_type=\"rt-woocommerce-products.default\">\n\t\t\t\t<div class=\"elementor-widget-container\">\n\t\t\t\t\t<div class=\"woocommerce columns-3 \"><ul class=\"products columns-3\">\n<li class=\"product type-product post-14104 status-publish first instock product_cat-werkstattwagen has-post-thumbnail product-type-external\">\n\t<div class=\"businesslounge-wc-image-holder\">\n<a href=\"https:\/\/www.jessanofis.com.tr\/de\/urun\/werkzeugwagen-mit-5-schubladen\/\" class=\"woocommerce-LoopProduct-link woocommerce-loop-product__link\"><img fetchpriority=\"high\" decoding=\"async\" width=\"387\" height=\"387\" src=\"https:\/\/www.jessanofis.com.tr\/wp-content\/uploads\/2023\/03\/jessan-takim-arabasi-5-cekmeceli-metal-celik-2-387x387.jpg\" class=\"attachment-woocommerce_thumbnail size-woocommerce_thumbnail\" alt=\"Werkzeugwagen mit 5 Schubladen\" srcset=\"https:\/\/www.jessanofis.com.tr\/wp-content\/uploads\/2023\/03\/jessan-takim-arabasi-5-cekmeceli-metal-celik-2-387x387.jpg 387w, https:\/\/www.jessanofis.com.tr\/wp-content\/uploads\/2023\/03\/jessan-takim-arabasi-5-cekmeceli-metal-celik-2-300x300.jpg 300w, https:\/\/www.jessanofis.com.tr\/wp-content\/uploads\/2023\/03\/jessan-takim-arabasi-5-cekmeceli-metal-celik-2-150x150.jpg 150w, https:\/\/www.jessanofis.com.tr\/wp-content\/uploads\/2023\/03\/jessan-takim-arabasi-5-cekmeceli-metal-celik-2-768x768.jpg 768w, https:\/\/www.jessanofis.com.tr\/wp-content\/uploads\/2023\/03\/jessan-takim-arabasi-5-cekmeceli-metal-celik-2-500x500.jpg 500w, https:\/\/www.jessanofis.com.tr\/wp-content\/uploads\/2023\/03\/jessan-takim-arabasi-5-cekmeceli-metal-celik-2-600x600.jpg 600w, https:\/\/www.jessanofis.com.tr\/wp-content\/uploads\/2023\/03\/jessan-takim-arabasi-5-cekmeceli-metal-celik-2-100x100.jpg 100w, https:\/\/www.jessanofis.com.tr\/wp-content\/uploads\/2023\/03\/jessan-takim-arabasi-5-cekmeceli-metal-celik-2.jpg 1000w\" sizes=\"(max-width: 387px) 100vw, 387px\" \/><\/a><a href=\"https:\/\/jessanofis.com\/jessan-ofis-5-cekmeceli-takim-arabasi-51\" aria-describedby=\"woocommerce_loop_add_to_cart_link_describedby_14104\" data-quantity=\"1\" class=\"button product_type_external\" data-product_id=\"14104\" data-product_sku=\"JS1031-DE\" aria-label=\"&#8222;Werkzeugwagen mit 5 Schubladen&#8220; kaufen\" rel=\"nofollow\">Produkt kaufen<\/a>\t<span id=\"woocommerce_loop_add_to_cart_link_describedby_14104\" class=\"screen-reader-text\">\n\t\t\t<\/span>\n<\/div>\n<div class=\"businesslounge-product-content-holder\">\n<a href=\"https:\/\/www.jessanofis.com.tr\/de\/urun\/werkzeugwagen-mit-5-schubladen\/\" class=\"woocommerce-LoopProduct-link woocommerce-loop-product__link\"><h2 class=\"woocommerce-loop-product__title\">Werkzeugwagen mit 5 Schubladen<\/h2><\/a>\n<\/div>\n<span class=\"gtmkit_product_data\" style=\"display:none;visibility:hidden\" data-gtmkit_product_id=\"14104\" data-gtmkit_product_data=\"{&quot;id&quot;:&quot;14104&quot;,&quot;item_id&quot;:&quot;14104&quot;,&quot;item_name&quot;:&quot;Werkzeugwagen mit 5 Schubladen&quot;,&quot;currency&quot;:&quot;TRY&quot;,&quot;price&quot;:0,&quot;item_category&quot;:&quot;Werkstattwagen&quot;,&quot;item_list_name&quot;:&quot;Recent Products&quot;,&quot;index&quot;:1}\"><\/span><\/li>\n<\/ul>\n<\/div>\t\t\t\t<\/div>\n\t\t\t\t<\/div>\n\t\t\t\t\t<\/div>\n\t\t<\/div>\n\t\t\t\t\t<\/div>\n\t\t<\/section>\n\t\t\t\t<\/div>\n\t\t","protected":false},"excerpt":{"rendered":"<p>Werkzeugwagen; Er erm\u00f6glicht die geordnete Lagerung von Handwerkzeugen oder anderen notwendigen Materialien. Sie k\u00f6nnen in Autowerkst\u00e4tten, Schreinereien zur Materiallagerung und f\u00fcr verschiedene Aufgaben eingesetzt werden. Dank des Verriegelungsmechanismus der Schubladen k\u00f6nnen Sie Ihre Sachen sicher aufbewahren und leicht darauf zugreifen. Einer der gr\u00f6\u00dften Vorteile von Werkzeugwagen mit Schubladen ist ihre Mobilit\u00e4t. Dank der R\u00e4der k\u00f6nnen [&hellip;]<\/p>\n","protected":false},"author":2,"featured_media":0,"parent":0,"menu_order":0,"comment_status":"closed","ping_status":"closed","template":"","meta":{"footnotes":""},"class_list":["post-14337","page","type-page","status-publish","hentry"],"yoast_head":"<!-- This site is optimized with the Yoast SEO Premium plugin v26.5 (Yoast SEO v26.5) - https:\/\/yoast.com\/wordpress\/plugins\/seo\/ -->\n<title>Werkstattwagen - Jessan Ofis ve B\u00fcro Mobilyalar\u0131<\/title>\n<meta name=\"robots\" content=\"index, follow, max-snippet:-1, max-image-preview:large, max-video-preview:-1\" \/>\n<link rel=\"canonical\" href=\"https:\/\/www.jessanofis.com.tr\/de\/werkstattwagen\/\" \/>\n<meta property=\"og:locale\" content=\"de_DE\" \/>\n<meta property=\"og:type\" content=\"article\" \/>\n<meta property=\"og:title\" content=\"Werkstattwagen\" \/>\n<meta property=\"og:description\" content=\"Werkzeugwagen; Er erm\u00f6glicht die geordnete Lagerung von Handwerkzeugen oder anderen notwendigen Materialien. Sie k\u00f6nnen in Autowerkst\u00e4tten, Schreinereien zur Materiallagerung und f\u00fcr verschiedene Aufgaben eingesetzt werden. Dank des Verriegelungsmechanismus der Schubladen k\u00f6nnen Sie Ihre Sachen sicher aufbewahren und leicht darauf zugreifen. Einer der gr\u00f6\u00dften Vorteile von Werkzeugwagen mit Schubladen ist ihre Mobilit\u00e4t. Dank der R\u00e4der k\u00f6nnen [&hellip;]\" \/>\n<meta property=\"og:url\" content=\"https:\/\/www.jessanofis.com.tr\/de\/werkstattwagen\/\" \/>\n<meta property=\"og:site_name\" content=\"Jessan Ofis ve B\u00fcro Mobilyalar\u0131\" \/>\n<meta property=\"article:publisher\" content=\"https:\/\/www.facebook.com\/jessanofismobilya\/\" \/>\n<meta property=\"article:modified_time\" content=\"2024-01-26T06:15:07+00:00\" \/>\n<meta property=\"og:image\" content=\"https:\/\/www.jessanofis.com.tr\/wp-content\/uploads\/2023\/03\/jessan-takim-arabasi-5-cekmeceli-metal-celik-2-387x387.jpg\" \/>\n<meta name=\"twitter:card\" content=\"summary_large_image\" \/>\n<meta name=\"twitter:label1\" content=\"Gesch\u00e4tzte Lesezeit\" \/>\n\t<meta name=\"twitter:data1\" content=\"1\u00a0Minute\" \/>\n<script type=\"application\/ld+json\" class=\"yoast-schema-graph\">{\"@context\":\"https:\/\/schema.org\",\"@graph\":[{\"@type\":\"WebPage\",\"@id\":\"https:\/\/www.jessanofis.com.tr\/de\/werkstattwagen\/\",\"url\":\"https:\/\/www.jessanofis.com.tr\/de\/werkstattwagen\/\",\"name\":\"Werkstattwagen - Jessan Ofis ve B\u00fcro Mobilyalar\u0131\",\"isPartOf\":{\"@id\":\"https:\/\/www.jessanofis.com.tr\/de\/#website\"},\"primaryImageOfPage\":{\"@id\":\"https:\/\/www.jessanofis.com.tr\/de\/werkstattwagen\/#primaryimage\"},\"image\":{\"@id\":\"https:\/\/www.jessanofis.com.tr\/de\/werkstattwagen\/#primaryimage\"},\"thumbnailUrl\":\"https:\/\/www.jessanofis.com.tr\/wp-content\/uploads\/2023\/03\/jessan-takim-arabasi-5-cekmeceli-metal-celik-2-387x387.jpg\",\"datePublished\":\"2022-02-15T15:19:11+00:00\",\"dateModified\":\"2024-01-26T06:15:07+00:00\",\"breadcrumb\":{\"@id\":\"https:\/\/www.jessanofis.com.tr\/de\/werkstattwagen\/#breadcrumb\"},\"inLanguage\":\"de\",\"potentialAction\":[{\"@type\":\"ReadAction\",\"target\":[\"https:\/\/www.jessanofis.com.tr\/de\/werkstattwagen\/\"]}]},{\"@type\":\"ImageObject\",\"inLanguage\":\"de\",\"@id\":\"https:\/\/www.jessanofis.com.tr\/de\/werkstattwagen\/#primaryimage\",\"url\":\"https:\/\/www.jessanofis.com.tr\/wp-content\/uploads\/2023\/03\/jessan-takim-arabasi-5-cekmeceli-metal-celik-2-387x387.jpg\",\"contentUrl\":\"https:\/\/www.jessanofis.com.tr\/wp-content\/uploads\/2023\/03\/jessan-takim-arabasi-5-cekmeceli-metal-celik-2-387x387.jpg\"},{\"@type\":\"BreadcrumbList\",\"@id\":\"https:\/\/www.jessanofis.com.tr\/de\/werkstattwagen\/#breadcrumb\",\"itemListElement\":[{\"@type\":\"ListItem\",\"position\":1,\"name\":\"Ana sayfa\",\"item\":\"https:\/\/www.jessanofis.com.tr\/de\/\"},{\"@type\":\"ListItem\",\"position\":2,\"name\":\"Werkstattwagen\"}]},{\"@type\":\"WebSite\",\"@id\":\"https:\/\/www.jessanofis.com.tr\/de\/#website\",\"url\":\"https:\/\/www.jessanofis.com.tr\/de\/\",\"name\":\"Jessan Metal Ofis Dolaplar\u0131\",\"description\":\"En \u0130yi Kalite ve Uygun Fiyatlarla Standart Soyunma Dolaplar\u0131 Klas\u00f6r Dolaplar\u0131 Dosya ve Ecza Dolaplar\u0131 \u00d6\u011fretmen ve Telefon Dolaplar\u0131 Personel Temizlik Dolaplar\u0131 Ranza ve Raf Sistemleri Emanet Dolaplar\u0131 \u00dcretimi ve Sat\u0131\u015f\u0131 Yapmaktay\u0131z.\",\"publisher\":{\"@id\":\"https:\/\/www.jessanofis.com.tr\/de\/#organization\"},\"potentialAction\":[{\"@type\":\"SearchAction\",\"target\":{\"@type\":\"EntryPoint\",\"urlTemplate\":\"https:\/\/www.jessanofis.com.tr\/de\/?s={search_term_string}\"},\"query-input\":{\"@type\":\"PropertyValueSpecification\",\"valueRequired\":true,\"valueName\":\"search_term_string\"}}],\"inLanguage\":\"de\"},{\"@type\":\"Organization\",\"@id\":\"https:\/\/www.jessanofis.com.tr\/de\/#organization\",\"name\":\"Jessan Metal Ofis Dolaplar\u0131\",\"url\":\"https:\/\/www.jessanofis.com.tr\/de\/\",\"logo\":{\"@type\":\"ImageObject\",\"inLanguage\":\"de\",\"@id\":\"https:\/\/www.jessanofis.com.tr\/de\/#\/schema\/logo\/image\/\",\"url\":\"https:\/\/www.jessanofis.com.tr\/wp-content\/uploads\/2025\/03\/logo-600x600-1.jpg\",\"contentUrl\":\"https:\/\/www.jessanofis.com.tr\/wp-content\/uploads\/2025\/03\/logo-600x600-1.jpg\",\"width\":600,\"height\":600,\"caption\":\"Jessan Metal Ofis Dolaplar\u0131\"},\"image\":{\"@id\":\"https:\/\/www.jessanofis.com.tr\/de\/#\/schema\/logo\/image\/\"},\"sameAs\":[\"https:\/\/www.facebook.com\/jessanofismobilya\/\",\"https:\/\/www.linkedin.com\/company\/jessanofis\"]}]}<\/script>\n<!-- \/ Yoast SEO Premium plugin. -->","yoast_head_json":{"title":"Werkstattwagen - Jessan Ofis ve B\u00fcro Mobilyalar\u0131","robots":{"index":"index","follow":"follow","max-snippet":"max-snippet:-1","max-image-preview":"max-image-preview:large","max-video-preview":"max-video-preview:-1"},"canonical":"https:\/\/www.jessanofis.com.tr\/de\/werkstattwagen\/","og_locale":"de_DE","og_type":"article","og_title":"Werkstattwagen","og_description":"Werkzeugwagen; Er erm\u00f6glicht die geordnete Lagerung von Handwerkzeugen oder anderen notwendigen Materialien. Sie k\u00f6nnen in Autowerkst\u00e4tten, Schreinereien zur Materiallagerung und f\u00fcr verschiedene Aufgaben eingesetzt werden. Dank des Verriegelungsmechanismus der Schubladen k\u00f6nnen Sie Ihre Sachen sicher aufbewahren und leicht darauf zugreifen. Einer der gr\u00f6\u00dften Vorteile von Werkzeugwagen mit Schubladen ist ihre Mobilit\u00e4t. Dank der R\u00e4der k\u00f6nnen [&hellip;]","og_url":"https:\/\/www.jessanofis.com.tr\/de\/werkstattwagen\/","og_site_name":"Jessan Ofis ve B\u00fcro Mobilyalar\u0131","article_publisher":"https:\/\/www.facebook.com\/jessanofismobilya\/","article_modified_time":"2024-01-26T06:15:07+00:00","og_image":[{"url":"https:\/\/www.jessanofis.com.tr\/wp-content\/uploads\/2023\/03\/jessan-takim-arabasi-5-cekmeceli-metal-celik-2-387x387.jpg","type":"","width":"","height":""}],"twitter_card":"summary_large_image","twitter_misc":{"Gesch\u00e4tzte Lesezeit":"1\u00a0Minute"},"schema":{"@context":"https:\/\/schema.org","@graph":[{"@type":"WebPage","@id":"https:\/\/www.jessanofis.com.tr\/de\/werkstattwagen\/","url":"https:\/\/www.jessanofis.com.tr\/de\/werkstattwagen\/","name":"Werkstattwagen - Jessan Ofis ve B\u00fcro Mobilyalar\u0131","isPartOf":{"@id":"https:\/\/www.jessanofis.com.tr\/de\/#website"},"primaryImageOfPage":{"@id":"https:\/\/www.jessanofis.com.tr\/de\/werkstattwagen\/#primaryimage"},"image":{"@id":"https:\/\/www.jessanofis.com.tr\/de\/werkstattwagen\/#primaryimage"},"thumbnailUrl":"https:\/\/www.jessanofis.com.tr\/wp-content\/uploads\/2023\/03\/jessan-takim-arabasi-5-cekmeceli-metal-celik-2-387x387.jpg","datePublished":"2022-02-15T15:19:11+00:00","dateModified":"2024-01-26T06:15:07+00:00","breadcrumb":{"@id":"https:\/\/www.jessanofis.com.tr\/de\/werkstattwagen\/#breadcrumb"},"inLanguage":"de","potentialAction":[{"@type":"ReadAction","target":["https:\/\/www.jessanofis.com.tr\/de\/werkstattwagen\/"]}]},{"@type":"ImageObject","inLanguage":"de","@id":"https:\/\/www.jessanofis.com.tr\/de\/werkstattwagen\/#primaryimage","url":"https:\/\/www.jessanofis.com.tr\/wp-content\/uploads\/2023\/03\/jessan-takim-arabasi-5-cekmeceli-metal-celik-2-387x387.jpg","contentUrl":"https:\/\/www.jessanofis.com.tr\/wp-content\/uploads\/2023\/03\/jessan-takim-arabasi-5-cekmeceli-metal-celik-2-387x387.jpg"},{"@type":"BreadcrumbList","@id":"https:\/\/www.jessanofis.com.tr\/de\/werkstattwagen\/#breadcrumb","itemListElement":[{"@type":"ListItem","position":1,"name":"Ana sayfa","item":"https:\/\/www.jessanofis.com.tr\/de\/"},{"@type":"ListItem","position":2,"name":"Werkstattwagen"}]},{"@type":"WebSite","@id":"https:\/\/www.jessanofis.com.tr\/de\/#website","url":"https:\/\/www.jessanofis.com.tr\/de\/","name":"Jessan Metal Ofis Dolaplar\u0131","description":"En \u0130yi Kalite ve Uygun Fiyatlarla Standart Soyunma Dolaplar\u0131 Klas\u00f6r Dolaplar\u0131 Dosya ve Ecza Dolaplar\u0131 \u00d6\u011fretmen ve Telefon Dolaplar\u0131 Personel Temizlik Dolaplar\u0131 Ranza ve Raf Sistemleri Emanet Dolaplar\u0131 \u00dcretimi ve Sat\u0131\u015f\u0131 Yapmaktay\u0131z.","publisher":{"@id":"https:\/\/www.jessanofis.com.tr\/de\/#organization"},"potentialAction":[{"@type":"SearchAction","target":{"@type":"EntryPoint","urlTemplate":"https:\/\/www.jessanofis.com.tr\/de\/?s={search_term_string}"},"query-input":{"@type":"PropertyValueSpecification","valueRequired":true,"valueName":"search_term_string"}}],"inLanguage":"de"},{"@type":"Organization","@id":"https:\/\/www.jessanofis.com.tr\/de\/#organization","name":"Jessan Metal Ofis Dolaplar\u0131","url":"https:\/\/www.jessanofis.com.tr\/de\/","logo":{"@type":"ImageObject","inLanguage":"de","@id":"https:\/\/www.jessanofis.com.tr\/de\/#\/schema\/logo\/image\/","url":"https:\/\/www.jessanofis.com.tr\/wp-content\/uploads\/2025\/03\/logo-600x600-1.jpg","contentUrl":"https:\/\/www.jessanofis.com.tr\/wp-content\/uploads\/2025\/03\/logo-600x600-1.jpg","width":600,"height":600,"caption":"Jessan Metal Ofis Dolaplar\u0131"},"image":{"@id":"https:\/\/www.jessanofis.com.tr\/de\/#\/schema\/logo\/image\/"},"sameAs":["https:\/\/www.facebook.com\/jessanofismobilya\/","https:\/\/www.linkedin.com\/company\/jessanofis"]}]}},"_links":{"self":[{"href":"https:\/\/www.jessanofis.com.tr\/de\/wp-json\/wp\/v2\/pages\/14337","targetHints":{"allow":["GET"]}}],"collection":[{"href":"https:\/\/www.jessanofis.com.tr\/de\/wp-json\/wp\/v2\/pages"}],"about":[{"href":"https:\/\/www.jessanofis.com.tr\/de\/wp-json\/wp\/v2\/types\/page"}],"author":[{"embeddable":true,"href":"https:\/\/www.jessanofis.com.tr\/de\/wp-json\/wp\/v2\/users\/2"}],"replies":[{"embeddable":true,"href":"https:\/\/www.jessanofis.com.tr\/de\/wp-json\/wp\/v2\/comments?post=14337"}],"version-history":[{"count":0,"href":"https:\/\/www.jessanofis.com.tr\/de\/wp-json\/wp\/v2\/pages\/14337\/revisions"}],"wp:attachment":[{"href":"https:\/\/www.jessanofis.com.tr\/de\/wp-json\/wp\/v2\/media?parent=14337"}],"curies":[{"name":"wp","href":"https:\/\/api.w.org\/{rel}","templated":true}]}}