{"id":14070,"date":"2023-03-02T18:23:21","date_gmt":"2023-03-02T15:23:21","guid":{"rendered":"https:\/\/www.jessanofis.com.tr\/urun\/jessan-ofis-10-gozlu-ogretmen-ogrenci-dolabi-gri\/"},"modified":"2024-01-26T05:33:03","modified_gmt":"2024-01-26T02:33:03","slug":"schliessfach-fuer-schulen-10-faecher","status":"publish","type":"product","link":"https:\/\/www.jessanofis.com.tr\/de\/urun\/schliessfach-fuer-schulen-10-faecher\/","title":{"rendered":"Schlie\u00dffach f\u00fcr Schulen 10 F\u00e4cher"},"content":{"rendered":"<h2><strong>Schlie\u00dffach f\u00fcr Schulen 10 F\u00e4cher<\/strong><\/h2>\n<p style=\"text-align: justify;\">Lehrer-Schlie\u00dff\u00e4cher: Dies sind Schr\u00e4nke, die in Bildungseinrichtungen wie Schulen und Klassenzimmern verwendet werden, in denen Lehrer und Sch\u00fcler ihre pers\u00f6nlichen Gegenst\u00e4nde und Unterrichtsmaterialien aufbewahren. Dieses Schlie\u00dffachmodell, das h\u00e4ufig von Schulen verwendet wird, ist nicht nur spezifisch f\u00fcr Lehrer und Sch\u00fcler, sondern enth\u00e4lt auch Standards, die in vielen Lebensbereichen angewendet werden k\u00f6nnen. Diese Lehrerschlie\u00dff\u00e4cher, die in verschiedenen Farben, Gr\u00f6\u00dfen und Breiten erh\u00e4ltlich sind, k\u00f6nnen nach den Bed\u00fcrfnissen und W\u00fcnschen der Menschen gestaltet werden.<br \/>\nLehrerschlie\u00dff\u00e4cher, die in vielen Bereichen eingesetzt werden und durch ihren funktionalen Aufbau auffallen, enthalten viele Produkte wie die Gegenst\u00e4nde des Klassenzimmers und der Lehrkraft. Die Zuverl\u00e4ssigkeit der Schlie\u00dff\u00e4cher von Lehrern, die im Allgemeinen pers\u00f6nliche und private Gegenst\u00e4nde enthalten, ist sehr wichtig. Das Vorh\u00e4ngeschloss verleiht dem Schlie\u00dffach eine pers\u00f6nliche Note, und in diesem Zusammenhang ist die Sicherheit von gro\u00dfer Bedeutung.\n<\/p>\n<h3><strong>Produktmerkmale<\/strong><\/h3>\n<p><strong>Widerstandsf\u00e4higkeit:<\/strong> Metall ist ein haltbares Material und hat eine lange Lebensdauer. Metallschr\u00e4nke halten einer starken Beanspruchung stand und bleiben \u00fcber viele Jahre hinweg robust.<\/p>\n<p><strong>Sicherheit:<\/strong>Metallschr\u00e4nke sind eine hervorragende Option, um die Sicherheit der darin enthaltenen Gegenst\u00e4nde zu gew\u00e4hrleisten. Metallschlie\u00dff\u00e4cher k\u00f6nnen verschlossen werden und verhindern, dass der Inhalt gestohlen oder besch\u00e4digt wird.<\/p>\n<p><strong>Leichte Reinigung:<\/strong> Metalloberfl\u00e4chen sind leicht zu reinigen und k\u00f6nnen in der Regel mit Wasser und Seife ges\u00e4ubert werden. Dies erleichtert die Aufrechterhaltung einer hygienischen Umgebung.<\/p>\n<p><strong>Feuerbest\u00e4ndigkeit:<\/strong> Metallschr\u00e4nke sind feuerfester als Holzschr\u00e4nke. Sie k\u00f6nnen daher bevorzugt dort eingesetzt werden, wo die Gefahr eines Brandes besteht.<\/p>\n<p><strong>\u00c4sthetische Vielfalt:<\/strong> Metallschr\u00e4nke sind in verschiedenen Farben und Stilen erh\u00e4ltlich, so dass sie eine gro\u00dfe Gestaltungsvielfalt bieten. Sie k\u00f6nnen individuell an die Innenausstattung angepasst werden.<\/p>\n<p><strong>Rostbest\u00e4ndigkeit:<\/strong> Hochwertige Aktenschr\u00e4nke aus Metall k\u00f6nnen rostfrei sein und eignen sich daher f\u00fcr den Einsatz im Freien oder in feuchten Umgebungen.<\/p>\n<p><strong>Leichtigkeit:<\/strong> Metallschr\u00e4nke sind in der Regel leicht, was ihre Tragbarkeit erh\u00f6ht, und sie k\u00f6nnen leicht an einen anderen Ort gebracht werden.<\/p>\n<p><strong>Umweltvertr\u00e4glich:<\/strong> Metallschr\u00e4nke sind im Hinblick auf das Recycling eine nachhaltigere Option. Metall kann immer wieder recycelt werden und tr\u00e4gt zu einer besseren Nutzung der Ressourcen bei.<\/p>\n<p><strong>Widerstandsf\u00e4higkeit gegen klimatische Bedingungen:<\/strong> Metallschr\u00e4nke k\u00f6nnen extremen Temperaturschwankungen und feuchten Bedingungen standhalten, so dass sie auch im Freien oder unter anderen klimatischen Bedingungen eingesetzt werden k\u00f6nnen.<\/p>\n<p><strong>Bezahlbare Kosten:<\/strong> Metallschr\u00e4nke sind im Allgemeinen kosteng\u00fcnstig und k\u00f6nnen aufgrund ihrer langen Lebensdauer eine gute Investition sein.<\/p>\n","protected":false},"excerpt":{"rendered":"<p><strong>Material des Schrankes:<\/strong> Ere\u011fli Stahl, Dkp 0,70 mm. Geh\u00e4use, Dkp 0,70 mm. Der Fu\u00df ist mit elektrostatischer Pulverfarbe der Marke Jotun lackiert.<\/p>\n<p><strong>Abmessungen: <\/strong>Breite: 79cm Tiefe: 40cm H\u00f6he: 170cm<\/p>\n<p><b><strong>Produktmerkmal<\/strong>:<\/b> 10 F\u00e4cher, Halter f\u00fcr Namenss, Federstiftscharnier.<\/p>\n<p><strong>Farbe: <\/strong>Geh\u00e4use: GRI 7035 &#8211; Deckel: GRAU 7035<\/p>\n<p><strong>Pflege der Oberfl\u00e4che: <\/strong>Sie k\u00f6nnen Ihre Schr\u00e4nke reinigen, indem Sie sie mit einem feuchten Tuch abwisch L\u00e4ngeren Kontakt der Oberfl\u00e4che mit Wasser vermeiden.<\/p>\n<p><strong>Gew\u00e4hrleistungsfrist:<\/strong> 2 JAHRE<\/p>\n<p><strong>Informationen: <\/strong>Die Schlie\u00dffachschr\u00e4nke werden nach den TSE-Normen hergestellt. Unser Unternehmen fertigt nach den Normen TS EN ISO 9001:2008, ISO 10002:2004, Qualit\u00e4tsmanagementsystem und verf\u00fcgt \u00fcber Qualifikationszertifikate f\u00fcr den After-Sales-Service.<\/p>\n<p><strong>Anwendungsbereiche:<\/strong> Anwendungsbereiche von Metallordnerschr\u00e4nken; Schulen, Krankenh\u00e4user, Beh\u00f6rden, Industrie, Baugewerbe, Banken, Einkaufszentren, Fabriken, Milit\u00e4r, Automobilindustrie, Apotheken, Chemie, Laboratorien, Lebensmittel, Landwirtschaft und Viehzucht, Werkst\u00e4tten, Restaurants, Transport, Verpackung, Maschinen, Logistik, Textil, Elektronik, Tourismus, Einzelhandel, Bergbau, M\u00e4rkte, Fertigung, Produktion, Unternehmen usw. Es wird in vielen Bereichen eingesetzt.  <\/p>\n<p>.<\/p>\n","protected":false},"featured_media":13871,"template":"","meta":[],"product_brand":[],"product_cat":[366],"product_tag":[],"class_list":{"0":"post-14070","1":"product","2":"type-product","3":"status-publish","4":"has-post-thumbnail","6":"product_cat-schliessfach-fuer-schulen","8":"first","9":"instock","10":"product-type-external"},"yoast_head":"<!-- This site is optimized with the Yoast SEO Premium plugin v26.5 (Yoast SEO v26.5) - https:\/\/yoast.com\/wordpress\/plugins\/seo\/ -->\n<title>Schlie\u00dffach f\u00fcr Schulen 10 F\u00e4cher - Jessan Ofis ve B\u00fcro Mobilyalar\u0131<\/title>\n<meta name=\"robots\" content=\"index, follow, max-snippet:-1, max-image-preview:large, max-video-preview:-1\" \/>\n<link rel=\"canonical\" href=\"https:\/\/www.jessanofis.com.tr\/de\/urun\/schliessfach-fuer-schulen-10-faecher\/\" \/>\n<meta property=\"og:locale\" content=\"de_DE\" \/>\n<meta property=\"og:type\" content=\"article\" \/>\n<meta property=\"og:title\" content=\"Schlie\u00dffach f\u00fcr Schulen 10 F\u00e4cher\" \/>\n<meta property=\"og:description\" content=\"Material des Schrankes: Ere\u011fli Stahl, Dkp 0,70 mm. Geh\u00e4use, Dkp 0,70 mm. Der Fu\u00df ist mit elektrostatischer Pulverfarbe der Marke Jotun lackiert.  Abmessungen: Breite: 79cm Tiefe: 40cm H\u00f6he: 170cm  Produktmerkmal: 10 F\u00e4cher, Halter f\u00fcr Namenss, Federstiftscharnier.  Farbe: Geh\u00e4use: GRI 7035 - Deckel: GRAU 7035  Pflege der Oberfl\u00e4che: Sie k\u00f6nnen Ihre Schr\u00e4nke reinigen, indem Sie sie mit einem feuchten Tuch abwisch L\u00e4ngeren Kontakt der Oberfl\u00e4che mit Wasser vermeiden.  Gew\u00e4hrleistungsfrist: 2 JAHRE  Informationen: Die Schlie\u00dffachschr\u00e4nke werden nach den TSE-Normen hergestellt. Unser Unternehmen fertigt nach den Normen TS EN ISO 9001:2008, ISO 10002:2004, Qualit\u00e4tsmanagementsystem und verf\u00fcgt \u00fcber Qualifikationszertifikate f\u00fcr den After-Sales-Service.  Anwendungsbereiche: Anwendungsbereiche von Metallordnerschr\u00e4nken; Schulen, Krankenh\u00e4user, Beh\u00f6rden, Industrie, Baugewerbe, Banken, Einkaufszentren, Fabriken, Milit\u00e4r, Automobilindustrie, Apotheken, Chemie, Laboratorien, Lebensmittel, Landwirtschaft und Viehzucht, Werkst\u00e4tten, Restaurants, Transport, Verpackung, Maschinen, Logistik, Textil, Elektronik, Tourismus, Einzelhandel, Bergbau, M\u00e4rkte, Fertigung, Produktion, Unternehmen usw. Es wird in vielen Bereichen eingesetzt.   .\" \/>\n<meta property=\"og:url\" content=\"https:\/\/www.jessanofis.com.tr\/de\/urun\/schliessfach-fuer-schulen-10-faecher\/\" \/>\n<meta property=\"og:site_name\" content=\"Jessan Ofis ve B\u00fcro Mobilyalar\u0131\" \/>\n<meta property=\"article:publisher\" content=\"https:\/\/www.facebook.com\/jessanofismobilya\/\" \/>\n<meta property=\"article:modified_time\" content=\"2024-01-26T02:33:03+00:00\" \/>\n<meta property=\"og:image\" content=\"https:\/\/www.jessanofis.com.tr\/wp-content\/uploads\/2023\/03\/jessan-10-gozlu-ogretmen-ogrenci-dolabi-metal-celik-gri-1.jpg\" \/>\n\t<meta property=\"og:image:width\" content=\"1000\" \/>\n\t<meta property=\"og:image:height\" content=\"1000\" \/>\n\t<meta property=\"og:image:type\" content=\"image\/jpeg\" \/>\n<meta name=\"twitter:card\" content=\"summary_large_image\" \/>\n<meta name=\"twitter:label1\" content=\"Gesch\u00e4tzte Lesezeit\" \/>\n\t<meta name=\"twitter:data1\" content=\"1\u00a0Minute\" \/>\n<script type=\"application\/ld+json\" class=\"yoast-schema-graph\">{\"@context\":\"https:\/\/schema.org\",\"@graph\":[{\"@type\":[\"WebPage\",\"ItemPage\"],\"@id\":\"https:\/\/www.jessanofis.com.tr\/de\/urun\/schliessfach-fuer-schulen-10-faecher\/\",\"url\":\"https:\/\/www.jessanofis.com.tr\/de\/urun\/schliessfach-fuer-schulen-10-faecher\/\",\"name\":\"Schlie\u00dffach f\u00fcr Schulen 10 F\u00e4cher - Jessan Ofis ve B\u00fcro Mobilyalar\u0131\",\"isPartOf\":{\"@id\":\"https:\/\/www.jessanofis.com.tr\/de\/#website\"},\"primaryImageOfPage\":{\"@id\":\"https:\/\/www.jessanofis.com.tr\/de\/urun\/schliessfach-fuer-schulen-10-faecher\/#primaryimage\"},\"image\":{\"@id\":\"https:\/\/www.jessanofis.com.tr\/de\/urun\/schliessfach-fuer-schulen-10-faecher\/#primaryimage\"},\"thumbnailUrl\":\"https:\/\/www.jessanofis.com.tr\/wp-content\/uploads\/2023\/03\/jessan-10-gozlu-ogretmen-ogrenci-dolabi-metal-celik-gri-1.jpg\",\"datePublished\":\"2023-03-02T15:23:21+00:00\",\"dateModified\":\"2024-01-26T02:33:03+00:00\",\"breadcrumb\":{\"@id\":\"https:\/\/www.jessanofis.com.tr\/de\/urun\/schliessfach-fuer-schulen-10-faecher\/#breadcrumb\"},\"inLanguage\":\"de\",\"potentialAction\":[{\"@type\":\"ReadAction\",\"target\":[\"https:\/\/www.jessanofis.com.tr\/de\/urun\/schliessfach-fuer-schulen-10-faecher\/\"]}]},{\"@type\":\"ImageObject\",\"inLanguage\":\"de\",\"@id\":\"https:\/\/www.jessanofis.com.tr\/de\/urun\/schliessfach-fuer-schulen-10-faecher\/#primaryimage\",\"url\":\"https:\/\/www.jessanofis.com.tr\/wp-content\/uploads\/2023\/03\/jessan-10-gozlu-ogretmen-ogrenci-dolabi-metal-celik-gri-1.jpg\",\"contentUrl\":\"https:\/\/www.jessanofis.com.tr\/wp-content\/uploads\/2023\/03\/jessan-10-gozlu-ogretmen-ogrenci-dolabi-metal-celik-gri-1.jpg\",\"width\":1000,\"height\":1000,\"caption\":\"Jessan Ofis 10 G\u00f6zl\u00fc \u00d6\u011fretmen \u00d6\u011frenci Dolab\u0131 Gri\"},{\"@type\":\"BreadcrumbList\",\"@id\":\"https:\/\/www.jessanofis.com.tr\/de\/urun\/schliessfach-fuer-schulen-10-faecher\/#breadcrumb\",\"itemListElement\":[{\"@type\":\"ListItem\",\"position\":1,\"name\":\"Ana sayfa\",\"item\":\"https:\/\/www.jessanofis.com.tr\/de\/\"},{\"@type\":\"ListItem\",\"position\":2,\"name\":\"Produkte\",\"item\":\"https:\/\/www.jessanofis.com.tr\/de\/shop\/\"},{\"@type\":\"ListItem\",\"position\":3,\"name\":\"Schlie\u00dffach f\u00fcr Schulen 10 F\u00e4cher\"}]},{\"@type\":\"WebSite\",\"@id\":\"https:\/\/www.jessanofis.com.tr\/de\/#website\",\"url\":\"https:\/\/www.jessanofis.com.tr\/de\/\",\"name\":\"Jessan Metal Ofis Dolaplar\u0131\",\"description\":\"En \u0130yi Kalite ve Uygun Fiyatlarla Standart Soyunma Dolaplar\u0131 Klas\u00f6r Dolaplar\u0131 Dosya ve Ecza Dolaplar\u0131 \u00d6\u011fretmen ve Telefon Dolaplar\u0131 Personel Temizlik Dolaplar\u0131 Ranza ve Raf Sistemleri Emanet Dolaplar\u0131 \u00dcretimi ve Sat\u0131\u015f\u0131 Yapmaktay\u0131z.\",\"publisher\":{\"@id\":\"https:\/\/www.jessanofis.com.tr\/de\/#organization\"},\"potentialAction\":[{\"@type\":\"SearchAction\",\"target\":{\"@type\":\"EntryPoint\",\"urlTemplate\":\"https:\/\/www.jessanofis.com.tr\/de\/?s={search_term_string}\"},\"query-input\":{\"@type\":\"PropertyValueSpecification\",\"valueRequired\":true,\"valueName\":\"search_term_string\"}}],\"inLanguage\":\"de\"},{\"@type\":\"Organization\",\"@id\":\"https:\/\/www.jessanofis.com.tr\/de\/#organization\",\"name\":\"Jessan Metal Ofis Dolaplar\u0131\",\"url\":\"https:\/\/www.jessanofis.com.tr\/de\/\",\"logo\":{\"@type\":\"ImageObject\",\"inLanguage\":\"de\",\"@id\":\"https:\/\/www.jessanofis.com.tr\/de\/#\/schema\/logo\/image\/\",\"url\":\"https:\/\/www.jessanofis.com.tr\/wp-content\/uploads\/2025\/03\/logo-600x600-1.jpg\",\"contentUrl\":\"https:\/\/www.jessanofis.com.tr\/wp-content\/uploads\/2025\/03\/logo-600x600-1.jpg\",\"width\":600,\"height\":600,\"caption\":\"Jessan Metal Ofis Dolaplar\u0131\"},\"image\":{\"@id\":\"https:\/\/www.jessanofis.com.tr\/de\/#\/schema\/logo\/image\/\"},\"sameAs\":[\"https:\/\/www.facebook.com\/jessanofismobilya\/\",\"https:\/\/www.linkedin.com\/company\/jessanofis\"]}]}<\/script>\n<!-- \/ Yoast SEO Premium plugin. -->","yoast_head_json":{"title":"Schlie\u00dffach f\u00fcr Schulen 10 F\u00e4cher - Jessan Ofis ve B\u00fcro Mobilyalar\u0131","robots":{"index":"index","follow":"follow","max-snippet":"max-snippet:-1","max-image-preview":"max-image-preview:large","max-video-preview":"max-video-preview:-1"},"canonical":"https:\/\/www.jessanofis.com.tr\/de\/urun\/schliessfach-fuer-schulen-10-faecher\/","og_locale":"de_DE","og_type":"article","og_title":"Schlie\u00dffach f\u00fcr Schulen 10 F\u00e4cher","og_description":"Material des Schrankes: Ere\u011fli Stahl, Dkp 0,70 mm. Geh\u00e4use, Dkp 0,70 mm. Der Fu\u00df ist mit elektrostatischer Pulverfarbe der Marke Jotun lackiert.  Abmessungen: Breite: 79cm Tiefe: 40cm H\u00f6he: 170cm  Produktmerkmal: 10 F\u00e4cher, Halter f\u00fcr Namenss, Federstiftscharnier.  Farbe: Geh\u00e4use: GRI 7035 - Deckel: GRAU 7035  Pflege der Oberfl\u00e4che: Sie k\u00f6nnen Ihre Schr\u00e4nke reinigen, indem Sie sie mit einem feuchten Tuch abwisch L\u00e4ngeren Kontakt der Oberfl\u00e4che mit Wasser vermeiden.  Gew\u00e4hrleistungsfrist: 2 JAHRE  Informationen: Die Schlie\u00dffachschr\u00e4nke werden nach den TSE-Normen hergestellt. Unser Unternehmen fertigt nach den Normen TS EN ISO 9001:2008, ISO 10002:2004, Qualit\u00e4tsmanagementsystem und verf\u00fcgt \u00fcber Qualifikationszertifikate f\u00fcr den After-Sales-Service.  Anwendungsbereiche: Anwendungsbereiche von Metallordnerschr\u00e4nken; Schulen, Krankenh\u00e4user, Beh\u00f6rden, Industrie, Baugewerbe, Banken, Einkaufszentren, Fabriken, Milit\u00e4r, Automobilindustrie, Apotheken, Chemie, Laboratorien, Lebensmittel, Landwirtschaft und Viehzucht, Werkst\u00e4tten, Restaurants, Transport, Verpackung, Maschinen, Logistik, Textil, Elektronik, Tourismus, Einzelhandel, Bergbau, M\u00e4rkte, Fertigung, Produktion, Unternehmen usw. Es wird in vielen Bereichen eingesetzt.   .","og_url":"https:\/\/www.jessanofis.com.tr\/de\/urun\/schliessfach-fuer-schulen-10-faecher\/","og_site_name":"Jessan Ofis ve B\u00fcro Mobilyalar\u0131","article_publisher":"https:\/\/www.facebook.com\/jessanofismobilya\/","article_modified_time":"2024-01-26T02:33:03+00:00","og_image":[{"width":1000,"height":1000,"url":"https:\/\/www.jessanofis.com.tr\/wp-content\/uploads\/2023\/03\/jessan-10-gozlu-ogretmen-ogrenci-dolabi-metal-celik-gri-1.jpg","type":"image\/jpeg"}],"twitter_card":"summary_large_image","twitter_misc":{"Gesch\u00e4tzte Lesezeit":"1\u00a0Minute"},"schema":{"@context":"https:\/\/schema.org","@graph":[{"@type":["WebPage","ItemPage"],"@id":"https:\/\/www.jessanofis.com.tr\/de\/urun\/schliessfach-fuer-schulen-10-faecher\/","url":"https:\/\/www.jessanofis.com.tr\/de\/urun\/schliessfach-fuer-schulen-10-faecher\/","name":"Schlie\u00dffach f\u00fcr Schulen 10 F\u00e4cher - Jessan Ofis ve B\u00fcro Mobilyalar\u0131","isPartOf":{"@id":"https:\/\/www.jessanofis.com.tr\/de\/#website"},"primaryImageOfPage":{"@id":"https:\/\/www.jessanofis.com.tr\/de\/urun\/schliessfach-fuer-schulen-10-faecher\/#primaryimage"},"image":{"@id":"https:\/\/www.jessanofis.com.tr\/de\/urun\/schliessfach-fuer-schulen-10-faecher\/#primaryimage"},"thumbnailUrl":"https:\/\/www.jessanofis.com.tr\/wp-content\/uploads\/2023\/03\/jessan-10-gozlu-ogretmen-ogrenci-dolabi-metal-celik-gri-1.jpg","datePublished":"2023-03-02T15:23:21+00:00","dateModified":"2024-01-26T02:33:03+00:00","breadcrumb":{"@id":"https:\/\/www.jessanofis.com.tr\/de\/urun\/schliessfach-fuer-schulen-10-faecher\/#breadcrumb"},"inLanguage":"de","potentialAction":[{"@type":"ReadAction","target":["https:\/\/www.jessanofis.com.tr\/de\/urun\/schliessfach-fuer-schulen-10-faecher\/"]}]},{"@type":"ImageObject","inLanguage":"de","@id":"https:\/\/www.jessanofis.com.tr\/de\/urun\/schliessfach-fuer-schulen-10-faecher\/#primaryimage","url":"https:\/\/www.jessanofis.com.tr\/wp-content\/uploads\/2023\/03\/jessan-10-gozlu-ogretmen-ogrenci-dolabi-metal-celik-gri-1.jpg","contentUrl":"https:\/\/www.jessanofis.com.tr\/wp-content\/uploads\/2023\/03\/jessan-10-gozlu-ogretmen-ogrenci-dolabi-metal-celik-gri-1.jpg","width":1000,"height":1000,"caption":"Jessan Ofis 10 G\u00f6zl\u00fc \u00d6\u011fretmen \u00d6\u011frenci Dolab\u0131 Gri"},{"@type":"BreadcrumbList","@id":"https:\/\/www.jessanofis.com.tr\/de\/urun\/schliessfach-fuer-schulen-10-faecher\/#breadcrumb","itemListElement":[{"@type":"ListItem","position":1,"name":"Ana sayfa","item":"https:\/\/www.jessanofis.com.tr\/de\/"},{"@type":"ListItem","position":2,"name":"Produkte","item":"https:\/\/www.jessanofis.com.tr\/de\/shop\/"},{"@type":"ListItem","position":3,"name":"Schlie\u00dffach f\u00fcr Schulen 10 F\u00e4cher"}]},{"@type":"WebSite","@id":"https:\/\/www.jessanofis.com.tr\/de\/#website","url":"https:\/\/www.jessanofis.com.tr\/de\/","name":"Jessan Metal Ofis Dolaplar\u0131","description":"En \u0130yi Kalite ve Uygun Fiyatlarla Standart Soyunma Dolaplar\u0131 Klas\u00f6r Dolaplar\u0131 Dosya ve Ecza Dolaplar\u0131 \u00d6\u011fretmen ve Telefon Dolaplar\u0131 Personel Temizlik Dolaplar\u0131 Ranza ve Raf Sistemleri Emanet Dolaplar\u0131 \u00dcretimi ve Sat\u0131\u015f\u0131 Yapmaktay\u0131z.","publisher":{"@id":"https:\/\/www.jessanofis.com.tr\/de\/#organization"},"potentialAction":[{"@type":"SearchAction","target":{"@type":"EntryPoint","urlTemplate":"https:\/\/www.jessanofis.com.tr\/de\/?s={search_term_string}"},"query-input":{"@type":"PropertyValueSpecification","valueRequired":true,"valueName":"search_term_string"}}],"inLanguage":"de"},{"@type":"Organization","@id":"https:\/\/www.jessanofis.com.tr\/de\/#organization","name":"Jessan Metal Ofis Dolaplar\u0131","url":"https:\/\/www.jessanofis.com.tr\/de\/","logo":{"@type":"ImageObject","inLanguage":"de","@id":"https:\/\/www.jessanofis.com.tr\/de\/#\/schema\/logo\/image\/","url":"https:\/\/www.jessanofis.com.tr\/wp-content\/uploads\/2025\/03\/logo-600x600-1.jpg","contentUrl":"https:\/\/www.jessanofis.com.tr\/wp-content\/uploads\/2025\/03\/logo-600x600-1.jpg","width":600,"height":600,"caption":"Jessan Metal Ofis Dolaplar\u0131"},"image":{"@id":"https:\/\/www.jessanofis.com.tr\/de\/#\/schema\/logo\/image\/"},"sameAs":["https:\/\/www.facebook.com\/jessanofismobilya\/","https:\/\/www.linkedin.com\/company\/jessanofis"]}]}},"_links":{"self":[{"href":"https:\/\/www.jessanofis.com.tr\/de\/wp-json\/wp\/v2\/product\/14070","targetHints":{"allow":["GET"]}}],"collection":[{"href":"https:\/\/www.jessanofis.com.tr\/de\/wp-json\/wp\/v2\/product"}],"about":[{"href":"https:\/\/www.jessanofis.com.tr\/de\/wp-json\/wp\/v2\/types\/product"}],"wp:featuredmedia":[{"embeddable":true,"href":"https:\/\/www.jessanofis.com.tr\/de\/wp-json\/wp\/v2\/media\/13871"}],"wp:attachment":[{"href":"https:\/\/www.jessanofis.com.tr\/de\/wp-json\/wp\/v2\/media?parent=14070"}],"wp:term":[{"taxonomy":"product_brand","embeddable":true,"href":"https:\/\/www.jessanofis.com.tr\/de\/wp-json\/wp\/v2\/product_brand?post=14070"},{"taxonomy":"product_cat","embeddable":true,"href":"https:\/\/www.jessanofis.com.tr\/de\/wp-json\/wp\/v2\/product_cat?post=14070"},{"taxonomy":"product_tag","embeddable":true,"href":"https:\/\/www.jessanofis.com.tr\/de\/wp-json\/wp\/v2\/product_tag?post=14070"}],"curies":[{"name":"wp","href":"https:\/\/api.w.org\/{rel}","templated":true}]}}