{"id":14104,"date":"2023-03-02T18:26:45","date_gmt":"2023-03-02T15:26:45","guid":{"rendered":"https:\/\/www.jessanofis.com.tr\/urun\/werkzeugwagen-mit-5-schubladen\/"},"modified":"2024-01-26T06:37:30","modified_gmt":"2024-01-26T03:37:30","slug":"werkzeugwagen-mit-5-schubladen","status":"publish","type":"product","link":"https:\/\/www.jessanofis.com.tr\/de\/urun\/werkzeugwagen-mit-5-schubladen\/","title":{"rendered":"Werkzeugwagen mit 5 Schubladen"},"content":{"rendered":"<h2><strong>Werkzeugwagen mit 5 Schubladen<\/strong><\/h2>\n<p>Werkzeugwagen; Er erm\u00f6glicht die geordnete Lagerung von Handwerkzeugen oder anderen notwendigen Materialien. Sie k\u00f6nnen in Autowerkst\u00e4tten, Schreinereien zur Materiallagerung und f\u00fcr verschiedene Aufgaben eingesetzt werden. Dank des Verriegelungsmechanismus der Schubladen k\u00f6nnen Sie Ihre Sachen sicher aufbewahren und leicht darauf zugreifen. Einer der gr\u00f6\u00dften Vorteile von Werkzeugwagen mit Schubladen ist ihre Mobilit\u00e4t. Dank der R\u00e4der k\u00f6nnen Sie das ben\u00f6tigte Material leicht mitnehmen und den Wagen nach getaner Arbeit dorthin bewegen, wo Sie wollen. Das sorgt f\u00fcr mehr Organisation und Effizienz an Ihrem Arbeitsplatz.<br \/>\nEs hilft, Materialien einfacher und schneller von einem Ort zum anderen zu transportieren. Werkzeugwagen, die in der Regel in der Automobilindustrie oder bei Wartungs- und Reparaturdiensten in Fabriken eingesetzt werden, sind Ger\u00e4te, die den praktischen Zugriff auf h\u00e4ufig verwendete Handwerkzeuge erm\u00f6glichen und verhindern, dass diese verloren gehen.<\/p>\n<p>Dar\u00fcber hinaus sind die Einsatzbereiche von Schubladenwagen recht breit gef\u00e4chert. Alles in allem sind Werkzeugwagen mit Schubladen eine bequeme und praktische Option f\u00fcr alle, die eine organisierte Aufbewahrungs- und Transportl\u00f6sung suchen.<\/p>\n<p>Jessan B\u00fcrom\u00f6bel, die den W\u00fcnschen und Erwartungen der Menschen entsprechen, haben bei den Mannschaftswagen wie bei allen anderen Produkten Qualit\u00e4tsarbeit geleistet. Die Robustheit, Langlebigkeit und Funktion des Produkts, die in direktem Verh\u00e4ltnis zur Qualit\u00e4t der in der Produktionsphase der Jessan-B\u00fcroteamwagen verwendeten Materialien stehen, geh\u00f6ren zu den herausragenden Merkmalen.<\/p>\n<h3><strong>Produktmerkmale<\/strong><\/h3>\n<p><strong>Widerstandsf\u00e4higkeit:<\/strong> Metall ist ein haltbares Material und hat eine lange Lebensdauer. Metallschr\u00e4nke halten einer starken Beanspruchung stand und bleiben \u00fcber viele Jahre hinweg robust.<\/p>\n<p><strong>Sicherheit:<\/strong>Metallschr\u00e4nke sind eine hervorragende Option, um die Sicherheit der darin enthaltenen Gegenst\u00e4nde zu gew\u00e4hrleisten. Metallschlie\u00dff\u00e4cher k\u00f6nnen verschlossen werden und verhindern, dass der Inhalt gestohlen oder besch\u00e4digt wird.<\/p>\n<p><strong>Leichte Reinigung:<\/strong> Metalloberfl\u00e4chen sind leicht zu reinigen und k\u00f6nnen in der Regel mit Wasser und Seife ges\u00e4ubert werden. Dies erleichtert die Aufrechterhaltung einer hygienischen Umgebung.<\/p>\n<p><strong>Feuerbest\u00e4ndigkeit:<\/strong> Metallschr\u00e4nke sind feuerfester als Holzschr\u00e4nke. Sie k\u00f6nnen daher bevorzugt dort eingesetzt werden, wo die Gefahr eines Brandes besteht.<\/p>\n<p><strong>\u00c4sthetische Vielfalt:<\/strong> Metallschr\u00e4nke sind in verschiedenen Farben und Stilen erh\u00e4ltlich, so dass sie eine gro\u00dfe Gestaltungsvielfalt bieten. Sie k\u00f6nnen individuell an die Innenausstattung angepasst werden.<\/p>\n<p><strong>Rostbest\u00e4ndigkeit:<\/strong> Hochwertige Aktenschr\u00e4nke aus Metall k\u00f6nnen rostfrei sein und eignen sich daher f\u00fcr den Einsatz im Freien oder in feuchten Umgebungen.<\/p>\n<p><strong>Leichtigkeit:<\/strong> Metallschr\u00e4nke sind in der Regel leicht, was ihre Tragbarkeit erh\u00f6ht, und sie k\u00f6nnen leicht an einen anderen Ort gebracht werden.<\/p>\n<p><strong>Umweltvertr\u00e4glich:<\/strong> Metallschr\u00e4nke sind im Hinblick auf das Recycling eine nachhaltigere Option. Metall kann immer wieder recycelt werden und tr\u00e4gt zu einer besseren Nutzung der Ressourcen bei.<\/p>\n<p><strong>Widerstandsf\u00e4higkeit gegen klimatische Bedingungen:<\/strong> Metallschr\u00e4nke k\u00f6nnen extremen Temperaturschwankungen und feuchten Bedingungen standhalten, so dass sie auch im Freien oder unter anderen klimatischen Bedingungen eingesetzt werden k\u00f6nnen.<\/p>\n<p><strong>Bezahlbare Kosten:<\/strong> Metallschr\u00e4nke sind im Allgemeinen kosteng\u00fcnstig und k\u00f6nnen aufgrund ihrer langen Lebensdauer eine gute Investition sein.<\/p>\n","protected":false},"excerpt":{"rendered":"<p><strong>Technische Spezifikationen des Produkts:<\/strong><br \/>\nH950xB600xT450 mm.<br \/>\n43 kg ohne Zubeh\u00f6r.<br \/>\nDKP und HRP Plattenmaterial (0,80 &#8211; 1,20 mm)<br \/>\nElektrostatische Pulverbeschichtung.<br \/>\nGEH\u00c4USE RAL9005 (SCHWARZ) SCHUBLADEN RAL 7040 GRAU<br \/>\nB600xT450 mm Tischgr\u00f6\u00dfeW600xD450 mm<br \/>\nABS Tisch 5 mm 1.Qualit\u00e4t Mattes Abs<br \/>\nMittlerer Industrierollensatz (R100) (1 mit Bremse, 1 beweglich, 2 fest)<br \/>\nAbmessungen der Schublade:<br \/>\n4 St\u00fcck 120&#8243;er Schubladen<br \/>\n1 St\u00fcck von 200&#8243;er Schubladen<\/p>\n<p><strong>Allgemeine Spezifikationen:<\/strong><br \/>\nEs ist so konzipiert, dass er problemlos in stark beanspruchten Umgebungen eingesetzt werden kann.<br \/>\nAlle Schubladen und T\u00fcren sind abschlie\u00dfbar.<br \/>\nEin Push-Latch-System verhindert, dass sich die Schubladen von selbst \u00f6ffnen.<br \/>\nMINNES 100%\u00a0\u00a0 AUSZIEHBARE TELESKOPSCHIENE\u00a0\u00a0 wird in Schubladen verwendet.<br \/>\nDie Tragf\u00e4higkeit pro Schublade betr\u00e4gt 50 kg.<br \/>\nDie Phosphatierung wird vor der Lackierung angewendet, um die Haltbarkeit der Farbe zu erh\u00f6hen.<br \/>\nUm h\u00f6chste Sto\u00df- und Kratzfestigkeit zu gew\u00e4hrleisten, wird eine Pulverbeschichtung verwendet.<\/p>\n","protected":false},"featured_media":13911,"template":"","meta":[],"product_brand":[],"product_cat":[369],"product_tag":[],"class_list":{"0":"post-14104","1":"product","2":"type-product","3":"status-publish","4":"has-post-thumbnail","6":"product_cat-werkstattwagen","8":"first","9":"instock","10":"product-type-external"},"yoast_head":"<!-- This site is optimized with the Yoast SEO Premium plugin v26.5 (Yoast SEO v26.5) - https:\/\/yoast.com\/wordpress\/plugins\/seo\/ -->\n<title>Werkzeugwagen mit 5 Schubladen - Jessan Ofis ve B\u00fcro Mobilyalar\u0131<\/title>\n<meta name=\"robots\" content=\"index, follow, max-snippet:-1, max-image-preview:large, max-video-preview:-1\" \/>\n<link rel=\"canonical\" href=\"https:\/\/www.jessanofis.com.tr\/de\/urun\/werkzeugwagen-mit-5-schubladen\/\" \/>\n<meta property=\"og:locale\" content=\"de_DE\" \/>\n<meta property=\"og:type\" content=\"article\" \/>\n<meta property=\"og:title\" content=\"Werkzeugwagen mit 5 Schubladen\" \/>\n<meta property=\"og:description\" content=\"Technische Spezifikationen des Produkts: H950xB600xT450 mm. 43 kg ohne Zubeh\u00f6r. DKP und HRP Plattenmaterial (0,80 - 1,20 mm) Elektrostatische Pulverbeschichtung. GEH\u00c4USE RAL9005 (SCHWARZ) SCHUBLADEN RAL 7040 GRAU B600xT450 mm Tischgr\u00f6\u00dfeW600xD450 mm ABS Tisch 5 mm 1.Qualit\u00e4t Mattes Abs Mittlerer Industrierollensatz (R100) (1 mit Bremse, 1 beweglich, 2 fest) Abmessungen der Schublade: 4 St\u00fcck 120&quot;er Schubladen 1 St\u00fcck von 200&quot;er Schubladen  Allgemeine Spezifikationen: Es ist so konzipiert, dass er problemlos in stark beanspruchten Umgebungen eingesetzt werden kann. Alle Schubladen und T\u00fcren sind abschlie\u00dfbar. Ein Push-Latch-System verhindert, dass sich die Schubladen von selbst \u00f6ffnen. MINNES 100%\u00a0\u00a0 AUSZIEHBARE TELESKOPSCHIENE\u00a0\u00a0 wird in Schubladen verwendet. Die Tragf\u00e4higkeit pro Schublade betr\u00e4gt 50 kg. Die Phosphatierung wird vor der Lackierung angewendet, um die Haltbarkeit der Farbe zu erh\u00f6hen. Um h\u00f6chste Sto\u00df- und Kratzfestigkeit zu gew\u00e4hrleisten, wird eine Pulverbeschichtung verwendet.\" \/>\n<meta property=\"og:url\" content=\"https:\/\/www.jessanofis.com.tr\/de\/urun\/werkzeugwagen-mit-5-schubladen\/\" \/>\n<meta property=\"og:site_name\" content=\"Jessan Ofis ve B\u00fcro Mobilyalar\u0131\" \/>\n<meta property=\"article:publisher\" content=\"https:\/\/www.facebook.com\/jessanofismobilya\/\" \/>\n<meta property=\"article:modified_time\" content=\"2024-01-26T03:37:30+00:00\" \/>\n<meta property=\"og:image\" content=\"https:\/\/www.jessanofis.com.tr\/wp-content\/uploads\/2023\/03\/jessan-takim-arabasi-5-cekmeceli-metal-celik-2.jpg\" \/>\n\t<meta property=\"og:image:width\" content=\"1000\" \/>\n\t<meta property=\"og:image:height\" content=\"1000\" \/>\n\t<meta property=\"og:image:type\" content=\"image\/jpeg\" \/>\n<meta name=\"twitter:card\" content=\"summary_large_image\" \/>\n<meta name=\"twitter:label1\" content=\"Gesch\u00e4tzte Lesezeit\" \/>\n\t<meta name=\"twitter:data1\" content=\"1\u00a0Minute\" \/>\n<script type=\"application\/ld+json\" class=\"yoast-schema-graph\">{\"@context\":\"https:\/\/schema.org\",\"@graph\":[{\"@type\":[\"WebPage\",\"ItemPage\"],\"@id\":\"https:\/\/www.jessanofis.com.tr\/de\/urun\/werkzeugwagen-mit-5-schubladen\/\",\"url\":\"https:\/\/www.jessanofis.com.tr\/de\/urun\/werkzeugwagen-mit-5-schubladen\/\",\"name\":\"Werkzeugwagen mit 5 Schubladen - Jessan Ofis ve B\u00fcro Mobilyalar\u0131\",\"isPartOf\":{\"@id\":\"https:\/\/www.jessanofis.com.tr\/de\/#website\"},\"primaryImageOfPage\":{\"@id\":\"https:\/\/www.jessanofis.com.tr\/de\/urun\/werkzeugwagen-mit-5-schubladen\/#primaryimage\"},\"image\":{\"@id\":\"https:\/\/www.jessanofis.com.tr\/de\/urun\/werkzeugwagen-mit-5-schubladen\/#primaryimage\"},\"thumbnailUrl\":\"https:\/\/www.jessanofis.com.tr\/wp-content\/uploads\/2023\/03\/jessan-takim-arabasi-5-cekmeceli-metal-celik-2.jpg\",\"datePublished\":\"2023-03-02T15:26:45+00:00\",\"dateModified\":\"2024-01-26T03:37:30+00:00\",\"breadcrumb\":{\"@id\":\"https:\/\/www.jessanofis.com.tr\/de\/urun\/werkzeugwagen-mit-5-schubladen\/#breadcrumb\"},\"inLanguage\":\"de\",\"potentialAction\":[{\"@type\":\"ReadAction\",\"target\":[\"https:\/\/www.jessanofis.com.tr\/de\/urun\/werkzeugwagen-mit-5-schubladen\/\"]}]},{\"@type\":\"ImageObject\",\"inLanguage\":\"de\",\"@id\":\"https:\/\/www.jessanofis.com.tr\/de\/urun\/werkzeugwagen-mit-5-schubladen\/#primaryimage\",\"url\":\"https:\/\/www.jessanofis.com.tr\/wp-content\/uploads\/2023\/03\/jessan-takim-arabasi-5-cekmeceli-metal-celik-2.jpg\",\"contentUrl\":\"https:\/\/www.jessanofis.com.tr\/wp-content\/uploads\/2023\/03\/jessan-takim-arabasi-5-cekmeceli-metal-celik-2.jpg\",\"width\":1000,\"height\":1000,\"caption\":\"Jessan Ofis 5 \u00c7ekmeceli Tak\u0131m Arabas\u0131\"},{\"@type\":\"BreadcrumbList\",\"@id\":\"https:\/\/www.jessanofis.com.tr\/de\/urun\/werkzeugwagen-mit-5-schubladen\/#breadcrumb\",\"itemListElement\":[{\"@type\":\"ListItem\",\"position\":1,\"name\":\"Ana sayfa\",\"item\":\"https:\/\/www.jessanofis.com.tr\/de\/\"},{\"@type\":\"ListItem\",\"position\":2,\"name\":\"Produkte\",\"item\":\"https:\/\/www.jessanofis.com.tr\/de\/shop\/\"},{\"@type\":\"ListItem\",\"position\":3,\"name\":\"Werkzeugwagen mit 5 Schubladen\"}]},{\"@type\":\"WebSite\",\"@id\":\"https:\/\/www.jessanofis.com.tr\/de\/#website\",\"url\":\"https:\/\/www.jessanofis.com.tr\/de\/\",\"name\":\"Jessan Metal Ofis Dolaplar\u0131\",\"description\":\"En \u0130yi Kalite ve Uygun Fiyatlarla Standart Soyunma Dolaplar\u0131 Klas\u00f6r Dolaplar\u0131 Dosya ve Ecza Dolaplar\u0131 \u00d6\u011fretmen ve Telefon Dolaplar\u0131 Personel Temizlik Dolaplar\u0131 Ranza ve Raf Sistemleri Emanet Dolaplar\u0131 \u00dcretimi ve Sat\u0131\u015f\u0131 Yapmaktay\u0131z.\",\"publisher\":{\"@id\":\"https:\/\/www.jessanofis.com.tr\/de\/#organization\"},\"potentialAction\":[{\"@type\":\"SearchAction\",\"target\":{\"@type\":\"EntryPoint\",\"urlTemplate\":\"https:\/\/www.jessanofis.com.tr\/de\/?s={search_term_string}\"},\"query-input\":{\"@type\":\"PropertyValueSpecification\",\"valueRequired\":true,\"valueName\":\"search_term_string\"}}],\"inLanguage\":\"de\"},{\"@type\":\"Organization\",\"@id\":\"https:\/\/www.jessanofis.com.tr\/de\/#organization\",\"name\":\"Jessan Metal Ofis Dolaplar\u0131\",\"url\":\"https:\/\/www.jessanofis.com.tr\/de\/\",\"logo\":{\"@type\":\"ImageObject\",\"inLanguage\":\"de\",\"@id\":\"https:\/\/www.jessanofis.com.tr\/de\/#\/schema\/logo\/image\/\",\"url\":\"https:\/\/www.jessanofis.com.tr\/wp-content\/uploads\/2025\/03\/logo-600x600-1.jpg\",\"contentUrl\":\"https:\/\/www.jessanofis.com.tr\/wp-content\/uploads\/2025\/03\/logo-600x600-1.jpg\",\"width\":600,\"height\":600,\"caption\":\"Jessan Metal Ofis Dolaplar\u0131\"},\"image\":{\"@id\":\"https:\/\/www.jessanofis.com.tr\/de\/#\/schema\/logo\/image\/\"},\"sameAs\":[\"https:\/\/www.facebook.com\/jessanofismobilya\/\",\"https:\/\/www.linkedin.com\/company\/jessanofis\"]}]}<\/script>\n<!-- \/ Yoast SEO Premium plugin. -->","yoast_head_json":{"title":"Werkzeugwagen mit 5 Schubladen - Jessan Ofis ve B\u00fcro Mobilyalar\u0131","robots":{"index":"index","follow":"follow","max-snippet":"max-snippet:-1","max-image-preview":"max-image-preview:large","max-video-preview":"max-video-preview:-1"},"canonical":"https:\/\/www.jessanofis.com.tr\/de\/urun\/werkzeugwagen-mit-5-schubladen\/","og_locale":"de_DE","og_type":"article","og_title":"Werkzeugwagen mit 5 Schubladen","og_description":"Technische Spezifikationen des Produkts: H950xB600xT450 mm. 43 kg ohne Zubeh\u00f6r. DKP und HRP Plattenmaterial (0,80 - 1,20 mm) Elektrostatische Pulverbeschichtung. GEH\u00c4USE RAL9005 (SCHWARZ) SCHUBLADEN RAL 7040 GRAU B600xT450 mm Tischgr\u00f6\u00dfeW600xD450 mm ABS Tisch 5 mm 1.Qualit\u00e4t Mattes Abs Mittlerer Industrierollensatz (R100) (1 mit Bremse, 1 beweglich, 2 fest) Abmessungen der Schublade: 4 St\u00fcck 120\"er Schubladen 1 St\u00fcck von 200\"er Schubladen  Allgemeine Spezifikationen: Es ist so konzipiert, dass er problemlos in stark beanspruchten Umgebungen eingesetzt werden kann. Alle Schubladen und T\u00fcren sind abschlie\u00dfbar. Ein Push-Latch-System verhindert, dass sich die Schubladen von selbst \u00f6ffnen. MINNES 100%\u00a0\u00a0 AUSZIEHBARE TELESKOPSCHIENE\u00a0\u00a0 wird in Schubladen verwendet. Die Tragf\u00e4higkeit pro Schublade betr\u00e4gt 50 kg. Die Phosphatierung wird vor der Lackierung angewendet, um die Haltbarkeit der Farbe zu erh\u00f6hen. Um h\u00f6chste Sto\u00df- und Kratzfestigkeit zu gew\u00e4hrleisten, wird eine Pulverbeschichtung verwendet.","og_url":"https:\/\/www.jessanofis.com.tr\/de\/urun\/werkzeugwagen-mit-5-schubladen\/","og_site_name":"Jessan Ofis ve B\u00fcro Mobilyalar\u0131","article_publisher":"https:\/\/www.facebook.com\/jessanofismobilya\/","article_modified_time":"2024-01-26T03:37:30+00:00","og_image":[{"width":1000,"height":1000,"url":"https:\/\/www.jessanofis.com.tr\/wp-content\/uploads\/2023\/03\/jessan-takim-arabasi-5-cekmeceli-metal-celik-2.jpg","type":"image\/jpeg"}],"twitter_card":"summary_large_image","twitter_misc":{"Gesch\u00e4tzte Lesezeit":"1\u00a0Minute"},"schema":{"@context":"https:\/\/schema.org","@graph":[{"@type":["WebPage","ItemPage"],"@id":"https:\/\/www.jessanofis.com.tr\/de\/urun\/werkzeugwagen-mit-5-schubladen\/","url":"https:\/\/www.jessanofis.com.tr\/de\/urun\/werkzeugwagen-mit-5-schubladen\/","name":"Werkzeugwagen mit 5 Schubladen - Jessan Ofis ve B\u00fcro Mobilyalar\u0131","isPartOf":{"@id":"https:\/\/www.jessanofis.com.tr\/de\/#website"},"primaryImageOfPage":{"@id":"https:\/\/www.jessanofis.com.tr\/de\/urun\/werkzeugwagen-mit-5-schubladen\/#primaryimage"},"image":{"@id":"https:\/\/www.jessanofis.com.tr\/de\/urun\/werkzeugwagen-mit-5-schubladen\/#primaryimage"},"thumbnailUrl":"https:\/\/www.jessanofis.com.tr\/wp-content\/uploads\/2023\/03\/jessan-takim-arabasi-5-cekmeceli-metal-celik-2.jpg","datePublished":"2023-03-02T15:26:45+00:00","dateModified":"2024-01-26T03:37:30+00:00","breadcrumb":{"@id":"https:\/\/www.jessanofis.com.tr\/de\/urun\/werkzeugwagen-mit-5-schubladen\/#breadcrumb"},"inLanguage":"de","potentialAction":[{"@type":"ReadAction","target":["https:\/\/www.jessanofis.com.tr\/de\/urun\/werkzeugwagen-mit-5-schubladen\/"]}]},{"@type":"ImageObject","inLanguage":"de","@id":"https:\/\/www.jessanofis.com.tr\/de\/urun\/werkzeugwagen-mit-5-schubladen\/#primaryimage","url":"https:\/\/www.jessanofis.com.tr\/wp-content\/uploads\/2023\/03\/jessan-takim-arabasi-5-cekmeceli-metal-celik-2.jpg","contentUrl":"https:\/\/www.jessanofis.com.tr\/wp-content\/uploads\/2023\/03\/jessan-takim-arabasi-5-cekmeceli-metal-celik-2.jpg","width":1000,"height":1000,"caption":"Jessan Ofis 5 \u00c7ekmeceli Tak\u0131m Arabas\u0131"},{"@type":"BreadcrumbList","@id":"https:\/\/www.jessanofis.com.tr\/de\/urun\/werkzeugwagen-mit-5-schubladen\/#breadcrumb","itemListElement":[{"@type":"ListItem","position":1,"name":"Ana sayfa","item":"https:\/\/www.jessanofis.com.tr\/de\/"},{"@type":"ListItem","position":2,"name":"Produkte","item":"https:\/\/www.jessanofis.com.tr\/de\/shop\/"},{"@type":"ListItem","position":3,"name":"Werkzeugwagen mit 5 Schubladen"}]},{"@type":"WebSite","@id":"https:\/\/www.jessanofis.com.tr\/de\/#website","url":"https:\/\/www.jessanofis.com.tr\/de\/","name":"Jessan Metal Ofis Dolaplar\u0131","description":"En \u0130yi Kalite ve Uygun Fiyatlarla Standart Soyunma Dolaplar\u0131 Klas\u00f6r Dolaplar\u0131 Dosya ve Ecza Dolaplar\u0131 \u00d6\u011fretmen ve Telefon Dolaplar\u0131 Personel Temizlik Dolaplar\u0131 Ranza ve Raf Sistemleri Emanet Dolaplar\u0131 \u00dcretimi ve Sat\u0131\u015f\u0131 Yapmaktay\u0131z.","publisher":{"@id":"https:\/\/www.jessanofis.com.tr\/de\/#organization"},"potentialAction":[{"@type":"SearchAction","target":{"@type":"EntryPoint","urlTemplate":"https:\/\/www.jessanofis.com.tr\/de\/?s={search_term_string}"},"query-input":{"@type":"PropertyValueSpecification","valueRequired":true,"valueName":"search_term_string"}}],"inLanguage":"de"},{"@type":"Organization","@id":"https:\/\/www.jessanofis.com.tr\/de\/#organization","name":"Jessan Metal Ofis Dolaplar\u0131","url":"https:\/\/www.jessanofis.com.tr\/de\/","logo":{"@type":"ImageObject","inLanguage":"de","@id":"https:\/\/www.jessanofis.com.tr\/de\/#\/schema\/logo\/image\/","url":"https:\/\/www.jessanofis.com.tr\/wp-content\/uploads\/2025\/03\/logo-600x600-1.jpg","contentUrl":"https:\/\/www.jessanofis.com.tr\/wp-content\/uploads\/2025\/03\/logo-600x600-1.jpg","width":600,"height":600,"caption":"Jessan Metal Ofis Dolaplar\u0131"},"image":{"@id":"https:\/\/www.jessanofis.com.tr\/de\/#\/schema\/logo\/image\/"},"sameAs":["https:\/\/www.facebook.com\/jessanofismobilya\/","https:\/\/www.linkedin.com\/company\/jessanofis"]}]}},"_links":{"self":[{"href":"https:\/\/www.jessanofis.com.tr\/de\/wp-json\/wp\/v2\/product\/14104","targetHints":{"allow":["GET"]}}],"collection":[{"href":"https:\/\/www.jessanofis.com.tr\/de\/wp-json\/wp\/v2\/product"}],"about":[{"href":"https:\/\/www.jessanofis.com.tr\/de\/wp-json\/wp\/v2\/types\/product"}],"wp:featuredmedia":[{"embeddable":true,"href":"https:\/\/www.jessanofis.com.tr\/de\/wp-json\/wp\/v2\/media\/13911"}],"wp:attachment":[{"href":"https:\/\/www.jessanofis.com.tr\/de\/wp-json\/wp\/v2\/media?parent=14104"}],"wp:term":[{"taxonomy":"product_brand","embeddable":true,"href":"https:\/\/www.jessanofis.com.tr\/de\/wp-json\/wp\/v2\/product_brand?post=14104"},{"taxonomy":"product_cat","embeddable":true,"href":"https:\/\/www.jessanofis.com.tr\/de\/wp-json\/wp\/v2\/product_cat?post=14104"},{"taxonomy":"product_tag","embeddable":true,"href":"https:\/\/www.jessanofis.com.tr\/de\/wp-json\/wp\/v2\/product_tag?post=14104"}],"curies":[{"name":"wp","href":"https:\/\/api.w.org\/{rel}","templated":true}]}}