{"id":1258,"date":"2020-04-19T17:59:24","date_gmt":"2020-04-19T14:59:24","guid":{"rendered":"https:\/\/www.jessanofis.com.tr\/egimli-ve-z-tipi-soyunma-dolaplari\/"},"modified":"2022-04-15T01:34:51","modified_gmt":"2022-04-14T22:34:51","slug":"curved-and-z-type-lockers","status":"publish","type":"page","link":"https:\/\/www.jessanofis.com.tr\/en\/curved-and-z-type-lockers\/","title":{"rendered":"Curved And Z Type Lockers"},"content":{"rendered":"<p style=\"text-align: justify;\">Curved and Z Type Lockers Jessan Ofis lockers, all details of which have been considered for occupational health and safety, draw attention with their long-lasting structures as well as their functional features. Curved and Z Type Locker cabinet models, which are produced in accordance with ISO 9001 quality management system standards, are among the indispensable fixtures for many businesses, regardless of their field of activity.<\/p>\n<p style=\"text-align: justify;\">Curved and Z Type Locker cabinet, which stands out with its functional feature, minimizes the disorder in the workplace, the problems of bad smell and the risk of theft of personal belongings. Since such problems can reduce the work efficiency of the personnel, a Curved and Z Type locker with functional features should be used. Curved and Z-Type lockers, which are at the forefront of the items that almost every business should use, have a critical importance especially for businesses where blue-collar personnel are concentrated. Curved and Z Type lockers, which must be found in the locker rooms or locker sections of the enterprises, are produced in a very high quality with the difference of Jessan Ofis.<\/p>\n<p style=\"text-align: justify;\">Curved and Z Type Lockers, where the personnel can keep their casual clothes, wallets, mobile phones and other personal belongings after wearing their work clothes at the beginning of the job, are offered for sale on our site with their long-lasting structures.<\/p>\n<p style=\"text-align: justify;\">Hygiene is of great importance, especially in enterprises where a large number of personnel work. Jessan Office Curved and Z Type lockers, with their bacteria-free features, allow hygienic conditions to be provided without any extra effort. Standing out with their distinctive features, these Curved and Z Type locker models are distinguished from other Curved and Z Type locker models by the fact that their legs and hinges are made of stainless steel. These wardrobe models, which have an adequate ventilation mechanism, also prevent the clothes from being exposed to a bad smell.<\/p>\n<p><em><strong>Don&#8217;t be late to buy the Curved and Z Type lockers made by the talented hands of Jessan Ofis craftsmans with reasonable price advantages&#8230;<\/strong><\/em><\/p>\n<div class=\"ptb_wrap\"><div  class=\"ptb_loops_shortcode tf_clearfix ptb_loops_wrapper ptb_grid3 woocommerce\" data-type=\"urunler\"><article id=\"post-1160\" class=\"ptb_post tf_clearfix post-1160 urunler type-urunler status-publish has-post-thumbnail hentry kategori-curved-and-z-type-lockers\">        <div class=\"ptb_items_wrapper entry-content\" itemscope itemtype=\"https:\/\/schema.org\/MediaObject\">\n                                            <div class=\"ptb_first_row ptb_row ptb_urunler_row \">\n                                                                            <div class=\"ptb_col ptb_col1-1 ptb_col_first \">\n                                                                                                            \n                                                <div class=\"ptb_module ptb_thumbnail tf_clearfix\"><figure class=\"ptb_post_image tf_clearfix\">\n\t\t<a href=\"https:\/\/www.jessanofis.com.tr\/en\/urunler\/6-door-z-type-lockers\/\">\t\t<img decoding=\"async\" src=\"https:\/\/www.jessanofis.com.tr\/wp-content\/uploads\/2020\/04\/z-tipi-altili-soyunma-dolabi.jpg\" alt=\"Alt\u0131l\u0131 Z Tipi Soyunma Dolab\u0131\"\n\t\t\t\t\t\t\t\t\ttitle=\"Alt\u0131l\u0131 Z Tipi Soyunma Dolab\u0131\"\/>\n\t\t\t<\/a>\t<\/figure><\/div><!-- .ptb_module.ptb_thumbnail -->                                                                                                                    \n                                                <div class=\"ptb_module ptb_title tf_clearfix\"><h5 class=\"ptb_post_title ptb_entry_title\" itemprop=\"name\">\n\t<a href=\"https:\/\/www.jessanofis.com.tr\/en\/urunler\/6-door-z-type-lockers\/\">6 Door Z Type Lockers<\/a><\/h5><\/div><!-- .ptb_module.ptb_title -->                                                                                                                                        <\/div>\n                                                                                        <\/div>\n                          \n        <\/div>  \n        <\/article><article id=\"post-1174\" class=\"ptb_post tf_clearfix post-1174 urunler type-urunler status-publish has-post-thumbnail hentry kategori-curved-and-z-type-lockers\">        <div class=\"ptb_items_wrapper entry-content\" itemscope itemtype=\"https:\/\/schema.org\/MediaObject\">\n                                            <div class=\"ptb_first_row ptb_row ptb_urunler_row \">\n                                                                            <div class=\"ptb_col ptb_col1-1 ptb_col_first \">\n                                                                                                            \n                                                <div class=\"ptb_module ptb_thumbnail tf_clearfix\"><figure class=\"ptb_post_image tf_clearfix\">\n\t\t<a href=\"https:\/\/www.jessanofis.com.tr\/en\/urunler\/4-door-z-type-lockers\/\">\t\t<img decoding=\"async\" src=\"https:\/\/www.jessanofis.com.tr\/wp-content\/uploads\/2020\/04\/z-tipi-dortlu-soyunma-dolabi.jpg\" alt=\"D\u00f6rtl\u00fc Z Tipi Soyunma Dolab\u0131\"\n\t\t\t\t\t\t\t\t\ttitle=\"D\u00f6rtl\u00fc Z Tipi Soyunma Dolab\u0131\"\/>\n\t\t\t<\/a>\t<\/figure><\/div><!-- .ptb_module.ptb_thumbnail -->                                                                                                                    \n                                                <div class=\"ptb_module ptb_title tf_clearfix\"><h5 class=\"ptb_post_title ptb_entry_title\" itemprop=\"name\">\n\t<a href=\"https:\/\/www.jessanofis.com.tr\/en\/urunler\/4-door-z-type-lockers\/\">4 Door Z Type Lockers<\/a><\/h5><\/div><!-- .ptb_module.ptb_title -->                                                                                                                                        <\/div>\n                                                                                        <\/div>\n                          \n        <\/div>  \n        <\/article><article id=\"post-1176\" class=\"ptb_post tf_clearfix post-1176 urunler type-urunler status-publish has-post-thumbnail hentry kategori-curved-and-z-type-lockers\">        <div class=\"ptb_items_wrapper entry-content\" itemscope itemtype=\"https:\/\/schema.org\/MediaObject\">\n                                            <div class=\"ptb_first_row ptb_row ptb_urunler_row \">\n                                                                            <div class=\"ptb_col ptb_col1-1 ptb_col_first \">\n                                                                                                            \n                                                <div class=\"ptb_module ptb_thumbnail tf_clearfix\"><figure class=\"ptb_post_image tf_clearfix\">\n\t\t<a href=\"https:\/\/www.jessanofis.com.tr\/en\/urunler\/2-door-sitting-bench-z-type-lockers\/\">\t\t<img decoding=\"async\" src=\"https:\/\/www.jessanofis.com.tr\/wp-content\/uploads\/2020\/04\/iki-kapili-z-soyunma-dolabi-oturma-bankli.jpg\" alt=\"\u0130ki Kap\u0131l\u0131 Oturma Bankl\u0131 Z Soyunma Dolab\u0131\"\n\t\t\t\t\t\t\t\t\ttitle=\"\u0130ki Kap\u0131l\u0131 Oturma Bankl\u0131 Z Soyunma Dolab\u0131\"\/>\n\t\t\t<\/a>\t<\/figure><\/div><!-- .ptb_module.ptb_thumbnail -->                                                                                                                    \n                                                <div class=\"ptb_module ptb_title tf_clearfix\"><h5 class=\"ptb_post_title ptb_entry_title\" itemprop=\"name\">\n\t<a href=\"https:\/\/www.jessanofis.com.tr\/en\/urunler\/2-door-sitting-bench-z-type-lockers\/\">2 Door Sitting Bench Z Type Lockers<\/a><\/h5><\/div><!-- .ptb_module.ptb_title -->                                                                                                                                        <\/div>\n                                                                                        <\/div>\n                          \n        <\/div>  \n        <\/article><article id=\"post-1179\" class=\"ptb_post tf_clearfix post-1179 urunler type-urunler status-publish has-post-thumbnail hentry kategori-curved-and-z-type-lockers\">        <div class=\"ptb_items_wrapper entry-content\" itemscope itemtype=\"https:\/\/schema.org\/MediaObject\">\n                                            <div class=\"ptb_first_row ptb_row ptb_urunler_row \">\n                                                                            <div class=\"ptb_col ptb_col1-1 ptb_col_first \">\n                                                                                                            \n                                                <div class=\"ptb_module ptb_thumbnail tf_clearfix\"><figure class=\"ptb_post_image tf_clearfix\">\n\t\t<a href=\"https:\/\/www.jessanofis.com.tr\/en\/urunler\/2-door-inclined-lockers\/\">\t\t<img decoding=\"async\" src=\"https:\/\/www.jessanofis.com.tr\/wp-content\/uploads\/2020\/04\/E\u011fimli-\u0130kili-So-Dolab\u0131.jpg\" alt=\"E\u011fimli \u0130kili So Dolab\u0131\"\n\t\t\t\t\t\t\t\t\ttitle=\"E\u011fimli \u0130kili So Dolab\u0131\"\/>\n\t\t\t<\/a>\t<\/figure><\/div><!-- .ptb_module.ptb_thumbnail -->                                                                                                                    \n                                                <div class=\"ptb_module ptb_title tf_clearfix\"><h5 class=\"ptb_post_title ptb_entry_title\" itemprop=\"name\">\n\t<a href=\"https:\/\/www.jessanofis.com.tr\/en\/urunler\/2-door-inclined-lockers\/\">2 Door Inclined Lockers<\/a><\/h5><\/div><!-- .ptb_module.ptb_title -->                                                                                                                                        <\/div>\n                                                                                        <\/div>\n                          \n        <\/div>  \n        <\/article><article id=\"post-1188\" class=\"ptb_post tf_clearfix post-1188 urunler type-urunler status-publish has-post-thumbnail hentry kategori-curved-and-z-type-lockers\">        <div class=\"ptb_items_wrapper entry-content\" itemscope itemtype=\"https:\/\/schema.org\/MediaObject\">\n                                            <div class=\"ptb_first_row ptb_row ptb_urunler_row \">\n                                                                            <div class=\"ptb_col ptb_col1-1 ptb_col_first \">\n                                                                                                            \n                                                <div class=\"ptb_module ptb_thumbnail tf_clearfix\"><figure class=\"ptb_post_image tf_clearfix\">\n\t\t<a href=\"https:\/\/www.jessanofis.com.tr\/en\/urunler\/2-door-z-type-lockers\/\">\t\t<img decoding=\"async\" src=\"https:\/\/www.jessanofis.com.tr\/wp-content\/uploads\/2020\/04\/z-tipi-ikili-soyunma-dolabi.jpg\" alt=\"\u0130kili Z Tipi Soyunma Dolab\u0131\"\n\t\t\t\t\t\t\t\t\ttitle=\"\u0130kili Z Tipi Soyunma Dolab\u0131\"\/>\n\t\t\t<\/a>\t<\/figure><\/div><!-- .ptb_module.ptb_thumbnail -->                                                                                                                    \n                                                <div class=\"ptb_module ptb_title tf_clearfix\"><h5 class=\"ptb_post_title ptb_entry_title\" itemprop=\"name\">\n\t<a href=\"https:\/\/www.jessanofis.com.tr\/en\/urunler\/2-door-z-type-lockers\/\">2 Door Z Type Lockers<\/a><\/h5><\/div><!-- .ptb_module.ptb_title -->                                                                                                                                        <\/div>\n                                                                                        <\/div>\n                          \n        <\/div>  \n        <\/article><\/div><!-- .ptb_loops_wrapper --><\/div><!-- .ptb_wrap -->\n","protected":false},"excerpt":{"rendered":"<p>Curved and Z Type Lockers Jessan Ofis lockers, all details of which have been considered for occupational health and safety, draw attention with their long-lasting structures as well as their functional features. Curved and Z Type Locker cabinet models, which are produced in accordance with ISO 9001 quality management system standards, are among the indispensable [&hellip;]<\/p>\n","protected":false},"author":1,"featured_media":0,"parent":0,"menu_order":0,"comment_status":"closed","ping_status":"closed","template":"","meta":{"footnotes":""},"class_list":["post-1258","page","type-page","status-publish","hentry"],"yoast_head":"<!-- This site is optimized with the Yoast SEO Premium plugin v26.5 (Yoast SEO v26.5) - https:\/\/yoast.com\/wordpress\/plugins\/seo\/ -->\n<title>Curved And Z Type Lockers - Jessan Office and Bureau Furniture<\/title>\n<meta name=\"robots\" content=\"index, follow, max-snippet:-1, max-image-preview:large, max-video-preview:-1\" \/>\n<link rel=\"canonical\" href=\"https:\/\/www.jessanofis.com.tr\/en\/curved-and-z-type-lockers\/\" \/>\n<meta property=\"og:locale\" content=\"en_US\" \/>\n<meta property=\"og:type\" content=\"article\" \/>\n<meta property=\"og:title\" content=\"Curved And Z Type Lockers\" \/>\n<meta property=\"og:description\" content=\"Curved and Z Type Lockers Jessan Ofis lockers, all details of which have been considered for occupational health and safety, draw attention with their long-lasting structures as well as their functional features. Curved and Z Type Locker cabinet models, which are produced in accordance with ISO 9001 quality management system standards, are among the indispensable [&hellip;]\" \/>\n<meta property=\"og:url\" content=\"https:\/\/www.jessanofis.com.tr\/en\/curved-and-z-type-lockers\/\" \/>\n<meta property=\"og:site_name\" content=\"Jessan Office and Bureau Furniture\" \/>\n<meta property=\"article:publisher\" content=\"https:\/\/www.facebook.com\/jessanofismobilya\/\" \/>\n<meta property=\"article:modified_time\" content=\"2022-04-14T22:34:51+00:00\" \/>\n<meta property=\"og:image\" content=\"https:\/\/www.jessanofis.com.tr\/wp-content\/uploads\/2020\/04\/soyunma-dolabi-sistemleri.jpg\" \/>\n\t<meta property=\"og:image:width\" content=\"1200\" \/>\n\t<meta property=\"og:image:height\" content=\"600\" \/>\n\t<meta property=\"og:image:type\" content=\"image\/jpeg\" \/>\n<meta name=\"twitter:card\" content=\"summary_large_image\" \/>\n<meta name=\"twitter:label1\" content=\"Est. reading time\" \/>\n\t<meta name=\"twitter:data1\" content=\"2 minutes\" \/>\n<script type=\"application\/ld+json\" class=\"yoast-schema-graph\">{\"@context\":\"https:\/\/schema.org\",\"@graph\":[{\"@type\":\"WebPage\",\"@id\":\"https:\/\/www.jessanofis.com.tr\/en\/curved-and-z-type-lockers\/\",\"url\":\"https:\/\/www.jessanofis.com.tr\/en\/curved-and-z-type-lockers\/\",\"name\":\"Curved And Z Type Lockers - Jessan Office and Bureau Furniture\",\"isPartOf\":{\"@id\":\"https:\/\/www.jessanofis.com.tr\/en\/#website\"},\"datePublished\":\"2020-04-19T14:59:24+00:00\",\"dateModified\":\"2022-04-14T22:34:51+00:00\",\"breadcrumb\":{\"@id\":\"https:\/\/www.jessanofis.com.tr\/en\/curved-and-z-type-lockers\/#breadcrumb\"},\"inLanguage\":\"en-US\",\"potentialAction\":[{\"@type\":\"ReadAction\",\"target\":[\"https:\/\/www.jessanofis.com.tr\/en\/curved-and-z-type-lockers\/\"]}]},{\"@type\":\"BreadcrumbList\",\"@id\":\"https:\/\/www.jessanofis.com.tr\/en\/curved-and-z-type-lockers\/#breadcrumb\",\"itemListElement\":[{\"@type\":\"ListItem\",\"position\":1,\"name\":\"Ana sayfa\",\"item\":\"https:\/\/www.jessanofis.com.tr\/en\/\"},{\"@type\":\"ListItem\",\"position\":2,\"name\":\"Curved And Z Type Lockers\"}]},{\"@type\":\"WebSite\",\"@id\":\"https:\/\/www.jessanofis.com.tr\/en\/#website\",\"url\":\"https:\/\/www.jessanofis.com.tr\/en\/\",\"name\":\"Jessan Metal Ofis Dolaplar\u0131\",\"description\":\"We are producing and selling Standard Lockers, Folder Cabinets, File and Medicine Cabinets, Teacher and Telephone Cabinets, Staff Cleaning Cabinets, Bunk Bed and Shelf Systems, Safety Cabinets with the Best Quality and Reasonable Prices.\",\"publisher\":{\"@id\":\"https:\/\/www.jessanofis.com.tr\/en\/#organization\"},\"potentialAction\":[{\"@type\":\"SearchAction\",\"target\":{\"@type\":\"EntryPoint\",\"urlTemplate\":\"https:\/\/www.jessanofis.com.tr\/en\/?s={search_term_string}\"},\"query-input\":{\"@type\":\"PropertyValueSpecification\",\"valueRequired\":true,\"valueName\":\"search_term_string\"}}],\"inLanguage\":\"en-US\"},{\"@type\":\"Organization\",\"@id\":\"https:\/\/www.jessanofis.com.tr\/en\/#organization\",\"name\":\"Jessan Metal Ofis Dolaplar\u0131\",\"url\":\"https:\/\/www.jessanofis.com.tr\/en\/\",\"logo\":{\"@type\":\"ImageObject\",\"inLanguage\":\"en-US\",\"@id\":\"https:\/\/www.jessanofis.com.tr\/en\/#\/schema\/logo\/image\/\",\"url\":\"https:\/\/www.jessanofis.com.tr\/wp-content\/uploads\/2025\/03\/logo-600x600-1.jpg\",\"contentUrl\":\"https:\/\/www.jessanofis.com.tr\/wp-content\/uploads\/2025\/03\/logo-600x600-1.jpg\",\"width\":600,\"height\":600,\"caption\":\"Jessan Metal Ofis Dolaplar\u0131\"},\"image\":{\"@id\":\"https:\/\/www.jessanofis.com.tr\/en\/#\/schema\/logo\/image\/\"},\"sameAs\":[\"https:\/\/www.facebook.com\/jessanofismobilya\/\",\"https:\/\/www.linkedin.com\/company\/jessanofis\"]}]}<\/script>\n<!-- \/ Yoast SEO Premium plugin. -->","yoast_head_json":{"title":"Curved And Z Type Lockers - Jessan Office and Bureau Furniture","robots":{"index":"index","follow":"follow","max-snippet":"max-snippet:-1","max-image-preview":"max-image-preview:large","max-video-preview":"max-video-preview:-1"},"canonical":"https:\/\/www.jessanofis.com.tr\/en\/curved-and-z-type-lockers\/","og_locale":"en_US","og_type":"article","og_title":"Curved And Z Type Lockers","og_description":"Curved and Z Type Lockers Jessan Ofis lockers, all details of which have been considered for occupational health and safety, draw attention with their long-lasting structures as well as their functional features. Curved and Z Type Locker cabinet models, which are produced in accordance with ISO 9001 quality management system standards, are among the indispensable [&hellip;]","og_url":"https:\/\/www.jessanofis.com.tr\/en\/curved-and-z-type-lockers\/","og_site_name":"Jessan Office and Bureau Furniture","article_publisher":"https:\/\/www.facebook.com\/jessanofismobilya\/","article_modified_time":"2022-04-14T22:34:51+00:00","og_image":[{"width":1200,"height":600,"url":"https:\/\/www.jessanofis.com.tr\/wp-content\/uploads\/2020\/04\/soyunma-dolabi-sistemleri.jpg","type":"image\/jpeg"}],"twitter_card":"summary_large_image","twitter_misc":{"Est. reading time":"2 minutes"},"schema":{"@context":"https:\/\/schema.org","@graph":[{"@type":"WebPage","@id":"https:\/\/www.jessanofis.com.tr\/en\/curved-and-z-type-lockers\/","url":"https:\/\/www.jessanofis.com.tr\/en\/curved-and-z-type-lockers\/","name":"Curved And Z Type Lockers - Jessan Office and Bureau Furniture","isPartOf":{"@id":"https:\/\/www.jessanofis.com.tr\/en\/#website"},"datePublished":"2020-04-19T14:59:24+00:00","dateModified":"2022-04-14T22:34:51+00:00","breadcrumb":{"@id":"https:\/\/www.jessanofis.com.tr\/en\/curved-and-z-type-lockers\/#breadcrumb"},"inLanguage":"en-US","potentialAction":[{"@type":"ReadAction","target":["https:\/\/www.jessanofis.com.tr\/en\/curved-and-z-type-lockers\/"]}]},{"@type":"BreadcrumbList","@id":"https:\/\/www.jessanofis.com.tr\/en\/curved-and-z-type-lockers\/#breadcrumb","itemListElement":[{"@type":"ListItem","position":1,"name":"Ana sayfa","item":"https:\/\/www.jessanofis.com.tr\/en\/"},{"@type":"ListItem","position":2,"name":"Curved And Z Type Lockers"}]},{"@type":"WebSite","@id":"https:\/\/www.jessanofis.com.tr\/en\/#website","url":"https:\/\/www.jessanofis.com.tr\/en\/","name":"Jessan Metal Ofis Dolaplar\u0131","description":"We are producing and selling Standard Lockers, Folder Cabinets, File and Medicine Cabinets, Teacher and Telephone Cabinets, Staff Cleaning Cabinets, Bunk Bed and Shelf Systems, Safety Cabinets with the Best Quality and Reasonable Prices.","publisher":{"@id":"https:\/\/www.jessanofis.com.tr\/en\/#organization"},"potentialAction":[{"@type":"SearchAction","target":{"@type":"EntryPoint","urlTemplate":"https:\/\/www.jessanofis.com.tr\/en\/?s={search_term_string}"},"query-input":{"@type":"PropertyValueSpecification","valueRequired":true,"valueName":"search_term_string"}}],"inLanguage":"en-US"},{"@type":"Organization","@id":"https:\/\/www.jessanofis.com.tr\/en\/#organization","name":"Jessan Metal Ofis Dolaplar\u0131","url":"https:\/\/www.jessanofis.com.tr\/en\/","logo":{"@type":"ImageObject","inLanguage":"en-US","@id":"https:\/\/www.jessanofis.com.tr\/en\/#\/schema\/logo\/image\/","url":"https:\/\/www.jessanofis.com.tr\/wp-content\/uploads\/2025\/03\/logo-600x600-1.jpg","contentUrl":"https:\/\/www.jessanofis.com.tr\/wp-content\/uploads\/2025\/03\/logo-600x600-1.jpg","width":600,"height":600,"caption":"Jessan Metal Ofis Dolaplar\u0131"},"image":{"@id":"https:\/\/www.jessanofis.com.tr\/en\/#\/schema\/logo\/image\/"},"sameAs":["https:\/\/www.facebook.com\/jessanofismobilya\/","https:\/\/www.linkedin.com\/company\/jessanofis"]}]}},"_links":{"self":[{"href":"https:\/\/www.jessanofis.com.tr\/en\/wp-json\/wp\/v2\/pages\/1258","targetHints":{"allow":["GET"]}}],"collection":[{"href":"https:\/\/www.jessanofis.com.tr\/en\/wp-json\/wp\/v2\/pages"}],"about":[{"href":"https:\/\/www.jessanofis.com.tr\/en\/wp-json\/wp\/v2\/types\/page"}],"author":[{"embeddable":true,"href":"https:\/\/www.jessanofis.com.tr\/en\/wp-json\/wp\/v2\/users\/1"}],"replies":[{"embeddable":true,"href":"https:\/\/www.jessanofis.com.tr\/en\/wp-json\/wp\/v2\/comments?post=1258"}],"version-history":[{"count":0,"href":"https:\/\/www.jessanofis.com.tr\/en\/wp-json\/wp\/v2\/pages\/1258\/revisions"}],"wp:attachment":[{"href":"https:\/\/www.jessanofis.com.tr\/en\/wp-json\/wp\/v2\/media?parent=1258"}],"curies":[{"name":"wp","href":"https:\/\/api.w.org\/{rel}","templated":true}]}}