{"id":14191,"date":"2020-04-20T04:31:48","date_gmt":"2020-04-20T01:31:48","guid":{"rendered":"https:\/\/www.jessanofis.com.tr\/vizyon-ve-misyonumuz\/"},"modified":"2024-01-26T07:30:22","modified_gmt":"2024-01-26T04:30:22","slug":"notre-mission","status":"publish","type":"page","link":"https:\/\/www.jessanofis.com.tr\/fr\/notre-mission\/","title":{"rendered":"Notre Mission"},"content":{"rendered":"<h3><strong>Notre Mission;<\/strong><\/h3>\n<ul>\n<li style=\"text-align: justify;\"><img fetchpriority=\"high\" decoding=\"async\" class=\"alignright wp-image-283 size-medium\" src=\"https:\/\/www.jessanofis.com.tr\/wp-content\/uploads\/2020\/04\/vizyonumunz-300x300.jpg\" alt=\"\" width=\"300\" height=\"300\" srcset=\"https:\/\/www.jessanofis.com.tr\/wp-content\/uploads\/2020\/04\/vizyonumunz-300x300.jpg 300w, https:\/\/www.jessanofis.com.tr\/wp-content\/uploads\/2020\/04\/vizyonumunz-387x387.jpg 387w, https:\/\/www.jessanofis.com.tr\/wp-content\/uploads\/2020\/04\/vizyonumunz-100x100.jpg 100w, https:\/\/www.jessanofis.com.tr\/wp-content\/uploads\/2020\/04\/vizyonumunz-600x600.jpg 600w, https:\/\/www.jessanofis.com.tr\/wp-content\/uploads\/2020\/04\/vizyonumunz-150x150.jpg 150w, https:\/\/www.jessanofis.com.tr\/wp-content\/uploads\/2020\/04\/vizyonumunz.jpg 689w\" sizes=\"(max-width: 300px) 100vw, 300px\" \/>Fournir des solutions cr\u00e9atives gr\u00e2ce \u00e0 la discipline et \u00e0 l&rsquo;assiduit\u00e9 au travail, ainsi qu&rsquo;au renouvellement continu, qui constituent notre dynamique professionnelle.<\/li>\n<li>Produire toujours le meilleur et la plus haute qualit\u00e9 pour la satisfaction du client.<\/li>\n<li>\u00catre une entreprise qui se situe au sommet des pr\u00e9f\u00e9rences dans le secteur en s&rsquo;appuyant sur la qualit\u00e9 des services que nous offrons \u00e0 notre pays.<\/li>\n<li>Accro\u00eetre jour apr\u00e8s jour ses services, sa qualit\u00e9 et sa capacit\u00e9.<\/li>\n<li>Vivre et rester en vie en cr\u00e9ant une identit\u00e9 int\u00e9gr\u00e9e avec les entrepreneurs, les managers, les salari\u00e9s, les clients et les acteurs sociaux.<\/li>\n<li>En suivant de pr\u00e8s les d\u00e9veloppements dans le monde, en se concentrant sur les \u00e9tudes de R&amp;D et en pr\u00e9sentant l&rsquo;exp\u00e9rience acquise gr\u00e2ce \u00e0 ces \u00e9tudes \u00e0 nos clients \u00e0 la lumi\u00e8re de la technologie moderne.<\/li>\n<\/ul>\n<h3><strong>Notre Vision;<\/strong><\/h3>\n<p>En tant qu&rsquo;adepte des technologies en d\u00e9veloppement, nous voulons offrir \u00e0 nos clients des produits fabriqu\u00e9s selon les technologies les plus r\u00e9centes et \u00eatre la premi\u00e8re entreprise de Turquie. \u00ab\u00a0<em>Fournir \u00e0 nos clients un service amical et l&rsquo;exp\u00e9rience que nous avons acquise en jouant un r\u00f4le de premier plan dans le secteur de l&rsquo;acier, avec toutes ses approches ax\u00e9es sur la qualit\u00e9 et le client<\/em>\u00ab\u00a0.<\/p>\n<p><strong>Nos objectifs pour r\u00e9aliser cette mission :<\/strong><\/p>\n<p>Dans le cadre <em>des principes de rentabilit\u00e9, de productivit\u00e9<\/em> et d&rsquo;efficacit\u00e9, atteindre la normalisation (service, qualit\u00e9 des produits) qui peut rivaliser avec le monde, maintenir des activit\u00e9s d&rsquo;am\u00e9lioration continue pour une gestion efficace et efficiente des ressources, d\u00e9terminer et mettre en \u0153uvre des strat\u00e9gies et des politiques de marketing compatibles avec l&rsquo;infrastructure de production \u00e0 l&rsquo;int\u00e9rieur et \u00e0 l&rsquo;ext\u00e9rieur du pays.<\/p>\n<p>\u00catre une entreprise qui mesure son succ\u00e8s \u00e0 l&rsquo;aune de la satisfaction de ses clients et qui est capable de produire des solutions rapides, efficaces et de qualit\u00e9 pour r\u00e9pondre \u00e0 leurs besoins.<\/p>\n","protected":false},"excerpt":{"rendered":"<p>Notre Mission; Fournir des solutions cr\u00e9atives gr\u00e2ce \u00e0 la discipline et \u00e0 l&rsquo;assiduit\u00e9 au travail, ainsi qu&rsquo;au renouvellement continu, qui constituent notre dynamique professionnelle. Produire toujours le meilleur et la plus haute qualit\u00e9 pour la satisfaction du client. \u00catre une entreprise qui se situe au sommet des pr\u00e9f\u00e9rences dans le secteur en s&rsquo;appuyant sur la [&hellip;]<\/p>\n","protected":false},"author":1,"featured_media":0,"parent":0,"menu_order":0,"comment_status":"closed","ping_status":"closed","template":"","meta":{"footnotes":""},"class_list":["post-14191","page","type-page","status-publish","hentry"],"yoast_head":"<!-- This site is optimized with the Yoast SEO Premium plugin v26.5 (Yoast SEO v26.5) - https:\/\/yoast.com\/wordpress\/plugins\/seo\/ -->\n<title>Notre Mission - Jessan Ofis ve B\u00fcro Mobilyalar\u0131<\/title>\n<meta name=\"robots\" content=\"index, follow, max-snippet:-1, max-image-preview:large, max-video-preview:-1\" \/>\n<link rel=\"canonical\" href=\"https:\/\/www.jessanofis.com.tr\/fr\/notre-mission\/\" \/>\n<meta property=\"og:locale\" content=\"fr_FR\" \/>\n<meta property=\"og:type\" content=\"article\" \/>\n<meta property=\"og:title\" content=\"Notre Mission\" \/>\n<meta property=\"og:description\" content=\"Notre Mission; Fournir des solutions cr\u00e9atives gr\u00e2ce \u00e0 la discipline et \u00e0 l&rsquo;assiduit\u00e9 au travail, ainsi qu&rsquo;au renouvellement continu, qui constituent notre dynamique professionnelle. Produire toujours le meilleur et la plus haute qualit\u00e9 pour la satisfaction du client. \u00catre une entreprise qui se situe au sommet des pr\u00e9f\u00e9rences dans le secteur en s&rsquo;appuyant sur la [&hellip;]\" \/>\n<meta property=\"og:url\" content=\"https:\/\/www.jessanofis.com.tr\/fr\/notre-mission\/\" \/>\n<meta property=\"og:site_name\" content=\"Jessan Ofis ve B\u00fcro Mobilyalar\u0131\" \/>\n<meta property=\"article:publisher\" content=\"https:\/\/www.facebook.com\/jessanofismobilya\/\" \/>\n<meta property=\"article:modified_time\" content=\"2024-01-26T04:30:22+00:00\" \/>\n<meta property=\"og:image\" content=\"https:\/\/www.jessanofis.com.tr\/wp-content\/uploads\/2020\/04\/vizyonumunz-300x300.jpg\" \/>\n<meta name=\"twitter:card\" content=\"summary_large_image\" \/>\n<meta name=\"twitter:label1\" content=\"Dur\u00e9e de lecture estim\u00e9e\" \/>\n\t<meta name=\"twitter:data1\" content=\"2 minutes\" \/>\n<script type=\"application\/ld+json\" class=\"yoast-schema-graph\">{\"@context\":\"https:\/\/schema.org\",\"@graph\":[{\"@type\":\"WebPage\",\"@id\":\"https:\/\/www.jessanofis.com.tr\/fr\/notre-mission\/\",\"url\":\"https:\/\/www.jessanofis.com.tr\/fr\/notre-mission\/\",\"name\":\"Notre Mission - Jessan Ofis ve B\u00fcro Mobilyalar\u0131\",\"isPartOf\":{\"@id\":\"https:\/\/www.jessanofis.com.tr\/fr\/#website\"},\"primaryImageOfPage\":{\"@id\":\"https:\/\/www.jessanofis.com.tr\/fr\/notre-mission\/#primaryimage\"},\"image\":{\"@id\":\"https:\/\/www.jessanofis.com.tr\/fr\/notre-mission\/#primaryimage\"},\"thumbnailUrl\":\"https:\/\/www.jessanofis.com.tr\/wp-content\/uploads\/2020\/04\/vizyonumunz-300x300.jpg\",\"datePublished\":\"2020-04-20T01:31:48+00:00\",\"dateModified\":\"2024-01-26T04:30:22+00:00\",\"breadcrumb\":{\"@id\":\"https:\/\/www.jessanofis.com.tr\/fr\/notre-mission\/#breadcrumb\"},\"inLanguage\":\"fr-FR\",\"potentialAction\":[{\"@type\":\"ReadAction\",\"target\":[\"https:\/\/www.jessanofis.com.tr\/fr\/notre-mission\/\"]}]},{\"@type\":\"ImageObject\",\"inLanguage\":\"fr-FR\",\"@id\":\"https:\/\/www.jessanofis.com.tr\/fr\/notre-mission\/#primaryimage\",\"url\":\"https:\/\/www.jessanofis.com.tr\/wp-content\/uploads\/2020\/04\/vizyonumunz-300x300.jpg\",\"contentUrl\":\"https:\/\/www.jessanofis.com.tr\/wp-content\/uploads\/2020\/04\/vizyonumunz-300x300.jpg\"},{\"@type\":\"BreadcrumbList\",\"@id\":\"https:\/\/www.jessanofis.com.tr\/fr\/notre-mission\/#breadcrumb\",\"itemListElement\":[{\"@type\":\"ListItem\",\"position\":1,\"name\":\"Ana sayfa\",\"item\":\"https:\/\/www.jessanofis.com.tr\/fr\/\"},{\"@type\":\"ListItem\",\"position\":2,\"name\":\"Notre Mission\"}]},{\"@type\":\"WebSite\",\"@id\":\"https:\/\/www.jessanofis.com.tr\/fr\/#website\",\"url\":\"https:\/\/www.jessanofis.com.tr\/fr\/\",\"name\":\"Jessan Metal Ofis Dolaplar\u0131\",\"description\":\"En \u0130yi Kalite ve Uygun Fiyatlarla Standart Soyunma Dolaplar\u0131 Klas\u00f6r Dolaplar\u0131 Dosya ve Ecza Dolaplar\u0131 \u00d6\u011fretmen ve Telefon Dolaplar\u0131 Personel Temizlik Dolaplar\u0131 Ranza ve Raf Sistemleri Emanet Dolaplar\u0131 \u00dcretimi ve Sat\u0131\u015f\u0131 Yapmaktay\u0131z.\",\"publisher\":{\"@id\":\"https:\/\/www.jessanofis.com.tr\/fr\/#organization\"},\"potentialAction\":[{\"@type\":\"SearchAction\",\"target\":{\"@type\":\"EntryPoint\",\"urlTemplate\":\"https:\/\/www.jessanofis.com.tr\/fr\/?s={search_term_string}\"},\"query-input\":{\"@type\":\"PropertyValueSpecification\",\"valueRequired\":true,\"valueName\":\"search_term_string\"}}],\"inLanguage\":\"fr-FR\"},{\"@type\":\"Organization\",\"@id\":\"https:\/\/www.jessanofis.com.tr\/fr\/#organization\",\"name\":\"Jessan Metal Ofis Dolaplar\u0131\",\"url\":\"https:\/\/www.jessanofis.com.tr\/fr\/\",\"logo\":{\"@type\":\"ImageObject\",\"inLanguage\":\"fr-FR\",\"@id\":\"https:\/\/www.jessanofis.com.tr\/fr\/#\/schema\/logo\/image\/\",\"url\":\"https:\/\/www.jessanofis.com.tr\/wp-content\/uploads\/2025\/03\/logo-600x600-1.jpg\",\"contentUrl\":\"https:\/\/www.jessanofis.com.tr\/wp-content\/uploads\/2025\/03\/logo-600x600-1.jpg\",\"width\":600,\"height\":600,\"caption\":\"Jessan Metal Ofis Dolaplar\u0131\"},\"image\":{\"@id\":\"https:\/\/www.jessanofis.com.tr\/fr\/#\/schema\/logo\/image\/\"},\"sameAs\":[\"https:\/\/www.facebook.com\/jessanofismobilya\/\",\"https:\/\/www.linkedin.com\/company\/jessanofis\"]}]}<\/script>\n<!-- \/ Yoast SEO Premium plugin. -->","yoast_head_json":{"title":"Notre Mission - Jessan Ofis ve B\u00fcro Mobilyalar\u0131","robots":{"index":"index","follow":"follow","max-snippet":"max-snippet:-1","max-image-preview":"max-image-preview:large","max-video-preview":"max-video-preview:-1"},"canonical":"https:\/\/www.jessanofis.com.tr\/fr\/notre-mission\/","og_locale":"fr_FR","og_type":"article","og_title":"Notre Mission","og_description":"Notre Mission; Fournir des solutions cr\u00e9atives gr\u00e2ce \u00e0 la discipline et \u00e0 l&rsquo;assiduit\u00e9 au travail, ainsi qu&rsquo;au renouvellement continu, qui constituent notre dynamique professionnelle. Produire toujours le meilleur et la plus haute qualit\u00e9 pour la satisfaction du client. \u00catre une entreprise qui se situe au sommet des pr\u00e9f\u00e9rences dans le secteur en s&rsquo;appuyant sur la [&hellip;]","og_url":"https:\/\/www.jessanofis.com.tr\/fr\/notre-mission\/","og_site_name":"Jessan Ofis ve B\u00fcro Mobilyalar\u0131","article_publisher":"https:\/\/www.facebook.com\/jessanofismobilya\/","article_modified_time":"2024-01-26T04:30:22+00:00","og_image":[{"url":"https:\/\/www.jessanofis.com.tr\/wp-content\/uploads\/2020\/04\/vizyonumunz-300x300.jpg","type":"","width":"","height":""}],"twitter_card":"summary_large_image","twitter_misc":{"Dur\u00e9e de lecture estim\u00e9e":"2 minutes"},"schema":{"@context":"https:\/\/schema.org","@graph":[{"@type":"WebPage","@id":"https:\/\/www.jessanofis.com.tr\/fr\/notre-mission\/","url":"https:\/\/www.jessanofis.com.tr\/fr\/notre-mission\/","name":"Notre Mission - Jessan Ofis ve B\u00fcro Mobilyalar\u0131","isPartOf":{"@id":"https:\/\/www.jessanofis.com.tr\/fr\/#website"},"primaryImageOfPage":{"@id":"https:\/\/www.jessanofis.com.tr\/fr\/notre-mission\/#primaryimage"},"image":{"@id":"https:\/\/www.jessanofis.com.tr\/fr\/notre-mission\/#primaryimage"},"thumbnailUrl":"https:\/\/www.jessanofis.com.tr\/wp-content\/uploads\/2020\/04\/vizyonumunz-300x300.jpg","datePublished":"2020-04-20T01:31:48+00:00","dateModified":"2024-01-26T04:30:22+00:00","breadcrumb":{"@id":"https:\/\/www.jessanofis.com.tr\/fr\/notre-mission\/#breadcrumb"},"inLanguage":"fr-FR","potentialAction":[{"@type":"ReadAction","target":["https:\/\/www.jessanofis.com.tr\/fr\/notre-mission\/"]}]},{"@type":"ImageObject","inLanguage":"fr-FR","@id":"https:\/\/www.jessanofis.com.tr\/fr\/notre-mission\/#primaryimage","url":"https:\/\/www.jessanofis.com.tr\/wp-content\/uploads\/2020\/04\/vizyonumunz-300x300.jpg","contentUrl":"https:\/\/www.jessanofis.com.tr\/wp-content\/uploads\/2020\/04\/vizyonumunz-300x300.jpg"},{"@type":"BreadcrumbList","@id":"https:\/\/www.jessanofis.com.tr\/fr\/notre-mission\/#breadcrumb","itemListElement":[{"@type":"ListItem","position":1,"name":"Ana sayfa","item":"https:\/\/www.jessanofis.com.tr\/fr\/"},{"@type":"ListItem","position":2,"name":"Notre Mission"}]},{"@type":"WebSite","@id":"https:\/\/www.jessanofis.com.tr\/fr\/#website","url":"https:\/\/www.jessanofis.com.tr\/fr\/","name":"Jessan Metal Ofis Dolaplar\u0131","description":"En \u0130yi Kalite ve Uygun Fiyatlarla Standart Soyunma Dolaplar\u0131 Klas\u00f6r Dolaplar\u0131 Dosya ve Ecza Dolaplar\u0131 \u00d6\u011fretmen ve Telefon Dolaplar\u0131 Personel Temizlik Dolaplar\u0131 Ranza ve Raf Sistemleri Emanet Dolaplar\u0131 \u00dcretimi ve Sat\u0131\u015f\u0131 Yapmaktay\u0131z.","publisher":{"@id":"https:\/\/www.jessanofis.com.tr\/fr\/#organization"},"potentialAction":[{"@type":"SearchAction","target":{"@type":"EntryPoint","urlTemplate":"https:\/\/www.jessanofis.com.tr\/fr\/?s={search_term_string}"},"query-input":{"@type":"PropertyValueSpecification","valueRequired":true,"valueName":"search_term_string"}}],"inLanguage":"fr-FR"},{"@type":"Organization","@id":"https:\/\/www.jessanofis.com.tr\/fr\/#organization","name":"Jessan Metal Ofis Dolaplar\u0131","url":"https:\/\/www.jessanofis.com.tr\/fr\/","logo":{"@type":"ImageObject","inLanguage":"fr-FR","@id":"https:\/\/www.jessanofis.com.tr\/fr\/#\/schema\/logo\/image\/","url":"https:\/\/www.jessanofis.com.tr\/wp-content\/uploads\/2025\/03\/logo-600x600-1.jpg","contentUrl":"https:\/\/www.jessanofis.com.tr\/wp-content\/uploads\/2025\/03\/logo-600x600-1.jpg","width":600,"height":600,"caption":"Jessan Metal Ofis Dolaplar\u0131"},"image":{"@id":"https:\/\/www.jessanofis.com.tr\/fr\/#\/schema\/logo\/image\/"},"sameAs":["https:\/\/www.facebook.com\/jessanofismobilya\/","https:\/\/www.linkedin.com\/company\/jessanofis"]}]}},"_links":{"self":[{"href":"https:\/\/www.jessanofis.com.tr\/fr\/wp-json\/wp\/v2\/pages\/14191","targetHints":{"allow":["GET"]}}],"collection":[{"href":"https:\/\/www.jessanofis.com.tr\/fr\/wp-json\/wp\/v2\/pages"}],"about":[{"href":"https:\/\/www.jessanofis.com.tr\/fr\/wp-json\/wp\/v2\/types\/page"}],"author":[{"embeddable":true,"href":"https:\/\/www.jessanofis.com.tr\/fr\/wp-json\/wp\/v2\/users\/1"}],"replies":[{"embeddable":true,"href":"https:\/\/www.jessanofis.com.tr\/fr\/wp-json\/wp\/v2\/comments?post=14191"}],"version-history":[{"count":0,"href":"https:\/\/www.jessanofis.com.tr\/fr\/wp-json\/wp\/v2\/pages\/14191\/revisions"}],"wp:attachment":[{"href":"https:\/\/www.jessanofis.com.tr\/fr\/wp-json\/wp\/v2\/media?parent=14191"}],"curies":[{"name":"wp","href":"https:\/\/api.w.org\/{rel}","templated":true}]}}