{"id":13957,"date":"2023-03-02T18:23:21","date_gmt":"2023-03-02T15:23:21","guid":{"rendered":"https:\/\/www.jessanofis.com.tr\/urun\/jessan-ofis-3-lu-standart-soyunma-dolabi-gri\/"},"modified":"2024-01-26T02:10:58","modified_gmt":"2024-01-25T23:10:58","slug":"armoire-metallique-3-portes","status":"publish","type":"product","link":"https:\/\/www.jessanofis.com.tr\/fr\/urun\/armoire-metallique-3-portes\/","title":{"rendered":"Armoire Metallique 3 Portes"},"content":{"rendered":"<h2 style=\"text-align: justify;\"><b>Armoire Metallique 3 Portes<\/b><\/h2>\n<p>Armoire \u00e0 casiers ; Les armoires \u00e0 casiers, qui font partie des articles que presque toutes les entreprises devraient utiliser, sont d&rsquo;une importance cruciale pour le stockage en toute s\u00e9curit\u00e9 des \u00e9quipements tels que les v\u00eatements et les biens du personnel.<\/p>\n<p>Les casiers, indispensables dans les vestiaires ou les sections de vestiaires des entreprises, sont produits de haute qualit\u00e9 \u00e0 la diff\u00e9rence de Jessan Office. Des armoires \u00e0 casiers, o\u00f9 les employ\u00e9s peuvent ranger leurs v\u00eatements quotidiens, portefeuilles, t\u00e9l\u00e9phones portables et autres effets personnels apr\u00e8s avoir port\u00e9 leurs v\u00eatements de travail au d\u00e9but du travail, sont propos\u00e9es \u00e0 la vente sur notre site Internet avec leurs structures durables<\/p>\n<p>L&rsquo;hygi\u00e8ne est d&rsquo;une grande importance, en particulier dans les entreprises o\u00f9 travaillent un grand nombre de personnes. Les armoires Jessan Office permettent d&rsquo;assurer des conditions d&rsquo;hygi\u00e8ne sans effort suppl\u00e9mentaire gr\u00e2ce \u00e0 leurs caract\u00e9ristiques anti-bact\u00e9riennes. Le fait que les pieds et les charni\u00e8res de ces mod\u00e8les d&rsquo;armoires vestiaires, qui attirent l&rsquo;attention par leurs caract\u00e9ristiques particuli\u00e8res, soient en acier inoxydable, les distingue \u00e9galement des autres mod\u00e8les d&rsquo;armoires vestiaires. Ces mod\u00e8les d&rsquo;armoires, qui disposent d&rsquo;un m\u00e9canisme de ventilation ad\u00e9quat, emp\u00eachent \u00e9galement les v\u00eatements d&rsquo;\u00eatre expos\u00e9s \u00e0 une mauvaise odeur. L&rsquo;armoire \u00e0 casiers, qui se distingue par sa fonctionnalit\u00e9, minimise le d\u00e9sordre sur les lieux de travail, les probl\u00e8mes de mauvaises odeurs et le risque de vol d&rsquo;effets personnels. \u00c9tant donn\u00e9 que de tels probl\u00e8mes peuvent r\u00e9duire l\u2019efficacit\u00e9 du travail du personnel, des casiers dot\u00e9s de caract\u00e9ristiques fonctionnelles doivent \u00eatre utilis\u00e9s.<\/p>\n<p>Armoire single, armoire double, armoire triple, armoire quadruple, armoire \u00e0 six compartiments, armoire \u00e0 compartiments de type Z : autant d&rsquo;options disponibles.<\/p>\n<h3><strong>Caract\u00e9ristiques du Produit<\/strong><\/h3>\n<p><strong>Durabilit\u00e9 : <\/strong>le m\u00e9tal est un mat\u00e9riau durable et a une longue dur\u00e9e de vie. Les armoires m\u00e9talliques peuvent r\u00e9sister \u00e0 un usage intensif et rester robustes pendant de nombreuses ann\u00e9es.<\/p>\n<p><strong>S\u00e9curit\u00e9 :<\/strong> les armoires m\u00e9talliques sont une excellente option pour garantir la s\u00e9curit\u00e9 des objets qu&rsquo;elles contiennent. Les casiers m\u00e9talliques peuvent \u00eatre verrouill\u00e9s et emp\u00eachent le vol ou la d\u00e9t\u00e9rioration de leur contenu.<\/p>\n<p><strong>Nettoyage facile :<\/strong> les surfaces m\u00e9talliques sont faciles \u00e0 nettoyer et peuvent g\u00e9n\u00e9ralement \u00eatre nettoy\u00e9es avec de l&rsquo;eau et du savon. Il est ainsi plus facile de maintenir un environnement hygi\u00e9nique.<\/p>\n<p><strong>R\u00e9sistance au feu :<\/strong> les armoires m\u00e9talliques sont plus r\u00e9sistantes au feu que les armoires en bois. Par cons\u00e9quent, ils peuvent \u00eatre pr\u00e9f\u00e9r\u00e9s l\u00e0 o\u00f9 il y a un risque d&rsquo;incendie.<\/p>\n<p><strong>Diversit\u00e9 esth\u00e9tique : <\/strong>les armoires m\u00e9talliques sont disponibles en diff\u00e9rents coloris et styles, ce qui permet de varier le design. Ils peuvent \u00eatre personnalis\u00e9s pour s&rsquo;adapter \u00e0 l&rsquo;int\u00e9rieur.<\/p>\n<p><strong>R\u00e9sistance \u00e0 la rouille\u00a0:<\/strong> Les classeurs m\u00e9talliques de bonne qualit\u00e9 peuvent \u00eatre r\u00e9sistants \u00e0 la rouille, ce qui les rend adapt\u00e9s \u00e0 une utilisation en ext\u00e9rieur ou dans des environnements humides.<\/p>\n<p><strong>L\u00e9g\u00e8ret\u00e9 : <\/strong>les armoires m\u00e9talliques sont g\u00e9n\u00e9ralement l\u00e9g\u00e8res, ce qui augmente leur portabilit\u00e9 et leur permet d&rsquo;\u00eatre facilement d\u00e9plac\u00e9es.<\/p>\n<p><strong>\u00a0\u00c9cologique\u00a0:<\/strong> Les armoires m\u00e9talliques sont une option plus durable en termes de recyclage. Le m\u00e9tal peut \u00eatre recycl\u00e9 encore et encore, contribuant ainsi \u00e0 utiliser les ressources plus efficacement.<\/p>\n<p><strong>R\u00e9sistance aux conditions climatiques :<\/strong> les armoires m\u00e9talliques peuvent r\u00e9sister \u00e0 des changements de temp\u00e9rature et \u00e0 des conditions d&rsquo;humidit\u00e9 extr\u00eames, ce qui permet de les utiliser \u00e0 l&rsquo;ext\u00e9rieur ou dans des conditions climatiques diff\u00e9rentes.<\/p>\n<p><strong>Abordabilit\u00e9\u00a0: <\/strong>Les armoires m\u00e9talliques sont g\u00e9n\u00e9ralement abordables et peuvent constituer un bon investissement compte tenu de leur longue dur\u00e9e de vie.<\/p>\n","protected":false},"excerpt":{"rendered":"<p><strong>Mat\u00e9riau de l&rsquo;armoire:<\/strong> fer et acier Ere\u011fli, Dkp 0.60 mm. Corps, DKP 1.5 mm. Une peinture en poudre \u00e9lectrostatique de marque Jotun a \u00e9t\u00e9 appliqu\u00e9e sur la jambe.<\/p>\n<p><strong>Dimensions : <\/strong>Largeur: <strong>117cm<\/strong> Profondeur: <strong>40cm<\/strong> Hauteur: <strong>185cm<\/strong><\/p>\n<p><b><strong>Caract\u00e9ristiques du produit: <\/strong><\/b>Grilles de ventilation, Porte-\u00e9tiquette, Crochets de suspension en plastique, Charni\u00e8re \u00e0 ressort, Syst\u00e8me de fermeture adapt\u00e9 \u00e0 l&rsquo;installation d&rsquo;un cadenas.<\/p>\n<p><strong>Couleur : <\/strong>Corps: Gris 7035 \u2013 Couverture : Gris 7035\u00a0 <strong>(Nous pouvons produire dans des couleurs sp\u00e9ciales.)<\/strong><\/p>\n<p><strong>Entretien des surfaces: <\/strong>Vous pouvez nettoyer vos armoires en les essuyant avec un chiffon humide. \u00c9vitez tout contact prolong\u00e9 de la surface avec l&rsquo;eau.<\/p>\n<p><strong>P\u00e9riode de Garantie: <\/strong>2 ANS<\/p>\n<p><strong>Information: <\/strong>Les armoires de toilette sont produites selon les normes TSE. Notre soci\u00e9t\u00e9 fabrique conform\u00e9ment aux normes TS EN ISO 9001: 2008, ISO 10002: 2004, du syst\u00e8me de gestion de la qualit\u00e9 et poss\u00e8de des certificats de qualification du service apr\u00e8s-vente.<\/p>\n<p><b>Domaine d&rsquo;Utilisation: <\/b>Domaines d&rsquo;utilisation des armoires \u00e0 casiers m\u00e9talliques : \u00c9coles, salles de sport, h\u00f4pitaux, administrations, industrie, construction, banques, centres commerciaux, usines, arm\u00e9e, automobile, pharmacies, chimie, laboratoires, alimentation, agriculture et \u00e9levage, ateliers, restaurants, transport, emballage, machines, logistique, textile, \u00e9lectronique, tourisme, commerce de d\u00e9tail, exploitation mini\u00e8re, march\u00e9s, fabrication, production, entreprises, etc. sont utilis\u00e9s.<\/p>\n","protected":false},"featured_media":11745,"template":"","meta":[],"product_brand":[],"product_cat":[358],"product_tag":[],"class_list":{"0":"post-13957","1":"product","2":"type-product","3":"status-publish","4":"has-post-thumbnail","6":"product_cat-armoire-a-casiers","8":"first","9":"instock","10":"product-type-external"},"yoast_head":"<!-- This site is optimized with the Yoast SEO Premium plugin v26.5 (Yoast SEO v26.5) - https:\/\/yoast.com\/wordpress\/plugins\/seo\/ -->\n<title>Armoire Metallique 3 Portes - Jessan Ofis ve B\u00fcro Mobilyalar\u0131<\/title>\n<meta name=\"robots\" content=\"index, follow, max-snippet:-1, max-image-preview:large, max-video-preview:-1\" \/>\n<link rel=\"canonical\" href=\"https:\/\/www.jessanofis.com.tr\/fr\/urun\/armoire-metallique-3-portes\/\" \/>\n<meta property=\"og:locale\" content=\"fr_FR\" \/>\n<meta property=\"og:type\" content=\"article\" \/>\n<meta property=\"og:title\" content=\"Armoire Metallique 3 Portes\" \/>\n<meta property=\"og:description\" content=\"Mat\u00e9riau de l&#039;armoire: fer et acier Ere\u011fli, Dkp 0.60 mm. Corps, DKP 1.5 mm. Une peinture en poudre \u00e9lectrostatique de marque Jotun a \u00e9t\u00e9 appliqu\u00e9e sur la jambe.  Dimensions : Largeur: 117cm Profondeur: 40cm Hauteur: 185cm  Caract\u00e9ristiques du produit: Grilles de ventilation, Porte-\u00e9tiquette, Crochets de suspension en plastique, Charni\u00e8re \u00e0 ressort, Syst\u00e8me de fermeture adapt\u00e9 \u00e0 l&#039;installation d&#039;un cadenas.  Couleur : Corps: Gris 7035 \u2013 Couverture : Gris 7035\u00a0 (Nous pouvons produire dans des couleurs sp\u00e9ciales.)  Entretien des surfaces: Vous pouvez nettoyer vos armoires en les essuyant avec un chiffon humide. \u00c9vitez tout contact prolong\u00e9 de la surface avec l&#039;eau.  P\u00e9riode de Garantie: 2 ANS  Information: Les armoires de toilette sont produites selon les normes TSE. Notre soci\u00e9t\u00e9 fabrique conform\u00e9ment aux normes TS EN ISO 9001: 2008, ISO 10002: 2004, du syst\u00e8me de gestion de la qualit\u00e9 et poss\u00e8de des certificats de qualification du service apr\u00e8s-vente.  Domaine d&#039;Utilisation: Domaines d&#039;utilisation des armoires \u00e0 casiers m\u00e9talliques : \u00c9coles, salles de sport, h\u00f4pitaux, administrations, industrie, construction, banques, centres commerciaux, usines, arm\u00e9e, automobile, pharmacies, chimie, laboratoires, alimentation, agriculture et \u00e9levage, ateliers, restaurants, transport, emballage, machines, logistique, textile, \u00e9lectronique, tourisme, commerce de d\u00e9tail, exploitation mini\u00e8re, march\u00e9s, fabrication, production, entreprises, etc. sont utilis\u00e9s.\" \/>\n<meta property=\"og:url\" content=\"https:\/\/www.jessanofis.com.tr\/fr\/urun\/armoire-metallique-3-portes\/\" \/>\n<meta property=\"og:site_name\" content=\"Jessan Ofis ve B\u00fcro Mobilyalar\u0131\" \/>\n<meta property=\"article:publisher\" content=\"https:\/\/www.facebook.com\/jessanofismobilya\/\" \/>\n<meta property=\"article:modified_time\" content=\"2024-01-25T23:10:58+00:00\" \/>\n<meta property=\"og:image\" content=\"https:\/\/www.jessanofis.com.tr\/wp-content\/uploads\/2023\/03\/jessan-3-lu-soyunma-dolabi-metal-celik-1.jpg\" \/>\n\t<meta property=\"og:image:width\" content=\"1000\" \/>\n\t<meta property=\"og:image:height\" content=\"1000\" \/>\n\t<meta property=\"og:image:type\" content=\"image\/jpeg\" \/>\n<meta name=\"twitter:card\" content=\"summary_large_image\" \/>\n<meta name=\"twitter:label1\" content=\"Dur\u00e9e de lecture estim\u00e9e\" \/>\n\t<meta name=\"twitter:data1\" content=\"1 minute\" \/>\n<script type=\"application\/ld+json\" class=\"yoast-schema-graph\">{\"@context\":\"https:\/\/schema.org\",\"@graph\":[{\"@type\":[\"WebPage\",\"ItemPage\"],\"@id\":\"https:\/\/www.jessanofis.com.tr\/fr\/urun\/armoire-metallique-3-portes\/\",\"url\":\"https:\/\/www.jessanofis.com.tr\/fr\/urun\/armoire-metallique-3-portes\/\",\"name\":\"Armoire Metallique 3 Portes - Jessan Ofis ve B\u00fcro Mobilyalar\u0131\",\"isPartOf\":{\"@id\":\"https:\/\/www.jessanofis.com.tr\/fr\/#website\"},\"primaryImageOfPage\":{\"@id\":\"https:\/\/www.jessanofis.com.tr\/fr\/urun\/armoire-metallique-3-portes\/#primaryimage\"},\"image\":{\"@id\":\"https:\/\/www.jessanofis.com.tr\/fr\/urun\/armoire-metallique-3-portes\/#primaryimage\"},\"thumbnailUrl\":\"https:\/\/www.jessanofis.com.tr\/wp-content\/uploads\/2023\/03\/jessan-3-lu-soyunma-dolabi-metal-celik-1.jpg\",\"datePublished\":\"2023-03-02T15:23:21+00:00\",\"dateModified\":\"2024-01-25T23:10:58+00:00\",\"breadcrumb\":{\"@id\":\"https:\/\/www.jessanofis.com.tr\/fr\/urun\/armoire-metallique-3-portes\/#breadcrumb\"},\"inLanguage\":\"fr-FR\",\"potentialAction\":[{\"@type\":\"ReadAction\",\"target\":[\"https:\/\/www.jessanofis.com.tr\/fr\/urun\/armoire-metallique-3-portes\/\"]}]},{\"@type\":\"ImageObject\",\"inLanguage\":\"fr-FR\",\"@id\":\"https:\/\/www.jessanofis.com.tr\/fr\/urun\/armoire-metallique-3-portes\/#primaryimage\",\"url\":\"https:\/\/www.jessanofis.com.tr\/wp-content\/uploads\/2023\/03\/jessan-3-lu-soyunma-dolabi-metal-celik-1.jpg\",\"contentUrl\":\"https:\/\/www.jessanofis.com.tr\/wp-content\/uploads\/2023\/03\/jessan-3-lu-soyunma-dolabi-metal-celik-1.jpg\",\"width\":1000,\"height\":1000,\"caption\":\"Jessan Ofis Mobilya Dek. San. Tic. Ltd. \u015eti. - www.jessanofis.com.tr\"},{\"@type\":\"BreadcrumbList\",\"@id\":\"https:\/\/www.jessanofis.com.tr\/fr\/urun\/armoire-metallique-3-portes\/#breadcrumb\",\"itemListElement\":[{\"@type\":\"ListItem\",\"position\":1,\"name\":\"Ana sayfa\",\"item\":\"https:\/\/www.jessanofis.com.tr\/fr\/\"},{\"@type\":\"ListItem\",\"position\":2,\"name\":\"Produits\",\"item\":\"https:\/\/www.jessanofis.com.tr\/fr\/shop\/\"},{\"@type\":\"ListItem\",\"position\":3,\"name\":\"Armoire Metallique 3 Portes\"}]},{\"@type\":\"WebSite\",\"@id\":\"https:\/\/www.jessanofis.com.tr\/fr\/#website\",\"url\":\"https:\/\/www.jessanofis.com.tr\/fr\/\",\"name\":\"Jessan Metal Ofis Dolaplar\u0131\",\"description\":\"En \u0130yi Kalite ve Uygun Fiyatlarla Standart Soyunma Dolaplar\u0131 Klas\u00f6r Dolaplar\u0131 Dosya ve Ecza Dolaplar\u0131 \u00d6\u011fretmen ve Telefon Dolaplar\u0131 Personel Temizlik Dolaplar\u0131 Ranza ve Raf Sistemleri Emanet Dolaplar\u0131 \u00dcretimi ve Sat\u0131\u015f\u0131 Yapmaktay\u0131z.\",\"publisher\":{\"@id\":\"https:\/\/www.jessanofis.com.tr\/fr\/#organization\"},\"potentialAction\":[{\"@type\":\"SearchAction\",\"target\":{\"@type\":\"EntryPoint\",\"urlTemplate\":\"https:\/\/www.jessanofis.com.tr\/fr\/?s={search_term_string}\"},\"query-input\":{\"@type\":\"PropertyValueSpecification\",\"valueRequired\":true,\"valueName\":\"search_term_string\"}}],\"inLanguage\":\"fr-FR\"},{\"@type\":\"Organization\",\"@id\":\"https:\/\/www.jessanofis.com.tr\/fr\/#organization\",\"name\":\"Jessan Metal Ofis Dolaplar\u0131\",\"url\":\"https:\/\/www.jessanofis.com.tr\/fr\/\",\"logo\":{\"@type\":\"ImageObject\",\"inLanguage\":\"fr-FR\",\"@id\":\"https:\/\/www.jessanofis.com.tr\/fr\/#\/schema\/logo\/image\/\",\"url\":\"https:\/\/www.jessanofis.com.tr\/wp-content\/uploads\/2025\/03\/logo-600x600-1.jpg\",\"contentUrl\":\"https:\/\/www.jessanofis.com.tr\/wp-content\/uploads\/2025\/03\/logo-600x600-1.jpg\",\"width\":600,\"height\":600,\"caption\":\"Jessan Metal Ofis Dolaplar\u0131\"},\"image\":{\"@id\":\"https:\/\/www.jessanofis.com.tr\/fr\/#\/schema\/logo\/image\/\"},\"sameAs\":[\"https:\/\/www.facebook.com\/jessanofismobilya\/\",\"https:\/\/www.linkedin.com\/company\/jessanofis\"]}]}<\/script>\n<!-- \/ Yoast SEO Premium plugin. -->","yoast_head_json":{"title":"Armoire Metallique 3 Portes - Jessan Ofis ve B\u00fcro Mobilyalar\u0131","robots":{"index":"index","follow":"follow","max-snippet":"max-snippet:-1","max-image-preview":"max-image-preview:large","max-video-preview":"max-video-preview:-1"},"canonical":"https:\/\/www.jessanofis.com.tr\/fr\/urun\/armoire-metallique-3-portes\/","og_locale":"fr_FR","og_type":"article","og_title":"Armoire Metallique 3 Portes","og_description":"Mat\u00e9riau de l'armoire: fer et acier Ere\u011fli, Dkp 0.60 mm. Corps, DKP 1.5 mm. Une peinture en poudre \u00e9lectrostatique de marque Jotun a \u00e9t\u00e9 appliqu\u00e9e sur la jambe.  Dimensions : Largeur: 117cm Profondeur: 40cm Hauteur: 185cm  Caract\u00e9ristiques du produit: Grilles de ventilation, Porte-\u00e9tiquette, Crochets de suspension en plastique, Charni\u00e8re \u00e0 ressort, Syst\u00e8me de fermeture adapt\u00e9 \u00e0 l'installation d'un cadenas.  Couleur : Corps: Gris 7035 \u2013 Couverture : Gris 7035\u00a0 (Nous pouvons produire dans des couleurs sp\u00e9ciales.)  Entretien des surfaces: Vous pouvez nettoyer vos armoires en les essuyant avec un chiffon humide. \u00c9vitez tout contact prolong\u00e9 de la surface avec l'eau.  P\u00e9riode de Garantie: 2 ANS  Information: Les armoires de toilette sont produites selon les normes TSE. Notre soci\u00e9t\u00e9 fabrique conform\u00e9ment aux normes TS EN ISO 9001: 2008, ISO 10002: 2004, du syst\u00e8me de gestion de la qualit\u00e9 et poss\u00e8de des certificats de qualification du service apr\u00e8s-vente.  Domaine d'Utilisation: Domaines d'utilisation des armoires \u00e0 casiers m\u00e9talliques : \u00c9coles, salles de sport, h\u00f4pitaux, administrations, industrie, construction, banques, centres commerciaux, usines, arm\u00e9e, automobile, pharmacies, chimie, laboratoires, alimentation, agriculture et \u00e9levage, ateliers, restaurants, transport, emballage, machines, logistique, textile, \u00e9lectronique, tourisme, commerce de d\u00e9tail, exploitation mini\u00e8re, march\u00e9s, fabrication, production, entreprises, etc. sont utilis\u00e9s.","og_url":"https:\/\/www.jessanofis.com.tr\/fr\/urun\/armoire-metallique-3-portes\/","og_site_name":"Jessan Ofis ve B\u00fcro Mobilyalar\u0131","article_publisher":"https:\/\/www.facebook.com\/jessanofismobilya\/","article_modified_time":"2024-01-25T23:10:58+00:00","og_image":[{"width":1000,"height":1000,"url":"https:\/\/www.jessanofis.com.tr\/wp-content\/uploads\/2023\/03\/jessan-3-lu-soyunma-dolabi-metal-celik-1.jpg","type":"image\/jpeg"}],"twitter_card":"summary_large_image","twitter_misc":{"Dur\u00e9e de lecture estim\u00e9e":"1 minute"},"schema":{"@context":"https:\/\/schema.org","@graph":[{"@type":["WebPage","ItemPage"],"@id":"https:\/\/www.jessanofis.com.tr\/fr\/urun\/armoire-metallique-3-portes\/","url":"https:\/\/www.jessanofis.com.tr\/fr\/urun\/armoire-metallique-3-portes\/","name":"Armoire Metallique 3 Portes - Jessan Ofis ve B\u00fcro Mobilyalar\u0131","isPartOf":{"@id":"https:\/\/www.jessanofis.com.tr\/fr\/#website"},"primaryImageOfPage":{"@id":"https:\/\/www.jessanofis.com.tr\/fr\/urun\/armoire-metallique-3-portes\/#primaryimage"},"image":{"@id":"https:\/\/www.jessanofis.com.tr\/fr\/urun\/armoire-metallique-3-portes\/#primaryimage"},"thumbnailUrl":"https:\/\/www.jessanofis.com.tr\/wp-content\/uploads\/2023\/03\/jessan-3-lu-soyunma-dolabi-metal-celik-1.jpg","datePublished":"2023-03-02T15:23:21+00:00","dateModified":"2024-01-25T23:10:58+00:00","breadcrumb":{"@id":"https:\/\/www.jessanofis.com.tr\/fr\/urun\/armoire-metallique-3-portes\/#breadcrumb"},"inLanguage":"fr-FR","potentialAction":[{"@type":"ReadAction","target":["https:\/\/www.jessanofis.com.tr\/fr\/urun\/armoire-metallique-3-portes\/"]}]},{"@type":"ImageObject","inLanguage":"fr-FR","@id":"https:\/\/www.jessanofis.com.tr\/fr\/urun\/armoire-metallique-3-portes\/#primaryimage","url":"https:\/\/www.jessanofis.com.tr\/wp-content\/uploads\/2023\/03\/jessan-3-lu-soyunma-dolabi-metal-celik-1.jpg","contentUrl":"https:\/\/www.jessanofis.com.tr\/wp-content\/uploads\/2023\/03\/jessan-3-lu-soyunma-dolabi-metal-celik-1.jpg","width":1000,"height":1000,"caption":"Jessan Ofis Mobilya Dek. San. Tic. Ltd. \u015eti. - www.jessanofis.com.tr"},{"@type":"BreadcrumbList","@id":"https:\/\/www.jessanofis.com.tr\/fr\/urun\/armoire-metallique-3-portes\/#breadcrumb","itemListElement":[{"@type":"ListItem","position":1,"name":"Ana sayfa","item":"https:\/\/www.jessanofis.com.tr\/fr\/"},{"@type":"ListItem","position":2,"name":"Produits","item":"https:\/\/www.jessanofis.com.tr\/fr\/shop\/"},{"@type":"ListItem","position":3,"name":"Armoire Metallique 3 Portes"}]},{"@type":"WebSite","@id":"https:\/\/www.jessanofis.com.tr\/fr\/#website","url":"https:\/\/www.jessanofis.com.tr\/fr\/","name":"Jessan Metal Ofis Dolaplar\u0131","description":"En \u0130yi Kalite ve Uygun Fiyatlarla Standart Soyunma Dolaplar\u0131 Klas\u00f6r Dolaplar\u0131 Dosya ve Ecza Dolaplar\u0131 \u00d6\u011fretmen ve Telefon Dolaplar\u0131 Personel Temizlik Dolaplar\u0131 Ranza ve Raf Sistemleri Emanet Dolaplar\u0131 \u00dcretimi ve Sat\u0131\u015f\u0131 Yapmaktay\u0131z.","publisher":{"@id":"https:\/\/www.jessanofis.com.tr\/fr\/#organization"},"potentialAction":[{"@type":"SearchAction","target":{"@type":"EntryPoint","urlTemplate":"https:\/\/www.jessanofis.com.tr\/fr\/?s={search_term_string}"},"query-input":{"@type":"PropertyValueSpecification","valueRequired":true,"valueName":"search_term_string"}}],"inLanguage":"fr-FR"},{"@type":"Organization","@id":"https:\/\/www.jessanofis.com.tr\/fr\/#organization","name":"Jessan Metal Ofis Dolaplar\u0131","url":"https:\/\/www.jessanofis.com.tr\/fr\/","logo":{"@type":"ImageObject","inLanguage":"fr-FR","@id":"https:\/\/www.jessanofis.com.tr\/fr\/#\/schema\/logo\/image\/","url":"https:\/\/www.jessanofis.com.tr\/wp-content\/uploads\/2025\/03\/logo-600x600-1.jpg","contentUrl":"https:\/\/www.jessanofis.com.tr\/wp-content\/uploads\/2025\/03\/logo-600x600-1.jpg","width":600,"height":600,"caption":"Jessan Metal Ofis Dolaplar\u0131"},"image":{"@id":"https:\/\/www.jessanofis.com.tr\/fr\/#\/schema\/logo\/image\/"},"sameAs":["https:\/\/www.facebook.com\/jessanofismobilya\/","https:\/\/www.linkedin.com\/company\/jessanofis"]}]}},"_links":{"self":[{"href":"https:\/\/www.jessanofis.com.tr\/fr\/wp-json\/wp\/v2\/product\/13957","targetHints":{"allow":["GET"]}}],"collection":[{"href":"https:\/\/www.jessanofis.com.tr\/fr\/wp-json\/wp\/v2\/product"}],"about":[{"href":"https:\/\/www.jessanofis.com.tr\/fr\/wp-json\/wp\/v2\/types\/product"}],"wp:featuredmedia":[{"embeddable":true,"href":"https:\/\/www.jessanofis.com.tr\/fr\/wp-json\/wp\/v2\/media\/11745"}],"wp:attachment":[{"href":"https:\/\/www.jessanofis.com.tr\/fr\/wp-json\/wp\/v2\/media?parent=13957"}],"wp:term":[{"taxonomy":"product_brand","embeddable":true,"href":"https:\/\/www.jessanofis.com.tr\/fr\/wp-json\/wp\/v2\/product_brand?post=13957"},{"taxonomy":"product_cat","embeddable":true,"href":"https:\/\/www.jessanofis.com.tr\/fr\/wp-json\/wp\/v2\/product_cat?post=13957"},{"taxonomy":"product_tag","embeddable":true,"href":"https:\/\/www.jessanofis.com.tr\/fr\/wp-json\/wp\/v2\/product_tag?post=13957"}],"curies":[{"name":"wp","href":"https:\/\/api.w.org\/{rel}","templated":true}]}}