{"id":13993,"date":"2023-03-02T18:23:21","date_gmt":"2023-03-02T15:23:21","guid":{"rendered":"https:\/\/www.jessanofis.com.tr\/urun\/jessan-ofis-100-luk-dosya-dolabi-gri\/"},"modified":"2024-01-26T03:02:26","modified_gmt":"2024-01-26T00:02:26","slug":"classeurs-et-armoires-metallique-100cm","status":"publish","type":"product","link":"https:\/\/www.jessanofis.com.tr\/fr\/urun\/classeurs-et-armoires-metallique-100cm\/","title":{"rendered":"Classeurs et Armoires Metallique 100cm"},"content":{"rendered":"<h2 style=\"text-align: justify;\">Classeurs et Armoires Metallique 100cm<\/h2>\n<p style=\"text-align: justify;\">Les classeurs m\u00e9talliques, dont les domaines d&rsquo;utilisation sont tr\u00e8s vari\u00e9s en fonction des besoins ; Les classeurs, qui font partie des accessoires indispensables des entreprises et des bureaux officiels avec beaucoup de paperasse, sont tr\u00e8s appr\u00e9ci\u00e9s. L&rsquo;organisation et le stockage d&rsquo;un grand nombre de dossiers et de documents facilitent consid\u00e9rablement le travail des employ\u00e9s de bureau. En outre, les armoires de classement, qu&rsquo;il est important d&rsquo;adapter \u00e0 l&rsquo;environnement, doivent attirer l&rsquo;attention par leur aspect esth\u00e9tique. Avec les options de couleurs de Jessan Office Furniture, les utilisateurs peuvent choisir des classeurs adapt\u00e9s \u00e0 leur entreprise.<br \/>\nDans les classeurs, nous avons 100 classeurs, 130 classeurs, 198 classeurs, une armoire \u00e0 pharmacie en m\u00e9tal, une armoire \u00e0 incendie et une armoire de nettoyage.<br \/>\nJessan Office Furniture est devenu un favori des utilisateurs gr\u00e2ce \u00e0 sa livraison \u00e0 temps, sa large gamme de produits et l&rsquo;utilisation de mat\u00e9riaux de qualit\u00e9. Si vous recherchez des classeurs en acier qui peuvent r\u00e9pondre \u00e0 des besoins changeants, votre choix devrait se porter sur les classeurs produits avec la diff\u00e9rence Jessan Office.\n<\/p>\n<h3><strong>Caract\u00e9ristiques du Produit<\/strong><\/h3>\n<p><strong>Durabilit\u00e9: <\/strong>le m\u00e9tal est un mat\u00e9riau durable et a une longue dur\u00e9e de vie. Les armoires m\u00e9talliques peuvent r\u00e9sister \u00e0 un usage intensif et rester robustes pendant de nombreuses ann\u00e9es.<\/p>\n<p><strong>S\u00e9curit\u00e9:<\/strong> les armoires m\u00e9talliques sont une excellente option pour garantir la s\u00e9curit\u00e9 des objets qu&rsquo;elles contiennent. Les casiers m\u00e9talliques peuvent \u00eatre verrouill\u00e9s et emp\u00eachent le vol ou la d\u00e9t\u00e9rioration de leur contenu.<\/p>\n<p><strong>Nettoyage facile:<\/strong> les surfaces m\u00e9talliques sont faciles \u00e0 nettoyer et peuvent g\u00e9n\u00e9ralement \u00eatre nettoy\u00e9es avec de l&rsquo;eau et du savon. Il est ainsi plus facile de maintenir un environnement hygi\u00e9nique.<\/p>\n<p><strong>R\u00e9sistance au feu :<\/strong> les armoires m\u00e9talliques sont plus r\u00e9sistantes au feu que les armoires en bois. Par cons\u00e9quent, ils peuvent \u00eatre pr\u00e9f\u00e9r\u00e9s l\u00e0 o\u00f9 il y a un risque d&rsquo;incendie.<\/p>\n<p><strong>Diversit\u00e9 esth\u00e9tique: <\/strong>les armoires m\u00e9talliques sont disponibles en diff\u00e9rents coloris et styles, ce qui permet de varier le design. Ils peuvent \u00eatre personnalis\u00e9s pour s&rsquo;adapter \u00e0 l&rsquo;int\u00e9rieur.<\/p>\n<p><strong>R\u00e9sistance \u00e0 la rouille:<\/strong> Les classeurs m\u00e9talliques de bonne qualit\u00e9 peuvent \u00eatre r\u00e9sistants \u00e0 la rouille, ce qui les rend adapt\u00e9s \u00e0 une utilisation en ext\u00e9rieur ou dans des environnements humides.<\/p>\n<p><strong>L\u00e9g\u00e8ret\u00e9: <\/strong>les armoires m\u00e9talliques sont g\u00e9n\u00e9ralement l\u00e9g\u00e8res, ce qui augmente leur portabilit\u00e9 et leur permet d&rsquo;\u00eatre facilement d\u00e9plac\u00e9es.<\/p>\n<p><strong>\u00a0\u00c9cologique:<\/strong> Les armoires m\u00e9talliques sont une option plus durable en termes de recyclage. Le m\u00e9tal peut \u00eatre recycl\u00e9 encore et encore, contribuant ainsi \u00e0 utiliser les ressources plus efficacement.<\/p>\n<p><strong>R\u00e9sistance aux conditions climatiques:<\/strong> les armoires m\u00e9talliques peuvent r\u00e9sister \u00e0 des changements de temp\u00e9rature et \u00e0 des conditions d&rsquo;humidit\u00e9 extr\u00eames, ce qui permet de les utiliser \u00e0 l&rsquo;ext\u00e9rieur ou dans des conditions climatiques diff\u00e9rentes.<\/p>\n<p><strong>Abordabilit\u00e9: <\/strong>Les armoires m\u00e9talliques sont g\u00e9n\u00e9ralement abordables et peuvent constituer un bon investissement compte tenu de leur longue dur\u00e9e de vie.<\/p>\n","protected":false},"excerpt":{"rendered":"<p><strong>Mat\u00e9riau de l&rsquo;armoire:<\/strong> Fer et acier Ere\u011fli, Dkp 0.70 mm. Corps, DKP 0.70 mm. Une peinture en poudre \u00e9lectrostatique de marque Jotun a \u00e9t\u00e9 appliqu\u00e9e sur la jambe.<\/p>\n<p><strong>Dimensions: <\/strong>Largeur: <strong>92cm<\/strong> Profondeur: <strong>40cm<\/strong> Hauteur: <strong>100cm<\/strong><\/p>\n<p><b><strong>Caract\u00e9ristiques du produit: <\/strong><\/b>1 \u00e9tag\u00e8res, Syst\u00e8me d&rsquo;\u00e9tag\u00e8res portables r\u00e9glables, Charni\u00e8re \u00e0 ressort, Stabilit\u00e9 du verrouillage central.<\/p>\n<p><strong>Couleur: <\/strong>Corps: Gris 7035 \u2013 Couverture : Gris 7035\u00a0 <strong>(Nous pouvons produire dans des couleurs sp\u00e9ciales.)<\/strong><\/p>\n<p><strong>Entretien des surfaces: <\/strong>Vous pouvez nettoyer vos armoires en les essuyant avec un chiffon humide. \u00c9vitez tout contact prolong\u00e9 de la surface avec l&rsquo;eau.<\/p>\n<p><strong>P\u00e9riode de Garantie: <\/strong>2 ANS<\/p>\n<p><strong>Information: <\/strong>Les armoires de toilette sont produites selon les normes TSE. Notre soci\u00e9t\u00e9 fabrique conform\u00e9ment aux normes TS EN ISO 9001: 2008, ISO 10002: 2004, du syst\u00e8me de gestion de la qualit\u00e9 et poss\u00e8de des certificats de qualification du service apr\u00e8s-vente.<\/p>\n<p><b>Domaine d&rsquo;Utilisation: <\/b>Domaines d&rsquo;utilisation des classeurs m\u00e9talliques : Entreprises, \u00e9coles, h\u00f4pitaux, administrations, banques, arm\u00e9e, automobile, pharmacies, chimie, laboratoires, ainsi que garde-manger et rangement de chaussures pour les particuliers.<\/p>\n","protected":false},"featured_media":12043,"template":"","meta":[],"product_brand":[],"product_cat":[361],"product_tag":[],"class_list":{"0":"post-13993","1":"product","2":"type-product","3":"status-publish","4":"has-post-thumbnail","6":"product_cat-classeurs-et-armoires","8":"first","9":"instock","10":"product-type-external"},"yoast_head":"<!-- This site is optimized with the Yoast SEO Premium plugin v26.5 (Yoast SEO v26.5) - https:\/\/yoast.com\/wordpress\/plugins\/seo\/ -->\n<title>Classeurs et Armoires Metallique 100cm - Jessan Ofis ve B\u00fcro Mobilyalar\u0131<\/title>\n<meta name=\"robots\" content=\"index, follow, max-snippet:-1, max-image-preview:large, max-video-preview:-1\" \/>\n<link rel=\"canonical\" href=\"https:\/\/www.jessanofis.com.tr\/fr\/urun\/classeurs-et-armoires-metallique-100cm\/\" \/>\n<meta property=\"og:locale\" content=\"fr_FR\" \/>\n<meta property=\"og:type\" content=\"article\" \/>\n<meta property=\"og:title\" content=\"Classeurs et Armoires Metallique 100cm\" \/>\n<meta property=\"og:description\" content=\"Mat\u00e9riau de l&#039;armoire: Fer et acier Ere\u011fli, Dkp 0.70 mm. Corps, DKP 0.70 mm. Une peinture en poudre \u00e9lectrostatique de marque Jotun a \u00e9t\u00e9 appliqu\u00e9e sur la jambe.  Dimensions: Largeur: 92cm Profondeur: 40cm Hauteur: 100cm  Caract\u00e9ristiques du produit: 1 \u00e9tag\u00e8res, Syst\u00e8me d&#039;\u00e9tag\u00e8res portables r\u00e9glables, Charni\u00e8re \u00e0 ressort, Stabilit\u00e9 du verrouillage central.  Couleur: Corps: Gris 7035 \u2013 Couverture : Gris 7035\u00a0 (Nous pouvons produire dans des couleurs sp\u00e9ciales.)  Entretien des surfaces: Vous pouvez nettoyer vos armoires en les essuyant avec un chiffon humide. \u00c9vitez tout contact prolong\u00e9 de la surface avec l&#039;eau.  P\u00e9riode de Garantie: 2 ANS  Information: Les armoires de toilette sont produites selon les normes TSE. Notre soci\u00e9t\u00e9 fabrique conform\u00e9ment aux normes TS EN ISO 9001: 2008, ISO 10002: 2004, du syst\u00e8me de gestion de la qualit\u00e9 et poss\u00e8de des certificats de qualification du service apr\u00e8s-vente.  Domaine d&#039;Utilisation: Domaines d&#039;utilisation des classeurs m\u00e9talliques : Entreprises, \u00e9coles, h\u00f4pitaux, administrations, banques, arm\u00e9e, automobile, pharmacies, chimie, laboratoires, ainsi que garde-manger et rangement de chaussures pour les particuliers.\" \/>\n<meta property=\"og:url\" content=\"https:\/\/www.jessanofis.com.tr\/fr\/urun\/classeurs-et-armoires-metallique-100cm\/\" \/>\n<meta property=\"og:site_name\" content=\"Jessan Ofis ve B\u00fcro Mobilyalar\u0131\" \/>\n<meta property=\"article:publisher\" content=\"https:\/\/www.facebook.com\/jessanofismobilya\/\" \/>\n<meta property=\"article:modified_time\" content=\"2024-01-26T00:02:26+00:00\" \/>\n<meta property=\"og:image\" content=\"https:\/\/www.jessanofis.com.tr\/wp-content\/uploads\/2023\/03\/jessan-100-luk-dosya-dolabi-metal-celik-gri-1.jpg\" \/>\n\t<meta property=\"og:image:width\" content=\"1000\" \/>\n\t<meta property=\"og:image:height\" content=\"1000\" \/>\n\t<meta property=\"og:image:type\" content=\"image\/jpeg\" \/>\n<meta name=\"twitter:card\" content=\"summary_large_image\" \/>\n<meta name=\"twitter:label1\" content=\"Dur\u00e9e de lecture estim\u00e9e\" \/>\n\t<meta name=\"twitter:data1\" content=\"1 minute\" \/>\n<script type=\"application\/ld+json\" class=\"yoast-schema-graph\">{\"@context\":\"https:\/\/schema.org\",\"@graph\":[{\"@type\":[\"WebPage\",\"ItemPage\"],\"@id\":\"https:\/\/www.jessanofis.com.tr\/fr\/urun\/classeurs-et-armoires-metallique-100cm\/\",\"url\":\"https:\/\/www.jessanofis.com.tr\/fr\/urun\/classeurs-et-armoires-metallique-100cm\/\",\"name\":\"Classeurs et Armoires Metallique 100cm - Jessan Ofis ve B\u00fcro Mobilyalar\u0131\",\"isPartOf\":{\"@id\":\"https:\/\/www.jessanofis.com.tr\/fr\/#website\"},\"primaryImageOfPage\":{\"@id\":\"https:\/\/www.jessanofis.com.tr\/fr\/urun\/classeurs-et-armoires-metallique-100cm\/#primaryimage\"},\"image\":{\"@id\":\"https:\/\/www.jessanofis.com.tr\/fr\/urun\/classeurs-et-armoires-metallique-100cm\/#primaryimage\"},\"thumbnailUrl\":\"https:\/\/www.jessanofis.com.tr\/wp-content\/uploads\/2023\/03\/jessan-100-luk-dosya-dolabi-metal-celik-gri-1.jpg\",\"datePublished\":\"2023-03-02T15:23:21+00:00\",\"dateModified\":\"2024-01-26T00:02:26+00:00\",\"breadcrumb\":{\"@id\":\"https:\/\/www.jessanofis.com.tr\/fr\/urun\/classeurs-et-armoires-metallique-100cm\/#breadcrumb\"},\"inLanguage\":\"fr-FR\",\"potentialAction\":[{\"@type\":\"ReadAction\",\"target\":[\"https:\/\/www.jessanofis.com.tr\/fr\/urun\/classeurs-et-armoires-metallique-100cm\/\"]}]},{\"@type\":\"ImageObject\",\"inLanguage\":\"fr-FR\",\"@id\":\"https:\/\/www.jessanofis.com.tr\/fr\/urun\/classeurs-et-armoires-metallique-100cm\/#primaryimage\",\"url\":\"https:\/\/www.jessanofis.com.tr\/wp-content\/uploads\/2023\/03\/jessan-100-luk-dosya-dolabi-metal-celik-gri-1.jpg\",\"contentUrl\":\"https:\/\/www.jessanofis.com.tr\/wp-content\/uploads\/2023\/03\/jessan-100-luk-dosya-dolabi-metal-celik-gri-1.jpg\",\"width\":1000,\"height\":1000,\"caption\":\"Jessan Ofis Mobilya Dek. San. Tic. Ltd. \u015eti. - www.jessanofis.com.tr\"},{\"@type\":\"BreadcrumbList\",\"@id\":\"https:\/\/www.jessanofis.com.tr\/fr\/urun\/classeurs-et-armoires-metallique-100cm\/#breadcrumb\",\"itemListElement\":[{\"@type\":\"ListItem\",\"position\":1,\"name\":\"Ana sayfa\",\"item\":\"https:\/\/www.jessanofis.com.tr\/fr\/\"},{\"@type\":\"ListItem\",\"position\":2,\"name\":\"Produits\",\"item\":\"https:\/\/www.jessanofis.com.tr\/fr\/shop\/\"},{\"@type\":\"ListItem\",\"position\":3,\"name\":\"Classeurs et Armoires Metallique 100cm\"}]},{\"@type\":\"WebSite\",\"@id\":\"https:\/\/www.jessanofis.com.tr\/fr\/#website\",\"url\":\"https:\/\/www.jessanofis.com.tr\/fr\/\",\"name\":\"Jessan Metal Ofis Dolaplar\u0131\",\"description\":\"En \u0130yi Kalite ve Uygun Fiyatlarla Standart Soyunma Dolaplar\u0131 Klas\u00f6r Dolaplar\u0131 Dosya ve Ecza Dolaplar\u0131 \u00d6\u011fretmen ve Telefon Dolaplar\u0131 Personel Temizlik Dolaplar\u0131 Ranza ve Raf Sistemleri Emanet Dolaplar\u0131 \u00dcretimi ve Sat\u0131\u015f\u0131 Yapmaktay\u0131z.\",\"publisher\":{\"@id\":\"https:\/\/www.jessanofis.com.tr\/fr\/#organization\"},\"potentialAction\":[{\"@type\":\"SearchAction\",\"target\":{\"@type\":\"EntryPoint\",\"urlTemplate\":\"https:\/\/www.jessanofis.com.tr\/fr\/?s={search_term_string}\"},\"query-input\":{\"@type\":\"PropertyValueSpecification\",\"valueRequired\":true,\"valueName\":\"search_term_string\"}}],\"inLanguage\":\"fr-FR\"},{\"@type\":\"Organization\",\"@id\":\"https:\/\/www.jessanofis.com.tr\/fr\/#organization\",\"name\":\"Jessan Metal Ofis Dolaplar\u0131\",\"url\":\"https:\/\/www.jessanofis.com.tr\/fr\/\",\"logo\":{\"@type\":\"ImageObject\",\"inLanguage\":\"fr-FR\",\"@id\":\"https:\/\/www.jessanofis.com.tr\/fr\/#\/schema\/logo\/image\/\",\"url\":\"https:\/\/www.jessanofis.com.tr\/wp-content\/uploads\/2025\/03\/logo-600x600-1.jpg\",\"contentUrl\":\"https:\/\/www.jessanofis.com.tr\/wp-content\/uploads\/2025\/03\/logo-600x600-1.jpg\",\"width\":600,\"height\":600,\"caption\":\"Jessan Metal Ofis Dolaplar\u0131\"},\"image\":{\"@id\":\"https:\/\/www.jessanofis.com.tr\/fr\/#\/schema\/logo\/image\/\"},\"sameAs\":[\"https:\/\/www.facebook.com\/jessanofismobilya\/\",\"https:\/\/www.linkedin.com\/company\/jessanofis\"]}]}<\/script>\n<!-- \/ Yoast SEO Premium plugin. -->","yoast_head_json":{"title":"Classeurs et Armoires Metallique 100cm - Jessan Ofis ve B\u00fcro Mobilyalar\u0131","robots":{"index":"index","follow":"follow","max-snippet":"max-snippet:-1","max-image-preview":"max-image-preview:large","max-video-preview":"max-video-preview:-1"},"canonical":"https:\/\/www.jessanofis.com.tr\/fr\/urun\/classeurs-et-armoires-metallique-100cm\/","og_locale":"fr_FR","og_type":"article","og_title":"Classeurs et Armoires Metallique 100cm","og_description":"Mat\u00e9riau de l'armoire: Fer et acier Ere\u011fli, Dkp 0.70 mm. Corps, DKP 0.70 mm. Une peinture en poudre \u00e9lectrostatique de marque Jotun a \u00e9t\u00e9 appliqu\u00e9e sur la jambe.  Dimensions: Largeur: 92cm Profondeur: 40cm Hauteur: 100cm  Caract\u00e9ristiques du produit: 1 \u00e9tag\u00e8res, Syst\u00e8me d'\u00e9tag\u00e8res portables r\u00e9glables, Charni\u00e8re \u00e0 ressort, Stabilit\u00e9 du verrouillage central.  Couleur: Corps: Gris 7035 \u2013 Couverture : Gris 7035\u00a0 (Nous pouvons produire dans des couleurs sp\u00e9ciales.)  Entretien des surfaces: Vous pouvez nettoyer vos armoires en les essuyant avec un chiffon humide. \u00c9vitez tout contact prolong\u00e9 de la surface avec l'eau.  P\u00e9riode de Garantie: 2 ANS  Information: Les armoires de toilette sont produites selon les normes TSE. Notre soci\u00e9t\u00e9 fabrique conform\u00e9ment aux normes TS EN ISO 9001: 2008, ISO 10002: 2004, du syst\u00e8me de gestion de la qualit\u00e9 et poss\u00e8de des certificats de qualification du service apr\u00e8s-vente.  Domaine d'Utilisation: Domaines d'utilisation des classeurs m\u00e9talliques : Entreprises, \u00e9coles, h\u00f4pitaux, administrations, banques, arm\u00e9e, automobile, pharmacies, chimie, laboratoires, ainsi que garde-manger et rangement de chaussures pour les particuliers.","og_url":"https:\/\/www.jessanofis.com.tr\/fr\/urun\/classeurs-et-armoires-metallique-100cm\/","og_site_name":"Jessan Ofis ve B\u00fcro Mobilyalar\u0131","article_publisher":"https:\/\/www.facebook.com\/jessanofismobilya\/","article_modified_time":"2024-01-26T00:02:26+00:00","og_image":[{"width":1000,"height":1000,"url":"https:\/\/www.jessanofis.com.tr\/wp-content\/uploads\/2023\/03\/jessan-100-luk-dosya-dolabi-metal-celik-gri-1.jpg","type":"image\/jpeg"}],"twitter_card":"summary_large_image","twitter_misc":{"Dur\u00e9e de lecture estim\u00e9e":"1 minute"},"schema":{"@context":"https:\/\/schema.org","@graph":[{"@type":["WebPage","ItemPage"],"@id":"https:\/\/www.jessanofis.com.tr\/fr\/urun\/classeurs-et-armoires-metallique-100cm\/","url":"https:\/\/www.jessanofis.com.tr\/fr\/urun\/classeurs-et-armoires-metallique-100cm\/","name":"Classeurs et Armoires Metallique 100cm - Jessan Ofis ve B\u00fcro Mobilyalar\u0131","isPartOf":{"@id":"https:\/\/www.jessanofis.com.tr\/fr\/#website"},"primaryImageOfPage":{"@id":"https:\/\/www.jessanofis.com.tr\/fr\/urun\/classeurs-et-armoires-metallique-100cm\/#primaryimage"},"image":{"@id":"https:\/\/www.jessanofis.com.tr\/fr\/urun\/classeurs-et-armoires-metallique-100cm\/#primaryimage"},"thumbnailUrl":"https:\/\/www.jessanofis.com.tr\/wp-content\/uploads\/2023\/03\/jessan-100-luk-dosya-dolabi-metal-celik-gri-1.jpg","datePublished":"2023-03-02T15:23:21+00:00","dateModified":"2024-01-26T00:02:26+00:00","breadcrumb":{"@id":"https:\/\/www.jessanofis.com.tr\/fr\/urun\/classeurs-et-armoires-metallique-100cm\/#breadcrumb"},"inLanguage":"fr-FR","potentialAction":[{"@type":"ReadAction","target":["https:\/\/www.jessanofis.com.tr\/fr\/urun\/classeurs-et-armoires-metallique-100cm\/"]}]},{"@type":"ImageObject","inLanguage":"fr-FR","@id":"https:\/\/www.jessanofis.com.tr\/fr\/urun\/classeurs-et-armoires-metallique-100cm\/#primaryimage","url":"https:\/\/www.jessanofis.com.tr\/wp-content\/uploads\/2023\/03\/jessan-100-luk-dosya-dolabi-metal-celik-gri-1.jpg","contentUrl":"https:\/\/www.jessanofis.com.tr\/wp-content\/uploads\/2023\/03\/jessan-100-luk-dosya-dolabi-metal-celik-gri-1.jpg","width":1000,"height":1000,"caption":"Jessan Ofis Mobilya Dek. San. Tic. Ltd. \u015eti. - www.jessanofis.com.tr"},{"@type":"BreadcrumbList","@id":"https:\/\/www.jessanofis.com.tr\/fr\/urun\/classeurs-et-armoires-metallique-100cm\/#breadcrumb","itemListElement":[{"@type":"ListItem","position":1,"name":"Ana sayfa","item":"https:\/\/www.jessanofis.com.tr\/fr\/"},{"@type":"ListItem","position":2,"name":"Produits","item":"https:\/\/www.jessanofis.com.tr\/fr\/shop\/"},{"@type":"ListItem","position":3,"name":"Classeurs et Armoires Metallique 100cm"}]},{"@type":"WebSite","@id":"https:\/\/www.jessanofis.com.tr\/fr\/#website","url":"https:\/\/www.jessanofis.com.tr\/fr\/","name":"Jessan Metal Ofis Dolaplar\u0131","description":"En \u0130yi Kalite ve Uygun Fiyatlarla Standart Soyunma Dolaplar\u0131 Klas\u00f6r Dolaplar\u0131 Dosya ve Ecza Dolaplar\u0131 \u00d6\u011fretmen ve Telefon Dolaplar\u0131 Personel Temizlik Dolaplar\u0131 Ranza ve Raf Sistemleri Emanet Dolaplar\u0131 \u00dcretimi ve Sat\u0131\u015f\u0131 Yapmaktay\u0131z.","publisher":{"@id":"https:\/\/www.jessanofis.com.tr\/fr\/#organization"},"potentialAction":[{"@type":"SearchAction","target":{"@type":"EntryPoint","urlTemplate":"https:\/\/www.jessanofis.com.tr\/fr\/?s={search_term_string}"},"query-input":{"@type":"PropertyValueSpecification","valueRequired":true,"valueName":"search_term_string"}}],"inLanguage":"fr-FR"},{"@type":"Organization","@id":"https:\/\/www.jessanofis.com.tr\/fr\/#organization","name":"Jessan Metal Ofis Dolaplar\u0131","url":"https:\/\/www.jessanofis.com.tr\/fr\/","logo":{"@type":"ImageObject","inLanguage":"fr-FR","@id":"https:\/\/www.jessanofis.com.tr\/fr\/#\/schema\/logo\/image\/","url":"https:\/\/www.jessanofis.com.tr\/wp-content\/uploads\/2025\/03\/logo-600x600-1.jpg","contentUrl":"https:\/\/www.jessanofis.com.tr\/wp-content\/uploads\/2025\/03\/logo-600x600-1.jpg","width":600,"height":600,"caption":"Jessan Metal Ofis Dolaplar\u0131"},"image":{"@id":"https:\/\/www.jessanofis.com.tr\/fr\/#\/schema\/logo\/image\/"},"sameAs":["https:\/\/www.facebook.com\/jessanofismobilya\/","https:\/\/www.linkedin.com\/company\/jessanofis"]}]}},"_links":{"self":[{"href":"https:\/\/www.jessanofis.com.tr\/fr\/wp-json\/wp\/v2\/product\/13993","targetHints":{"allow":["GET"]}}],"collection":[{"href":"https:\/\/www.jessanofis.com.tr\/fr\/wp-json\/wp\/v2\/product"}],"about":[{"href":"https:\/\/www.jessanofis.com.tr\/fr\/wp-json\/wp\/v2\/types\/product"}],"wp:featuredmedia":[{"embeddable":true,"href":"https:\/\/www.jessanofis.com.tr\/fr\/wp-json\/wp\/v2\/media\/12043"}],"wp:attachment":[{"href":"https:\/\/www.jessanofis.com.tr\/fr\/wp-json\/wp\/v2\/media?parent=13993"}],"wp:term":[{"taxonomy":"product_brand","embeddable":true,"href":"https:\/\/www.jessanofis.com.tr\/fr\/wp-json\/wp\/v2\/product_brand?post=13993"},{"taxonomy":"product_cat","embeddable":true,"href":"https:\/\/www.jessanofis.com.tr\/fr\/wp-json\/wp\/v2\/product_cat?post=13993"},{"taxonomy":"product_tag","embeddable":true,"href":"https:\/\/www.jessanofis.com.tr\/fr\/wp-json\/wp\/v2\/product_tag?post=13993"}],"curies":[{"name":"wp","href":"https:\/\/api.w.org\/{rel}","templated":true}]}}