{"id":14020,"date":"2023-03-02T18:26:45","date_gmt":"2023-03-02T15:26:45","guid":{"rendered":"https:\/\/www.jessanofis.com.tr\/urun\/jessan-ofis-5-cekmeceli-takim-arabasi\/"},"modified":"2024-01-26T04:12:55","modified_gmt":"2024-01-26T01:12:55","slug":"servante-datelier-mobile-5-tiroirs","status":"publish","type":"product","link":"https:\/\/www.jessanofis.com.tr\/fr\/urun\/servante-datelier-mobile-5-tiroirs\/","title":{"rendered":"Servante D&rsquo;atelier Mobile, 5 Tiroirs"},"content":{"rendered":"<h2><strong>Servante D&rsquo;atelier Mobile, 5 Tiroirs<\/strong><\/h2>\n<p>Servante D&rsquo;atelier; Il permet le stockage d&rsquo;outils \u00e0 main ou d&rsquo;autres mat\u00e9riaux n\u00e9cessaires de mani\u00e8re soign\u00e9e et ordonn\u00e9e.Ils peuvent \u00eatre utilis\u00e9s dans les ateliers de r\u00e9paration automobile, les ateliers de menuiserie pour le stockage de mat\u00e9riaux et pour diverses t\u00e2ches. Gr\u00e2ce au m\u00e9canisme de verrouillage des tiroirs, vous pouvez garder vos affaires en s\u00e9curit\u00e9 et y acc\u00e9der facilement. L\u2019un des plus grands avantages des chariots \u00e0 outils \u00e0 tiroirs est leur mobilit\u00e9. Gr\u00e2ce aux roues, vous pouvez facilement transporter le mat\u00e9riel dont vous avez besoin et vous pouvez d\u00e9placer la voiture o\u00f9 vous le souhaitez lorsque vous avez termin\u00e9. Cela permet d&rsquo;am\u00e9liorer l&rsquo;organisation et l&rsquo;efficacit\u00e9 de votre lieu de travail.<br \/>\nIl permet de transporter les mat\u00e9riaux d&rsquo;un endroit \u00e0 l&rsquo;autre plus facilement et plus rapidement. Les chariots \u00e0 outils, g\u00e9n\u00e9ralement utilis\u00e9s dans l&rsquo;industrie automobile ou dans les services d&rsquo;entretien et de r\u00e9paration des usines, sont des \u00e9quipements con\u00e7us pour atteindre de mani\u00e8re pratique les outils manuels fr\u00e9quemment utilis\u00e9s et pour \u00e9viter leur perte.<\/p>\n<p>En outre, les domaines d&rsquo;utilisation des chariots \u00e0 tiroirs sont assez vastes. Dans l&rsquo;ensemble, les chariots \u00e0 outils avec tiroirs constituent une option pratique pour tous ceux qui recherchent une solution de stockage et de transport organis\u00e9e.<\/p>\n<p>Jessan Office Furnitures, qui r\u00e9pond aux souhaits et aux attentes des gens, a cr\u00e9\u00e9 des \u0153uvres de qualit\u00e9 dans les voitures d&rsquo;\u00e9quipe comme dans tous les autres produits. La robustesse, la durabilit\u00e9 et la fonctionnalit\u00e9 du produit, qui progressent en proportion directe de la qualit\u00e9 des mat\u00e9riaux utilis\u00e9s dans la phase de production des chariots pour \u00e9quipes de bureau Jessan, sont parmi les caract\u00e9ristiques les plus marquantes.<\/p>\n<h3><strong>Caract\u00e9ristiques du Produit<\/strong><\/h3>\n<p><strong>Durabilit\u00e9: <\/strong>le m\u00e9tal est un mat\u00e9riau durable et a une longue dur\u00e9e de vie. Les armoires m\u00e9talliques peuvent r\u00e9sister \u00e0 un usage intensif et rester robustes pendant de nombreuses ann\u00e9es.<\/p>\n<p><strong>S\u00e9curit\u00e9:<\/strong> les armoires m\u00e9talliques sont une excellente option pour garantir la s\u00e9curit\u00e9 des objets qu&rsquo;elles contiennent. Les casiers m\u00e9talliques peuvent \u00eatre verrouill\u00e9s et emp\u00eachent le vol ou la d\u00e9t\u00e9rioration de leur contenu.<\/p>\n<p><strong>Nettoyage facile:<\/strong> les surfaces m\u00e9talliques sont faciles \u00e0 nettoyer et peuvent g\u00e9n\u00e9ralement \u00eatre nettoy\u00e9es avec de l&rsquo;eau et du savon. Il est ainsi plus facile de maintenir un environnement hygi\u00e9nique.<\/p>\n<p><strong>R\u00e9sistance au feu :<\/strong> les armoires m\u00e9talliques sont plus r\u00e9sistantes au feu que les armoires en bois. Par cons\u00e9quent, ils peuvent \u00eatre pr\u00e9f\u00e9r\u00e9s l\u00e0 o\u00f9 il y a un risque d&rsquo;incendie.<\/p>\n<p><strong>Diversit\u00e9 esth\u00e9tique: <\/strong>les armoires m\u00e9talliques sont disponibles en diff\u00e9rents coloris et styles, ce qui permet de varier le design. Ils peuvent \u00eatre personnalis\u00e9s pour s&rsquo;adapter \u00e0 l&rsquo;int\u00e9rieur.<\/p>\n<p><strong>R\u00e9sistance \u00e0 la rouille:<\/strong> Les classeurs m\u00e9talliques de bonne qualit\u00e9 peuvent \u00eatre r\u00e9sistants \u00e0 la rouille, ce qui les rend adapt\u00e9s \u00e0 une utilisation en ext\u00e9rieur ou dans des environnements humides.<\/p>\n<p><strong>L\u00e9g\u00e8ret\u00e9: <\/strong>les armoires m\u00e9talliques sont g\u00e9n\u00e9ralement l\u00e9g\u00e8res, ce qui augmente leur portabilit\u00e9 et leur permet d&rsquo;\u00eatre facilement d\u00e9plac\u00e9es.<\/p>\n<p><strong>\u00a0\u00c9cologique:<\/strong> Les armoires m\u00e9talliques sont une option plus durable en termes de recyclage. Le m\u00e9tal peut \u00eatre recycl\u00e9 encore et encore, contribuant ainsi \u00e0 utiliser les ressources plus efficacement.<\/p>\n<p><strong>R\u00e9sistance aux conditions climatiques:<\/strong> les armoires m\u00e9talliques peuvent r\u00e9sister \u00e0 des changements de temp\u00e9rature et \u00e0 des conditions d&rsquo;humidit\u00e9 extr\u00eames, ce qui permet de les utiliser \u00e0 l&rsquo;ext\u00e9rieur ou dans des conditions climatiques diff\u00e9rentes.<\/p>\n<p><strong>Abordabilit\u00e9: <\/strong>Les armoires m\u00e9talliques sont g\u00e9n\u00e9ralement abordables et peuvent constituer un bon investissement compte tenu de leur longue dur\u00e9e de vie.<\/p>\n","protected":false},"excerpt":{"rendered":"<p><strong>Sp\u00e9cifications techniques du produit :<\/strong><br \/>\nH950xL600xP450 mm.<br \/>\n43 kg sans les accessoires.<br \/>\nMat\u00e9riau en feuilles DKP et HRP (0,80 &#8211; 1,20 mm).<br \/>\nPeinture en poudre \u00e9lectrostatique.<br \/>\nCORPS RAL9005 (NOIR).<br \/>\nTiroirs RAL 7040 GRIS. 600&#215;450 mm Dimensions de la table.<br \/>\nTable en ABS 5 mm 1.Qualit\u00e9 Matte Abs.<br \/>\nJeu de roues de type industriel moyen (R100) (1 pi\u00e8ce avec frein, 1 pi\u00e8ce mobile, 2 pi\u00e8ces fixes).<br \/>\nDimensions des tiroirs :<br \/>\n4 pi\u00e8ces de 120 tiroirs.<br \/>\n1 pi\u00e8ce de 200 tiroirs<\/p>\n<p><strong>Caract\u00e9ristiques g\u00e9n\u00e9rales : <\/strong><br \/>\nIl est con\u00e7u pour \u00eatre utilis\u00e9 sans probl\u00e8me dans des environnements difficiles.<br \/>\nTous les tiroirs et toutes les portes sont verrouillables.<br \/>\nUn syst\u00e8me de verrouillage \u00e0 poussoir est utilis\u00e9 pour emp\u00eacher les tiroirs de s&rsquo;ouvrir spontan\u00e9ment.<br \/>\nLes tiroirs sont \u00e9quip\u00e9s d&rsquo;un rail t\u00e9lescopique M\u0130NNES \u00e0 %100 d&rsquo;ouverture.<br \/>\nLa capacit\u00e9 de charge par tiroir est de 50 kg.<br \/>\nUn processus de phosphatation est appliqu\u00e9 avant la peinture pour une plus grande durabilit\u00e9 de la peinture.<br \/>\nUn rev\u00eatement en poudre rugueuse est utilis\u00e9 pour fournir la plus grande r\u00e9sistance aux chocs et aux \u00e9raflures.<\/p>\n","protected":false},"featured_media":12410,"template":"","meta":[],"product_brand":[],"product_cat":[363],"product_tag":[],"class_list":{"0":"post-14020","1":"product","2":"type-product","3":"status-publish","4":"has-post-thumbnail","6":"product_cat-servante-datelier","8":"first","9":"instock","10":"product-type-external"},"yoast_head":"<!-- This site is optimized with the Yoast SEO Premium plugin v26.5 (Yoast SEO v26.5) - https:\/\/yoast.com\/wordpress\/plugins\/seo\/ -->\n<title>Servante D&#039;atelier Mobile, 5 Tiroirs - Jessan Ofis ve B\u00fcro Mobilyalar\u0131<\/title>\n<meta name=\"robots\" content=\"index, follow, max-snippet:-1, max-image-preview:large, max-video-preview:-1\" \/>\n<link rel=\"canonical\" href=\"https:\/\/www.jessanofis.com.tr\/fr\/urun\/servante-datelier-mobile-5-tiroirs\/\" \/>\n<meta property=\"og:locale\" content=\"fr_FR\" \/>\n<meta property=\"og:type\" content=\"article\" \/>\n<meta property=\"og:title\" content=\"Servante D&#039;atelier Mobile, 5 Tiroirs\" \/>\n<meta property=\"og:description\" content=\"Sp\u00e9cifications techniques du produit : H950xL600xP450 mm. 43 kg sans les accessoires. Mat\u00e9riau en feuilles DKP et HRP (0,80 - 1,20 mm). Peinture en poudre \u00e9lectrostatique. CORPS RAL9005 (NOIR). Tiroirs RAL 7040 GRIS. 600x450 mm Dimensions de la table. Table en ABS 5 mm 1.Qualit\u00e9 Matte Abs. Jeu de roues de type industriel moyen (R100) (1 pi\u00e8ce avec frein, 1 pi\u00e8ce mobile, 2 pi\u00e8ces fixes). Dimensions des tiroirs : 4 pi\u00e8ces de 120 tiroirs. 1 pi\u00e8ce de 200 tiroirs  Caract\u00e9ristiques g\u00e9n\u00e9rales :  Il est con\u00e7u pour \u00eatre utilis\u00e9 sans probl\u00e8me dans des environnements difficiles. Tous les tiroirs et toutes les portes sont verrouillables. Un syst\u00e8me de verrouillage \u00e0 poussoir est utilis\u00e9 pour emp\u00eacher les tiroirs de s&#039;ouvrir spontan\u00e9ment. Les tiroirs sont \u00e9quip\u00e9s d&#039;un rail t\u00e9lescopique M\u0130NNES \u00e0 %100 d&#039;ouverture. La capacit\u00e9 de charge par tiroir est de 50 kg. Un processus de phosphatation est appliqu\u00e9 avant la peinture pour une plus grande durabilit\u00e9 de la peinture. Un rev\u00eatement en poudre rugueuse est utilis\u00e9 pour fournir la plus grande r\u00e9sistance aux chocs et aux \u00e9raflures.\" \/>\n<meta property=\"og:url\" content=\"https:\/\/www.jessanofis.com.tr\/fr\/urun\/servante-datelier-mobile-5-tiroirs\/\" \/>\n<meta property=\"og:site_name\" content=\"Jessan Ofis ve B\u00fcro Mobilyalar\u0131\" \/>\n<meta property=\"article:publisher\" content=\"https:\/\/www.facebook.com\/jessanofismobilya\/\" \/>\n<meta property=\"article:modified_time\" content=\"2024-01-26T01:12:55+00:00\" \/>\n<meta property=\"og:image\" content=\"https:\/\/www.jessanofis.com.tr\/wp-content\/uploads\/2023\/03\/jessan-takim-arabasi-5-cekmeceli-metal-celik-2.jpg\" \/>\n\t<meta property=\"og:image:width\" content=\"1000\" \/>\n\t<meta property=\"og:image:height\" content=\"1000\" \/>\n\t<meta property=\"og:image:type\" content=\"image\/jpeg\" \/>\n<meta name=\"twitter:card\" content=\"summary_large_image\" \/>\n<meta name=\"twitter:label1\" content=\"Dur\u00e9e de lecture estim\u00e9e\" \/>\n\t<meta name=\"twitter:data1\" content=\"1 minute\" \/>\n<script type=\"application\/ld+json\" class=\"yoast-schema-graph\">{\"@context\":\"https:\/\/schema.org\",\"@graph\":[{\"@type\":[\"WebPage\",\"ItemPage\"],\"@id\":\"https:\/\/www.jessanofis.com.tr\/fr\/urun\/servante-datelier-mobile-5-tiroirs\/\",\"url\":\"https:\/\/www.jessanofis.com.tr\/fr\/urun\/servante-datelier-mobile-5-tiroirs\/\",\"name\":\"Servante D'atelier Mobile, 5 Tiroirs - Jessan Ofis ve B\u00fcro Mobilyalar\u0131\",\"isPartOf\":{\"@id\":\"https:\/\/www.jessanofis.com.tr\/fr\/#website\"},\"primaryImageOfPage\":{\"@id\":\"https:\/\/www.jessanofis.com.tr\/fr\/urun\/servante-datelier-mobile-5-tiroirs\/#primaryimage\"},\"image\":{\"@id\":\"https:\/\/www.jessanofis.com.tr\/fr\/urun\/servante-datelier-mobile-5-tiroirs\/#primaryimage\"},\"thumbnailUrl\":\"https:\/\/www.jessanofis.com.tr\/wp-content\/uploads\/2023\/03\/jessan-takim-arabasi-5-cekmeceli-metal-celik-2.jpg\",\"datePublished\":\"2023-03-02T15:26:45+00:00\",\"dateModified\":\"2024-01-26T01:12:55+00:00\",\"breadcrumb\":{\"@id\":\"https:\/\/www.jessanofis.com.tr\/fr\/urun\/servante-datelier-mobile-5-tiroirs\/#breadcrumb\"},\"inLanguage\":\"fr-FR\",\"potentialAction\":[{\"@type\":\"ReadAction\",\"target\":[\"https:\/\/www.jessanofis.com.tr\/fr\/urun\/servante-datelier-mobile-5-tiroirs\/\"]}]},{\"@type\":\"ImageObject\",\"inLanguage\":\"fr-FR\",\"@id\":\"https:\/\/www.jessanofis.com.tr\/fr\/urun\/servante-datelier-mobile-5-tiroirs\/#primaryimage\",\"url\":\"https:\/\/www.jessanofis.com.tr\/wp-content\/uploads\/2023\/03\/jessan-takim-arabasi-5-cekmeceli-metal-celik-2.jpg\",\"contentUrl\":\"https:\/\/www.jessanofis.com.tr\/wp-content\/uploads\/2023\/03\/jessan-takim-arabasi-5-cekmeceli-metal-celik-2.jpg\",\"width\":1000,\"height\":1000,\"caption\":\"Jessan Ofis Mobilya Dek. San. Tic. Ltd. \u015eti. - www.jessanofis.com.tr\"},{\"@type\":\"BreadcrumbList\",\"@id\":\"https:\/\/www.jessanofis.com.tr\/fr\/urun\/servante-datelier-mobile-5-tiroirs\/#breadcrumb\",\"itemListElement\":[{\"@type\":\"ListItem\",\"position\":1,\"name\":\"Ana sayfa\",\"item\":\"https:\/\/www.jessanofis.com.tr\/fr\/\"},{\"@type\":\"ListItem\",\"position\":2,\"name\":\"Produits\",\"item\":\"https:\/\/www.jessanofis.com.tr\/fr\/shop\/\"},{\"@type\":\"ListItem\",\"position\":3,\"name\":\"Servante D&#8217;atelier Mobile, 5 Tiroirs\"}]},{\"@type\":\"WebSite\",\"@id\":\"https:\/\/www.jessanofis.com.tr\/fr\/#website\",\"url\":\"https:\/\/www.jessanofis.com.tr\/fr\/\",\"name\":\"Jessan Metal Ofis Dolaplar\u0131\",\"description\":\"En \u0130yi Kalite ve Uygun Fiyatlarla Standart Soyunma Dolaplar\u0131 Klas\u00f6r Dolaplar\u0131 Dosya ve Ecza Dolaplar\u0131 \u00d6\u011fretmen ve Telefon Dolaplar\u0131 Personel Temizlik Dolaplar\u0131 Ranza ve Raf Sistemleri Emanet Dolaplar\u0131 \u00dcretimi ve Sat\u0131\u015f\u0131 Yapmaktay\u0131z.\",\"publisher\":{\"@id\":\"https:\/\/www.jessanofis.com.tr\/fr\/#organization\"},\"potentialAction\":[{\"@type\":\"SearchAction\",\"target\":{\"@type\":\"EntryPoint\",\"urlTemplate\":\"https:\/\/www.jessanofis.com.tr\/fr\/?s={search_term_string}\"},\"query-input\":{\"@type\":\"PropertyValueSpecification\",\"valueRequired\":true,\"valueName\":\"search_term_string\"}}],\"inLanguage\":\"fr-FR\"},{\"@type\":\"Organization\",\"@id\":\"https:\/\/www.jessanofis.com.tr\/fr\/#organization\",\"name\":\"Jessan Metal Ofis Dolaplar\u0131\",\"url\":\"https:\/\/www.jessanofis.com.tr\/fr\/\",\"logo\":{\"@type\":\"ImageObject\",\"inLanguage\":\"fr-FR\",\"@id\":\"https:\/\/www.jessanofis.com.tr\/fr\/#\/schema\/logo\/image\/\",\"url\":\"https:\/\/www.jessanofis.com.tr\/wp-content\/uploads\/2025\/03\/logo-600x600-1.jpg\",\"contentUrl\":\"https:\/\/www.jessanofis.com.tr\/wp-content\/uploads\/2025\/03\/logo-600x600-1.jpg\",\"width\":600,\"height\":600,\"caption\":\"Jessan Metal Ofis Dolaplar\u0131\"},\"image\":{\"@id\":\"https:\/\/www.jessanofis.com.tr\/fr\/#\/schema\/logo\/image\/\"},\"sameAs\":[\"https:\/\/www.facebook.com\/jessanofismobilya\/\",\"https:\/\/www.linkedin.com\/company\/jessanofis\"]}]}<\/script>\n<!-- \/ Yoast SEO Premium plugin. -->","yoast_head_json":{"title":"Servante D'atelier Mobile, 5 Tiroirs - Jessan Ofis ve B\u00fcro Mobilyalar\u0131","robots":{"index":"index","follow":"follow","max-snippet":"max-snippet:-1","max-image-preview":"max-image-preview:large","max-video-preview":"max-video-preview:-1"},"canonical":"https:\/\/www.jessanofis.com.tr\/fr\/urun\/servante-datelier-mobile-5-tiroirs\/","og_locale":"fr_FR","og_type":"article","og_title":"Servante D'atelier Mobile, 5 Tiroirs","og_description":"Sp\u00e9cifications techniques du produit : H950xL600xP450 mm. 43 kg sans les accessoires. Mat\u00e9riau en feuilles DKP et HRP (0,80 - 1,20 mm). Peinture en poudre \u00e9lectrostatique. CORPS RAL9005 (NOIR). Tiroirs RAL 7040 GRIS. 600x450 mm Dimensions de la table. Table en ABS 5 mm 1.Qualit\u00e9 Matte Abs. Jeu de roues de type industriel moyen (R100) (1 pi\u00e8ce avec frein, 1 pi\u00e8ce mobile, 2 pi\u00e8ces fixes). Dimensions des tiroirs : 4 pi\u00e8ces de 120 tiroirs. 1 pi\u00e8ce de 200 tiroirs  Caract\u00e9ristiques g\u00e9n\u00e9rales :  Il est con\u00e7u pour \u00eatre utilis\u00e9 sans probl\u00e8me dans des environnements difficiles. Tous les tiroirs et toutes les portes sont verrouillables. Un syst\u00e8me de verrouillage \u00e0 poussoir est utilis\u00e9 pour emp\u00eacher les tiroirs de s'ouvrir spontan\u00e9ment. Les tiroirs sont \u00e9quip\u00e9s d'un rail t\u00e9lescopique M\u0130NNES \u00e0 %100 d'ouverture. La capacit\u00e9 de charge par tiroir est de 50 kg. Un processus de phosphatation est appliqu\u00e9 avant la peinture pour une plus grande durabilit\u00e9 de la peinture. Un rev\u00eatement en poudre rugueuse est utilis\u00e9 pour fournir la plus grande r\u00e9sistance aux chocs et aux \u00e9raflures.","og_url":"https:\/\/www.jessanofis.com.tr\/fr\/urun\/servante-datelier-mobile-5-tiroirs\/","og_site_name":"Jessan Ofis ve B\u00fcro Mobilyalar\u0131","article_publisher":"https:\/\/www.facebook.com\/jessanofismobilya\/","article_modified_time":"2024-01-26T01:12:55+00:00","og_image":[{"width":1000,"height":1000,"url":"https:\/\/www.jessanofis.com.tr\/wp-content\/uploads\/2023\/03\/jessan-takim-arabasi-5-cekmeceli-metal-celik-2.jpg","type":"image\/jpeg"}],"twitter_card":"summary_large_image","twitter_misc":{"Dur\u00e9e de lecture estim\u00e9e":"1 minute"},"schema":{"@context":"https:\/\/schema.org","@graph":[{"@type":["WebPage","ItemPage"],"@id":"https:\/\/www.jessanofis.com.tr\/fr\/urun\/servante-datelier-mobile-5-tiroirs\/","url":"https:\/\/www.jessanofis.com.tr\/fr\/urun\/servante-datelier-mobile-5-tiroirs\/","name":"Servante D'atelier Mobile, 5 Tiroirs - Jessan Ofis ve B\u00fcro Mobilyalar\u0131","isPartOf":{"@id":"https:\/\/www.jessanofis.com.tr\/fr\/#website"},"primaryImageOfPage":{"@id":"https:\/\/www.jessanofis.com.tr\/fr\/urun\/servante-datelier-mobile-5-tiroirs\/#primaryimage"},"image":{"@id":"https:\/\/www.jessanofis.com.tr\/fr\/urun\/servante-datelier-mobile-5-tiroirs\/#primaryimage"},"thumbnailUrl":"https:\/\/www.jessanofis.com.tr\/wp-content\/uploads\/2023\/03\/jessan-takim-arabasi-5-cekmeceli-metal-celik-2.jpg","datePublished":"2023-03-02T15:26:45+00:00","dateModified":"2024-01-26T01:12:55+00:00","breadcrumb":{"@id":"https:\/\/www.jessanofis.com.tr\/fr\/urun\/servante-datelier-mobile-5-tiroirs\/#breadcrumb"},"inLanguage":"fr-FR","potentialAction":[{"@type":"ReadAction","target":["https:\/\/www.jessanofis.com.tr\/fr\/urun\/servante-datelier-mobile-5-tiroirs\/"]}]},{"@type":"ImageObject","inLanguage":"fr-FR","@id":"https:\/\/www.jessanofis.com.tr\/fr\/urun\/servante-datelier-mobile-5-tiroirs\/#primaryimage","url":"https:\/\/www.jessanofis.com.tr\/wp-content\/uploads\/2023\/03\/jessan-takim-arabasi-5-cekmeceli-metal-celik-2.jpg","contentUrl":"https:\/\/www.jessanofis.com.tr\/wp-content\/uploads\/2023\/03\/jessan-takim-arabasi-5-cekmeceli-metal-celik-2.jpg","width":1000,"height":1000,"caption":"Jessan Ofis Mobilya Dek. San. Tic. Ltd. \u015eti. - www.jessanofis.com.tr"},{"@type":"BreadcrumbList","@id":"https:\/\/www.jessanofis.com.tr\/fr\/urun\/servante-datelier-mobile-5-tiroirs\/#breadcrumb","itemListElement":[{"@type":"ListItem","position":1,"name":"Ana sayfa","item":"https:\/\/www.jessanofis.com.tr\/fr\/"},{"@type":"ListItem","position":2,"name":"Produits","item":"https:\/\/www.jessanofis.com.tr\/fr\/shop\/"},{"@type":"ListItem","position":3,"name":"Servante D&#8217;atelier Mobile, 5 Tiroirs"}]},{"@type":"WebSite","@id":"https:\/\/www.jessanofis.com.tr\/fr\/#website","url":"https:\/\/www.jessanofis.com.tr\/fr\/","name":"Jessan Metal Ofis Dolaplar\u0131","description":"En \u0130yi Kalite ve Uygun Fiyatlarla Standart Soyunma Dolaplar\u0131 Klas\u00f6r Dolaplar\u0131 Dosya ve Ecza Dolaplar\u0131 \u00d6\u011fretmen ve Telefon Dolaplar\u0131 Personel Temizlik Dolaplar\u0131 Ranza ve Raf Sistemleri Emanet Dolaplar\u0131 \u00dcretimi ve Sat\u0131\u015f\u0131 Yapmaktay\u0131z.","publisher":{"@id":"https:\/\/www.jessanofis.com.tr\/fr\/#organization"},"potentialAction":[{"@type":"SearchAction","target":{"@type":"EntryPoint","urlTemplate":"https:\/\/www.jessanofis.com.tr\/fr\/?s={search_term_string}"},"query-input":{"@type":"PropertyValueSpecification","valueRequired":true,"valueName":"search_term_string"}}],"inLanguage":"fr-FR"},{"@type":"Organization","@id":"https:\/\/www.jessanofis.com.tr\/fr\/#organization","name":"Jessan Metal Ofis Dolaplar\u0131","url":"https:\/\/www.jessanofis.com.tr\/fr\/","logo":{"@type":"ImageObject","inLanguage":"fr-FR","@id":"https:\/\/www.jessanofis.com.tr\/fr\/#\/schema\/logo\/image\/","url":"https:\/\/www.jessanofis.com.tr\/wp-content\/uploads\/2025\/03\/logo-600x600-1.jpg","contentUrl":"https:\/\/www.jessanofis.com.tr\/wp-content\/uploads\/2025\/03\/logo-600x600-1.jpg","width":600,"height":600,"caption":"Jessan Metal Ofis Dolaplar\u0131"},"image":{"@id":"https:\/\/www.jessanofis.com.tr\/fr\/#\/schema\/logo\/image\/"},"sameAs":["https:\/\/www.facebook.com\/jessanofismobilya\/","https:\/\/www.linkedin.com\/company\/jessanofis"]}]}},"_links":{"self":[{"href":"https:\/\/www.jessanofis.com.tr\/fr\/wp-json\/wp\/v2\/product\/14020","targetHints":{"allow":["GET"]}}],"collection":[{"href":"https:\/\/www.jessanofis.com.tr\/fr\/wp-json\/wp\/v2\/product"}],"about":[{"href":"https:\/\/www.jessanofis.com.tr\/fr\/wp-json\/wp\/v2\/types\/product"}],"wp:featuredmedia":[{"embeddable":true,"href":"https:\/\/www.jessanofis.com.tr\/fr\/wp-json\/wp\/v2\/media\/12410"}],"wp:attachment":[{"href":"https:\/\/www.jessanofis.com.tr\/fr\/wp-json\/wp\/v2\/media?parent=14020"}],"wp:term":[{"taxonomy":"product_brand","embeddable":true,"href":"https:\/\/www.jessanofis.com.tr\/fr\/wp-json\/wp\/v2\/product_brand?post=14020"},{"taxonomy":"product_cat","embeddable":true,"href":"https:\/\/www.jessanofis.com.tr\/fr\/wp-json\/wp\/v2\/product_cat?post=14020"},{"taxonomy":"product_tag","embeddable":true,"href":"https:\/\/www.jessanofis.com.tr\/fr\/wp-json\/wp\/v2\/product_tag?post=14020"}],"curies":[{"name":"wp","href":"https:\/\/api.w.org\/{rel}","templated":true}]}}